{"id":1093400,"date":"2026-03-28T12:00:02","date_gmt":"2026-03-28T11:00:02","guid":{"rendered":"https:\/\/www.claret.cat\/llibre\/es-el-es-ella-9788417855581\/"},"modified":"2026-04-08T13:06:12","modified_gmt":"2026-04-08T11:06:12","slug":"es-el-es-ella-9788417855581","status":"publish","type":"product","link":"https:\/\/www.claret.cat\/es\/libro\/es-el-es-ella-9788417855581\/","title":{"rendered":"\u00a1ES \u00c9L! \u00a1ES ELLA!"},"content":{"rendered":"<p>\u00ab No temas, porque est\u00e1 destinada para ti desde la eternidad \u00bb Tob\u00edas 6, 18<\/p>\n<p> Este peque\u00f1o tratado espiritual es una valiosa br\u00fajula para quien quiere prepararse y reconocer al gran amor de su vida. Profundiza en la belleza del amor cuando es verdadero, cuando es aut\u00e9ntico, es decir, aquel que es para siempre, profundo, duradero y fundador. Un amor que se multiplica, que da vida y se transmite de generaci\u00f3n en generaci\u00f3n. Por eso es tan importante acertar en la elecci\u00f3n de la persona con la que compartiremos nuestra vida.<br \/> Para ello, el autor nos ofrece siete caracter\u00edsticas determinantes para discernir y comprobar que, si los sentimientos est\u00e1n seguros, la raz\u00f3n tambi\u00e9n lo est\u00e9. Los numerosos ejemplos de matrimonios admirables y santos presentados, son un precioso tesoro que gu\u00eda nuestro camino. Ellos nos invitan a dejar atr\u00e1s, nuestra pereza y comodidad, y a salir a caminar sin miedo por el camino del Se\u00f1or.<\/p>\n<p> \u00ab Cuando dos seres, que se han esperado durante mucho tiempo, se han encontrado por fin, pueden comprobar que son compatibles, solidarios y complementarios\u2026 \u00bb<\/p>\n","protected":false},"excerpt":{"rendered":"<p>DAMI\u00c1N S\u00c1NCHEZ<\/p>\n","protected":false},"featured_media":1093401,"template":"","meta":{"_acf_changed":false,"om_disable_all_campaigns":false,"rs_blank_template":"","rs_page_bg_color":"","slide_template_v7":"","inline_featured_image":false,"_monsterinsights_skip_tracking":false,"_monsterinsights_sitenote_active":false,"_monsterinsights_sitenote_note":"","_monsterinsights_sitenote_category":0},"product_brand":[],"product_cat":[485,232,237,488],"product_tag":[],"class_list":{"0":"post-1093400","1":"product","2":"type-product","3":"status-publish","4":"has-post-thumbnail","6":"product_cat-autores-espiritualidad-1_espiritualidad","7":"product_cat-autors-espiritualitat","8":"product_cat-cami-de-perfeccionament","9":"product_cat-camino-de-perfeccionamiento","11":"first","12":"instock","13":"taxable","14":"shipping-taxable","15":"purchasable","16":"product-type-simple"},"acf":{"autor":"DAMI\u00c1N S\u00c1NCHEZ","codart":"841785558","libros-coleccion":"","ediciones":"1","encuadernacion":"R\u00fastica","fecha_de_publicacion":"01\/01\/2026","novedad":"1","paginas":"90","subtitulo":"Y DIOS TEN\u00cdA A ALGUIEN PREPARADO PARA M\u00cd...","orden":"0","portada":"0","idioma":"spa","booktrailer":"","resenas":"","editorial":[{"ID":147725,"post_author":"3","post_date":"2022-10-14 11:52:45","post_date_gmt":"2022-10-14 09:52:45","post_content":"","post_title":"DIDACBOOK","post_excerpt":"","post_status":"publish","comment_status":"closed","ping_status":"closed","post_password":"","post_name":"didacbook","to_ping":"","pinged":"","post_modified":"2022-10-14 11:52:45","post_modified_gmt":"2022-10-14 09:52:45","post_content_filtered":"","post_parent":0,"guid":"http:\/\/dev.claret.cat\/editorial\/didacbook\/","menu_order":0,"post_type":"editorial","post_mime_type":"","comment_count":"0","filter":"raw"}]},"aioseo_notices":[],"_links":{"self":[{"href":"https:\/\/www.claret.cat\/es\/wp-json\/wp\/v2\/product\/1093400","targetHints":{"allow":["GET"]}}],"collection":[{"href":"https:\/\/www.claret.cat\/es\/wp-json\/wp\/v2\/product"}],"about":[{"href":"https:\/\/www.claret.cat\/es\/wp-json\/wp\/v2\/types\/product"}],"wp:featuredmedia":[{"embeddable":true,"href":"https:\/\/www.claret.cat\/es\/wp-json\/wp\/v2\/media\/1093401"}],"wp:attachment":[{"href":"https:\/\/www.claret.cat\/es\/wp-json\/wp\/v2\/media?parent=1093400"}],"wp:term":[{"taxonomy":"product_brand","embeddable":true,"href":"https:\/\/www.claret.cat\/es\/wp-json\/wp\/v2\/product_brand?post=1093400"},{"taxonomy":"product_cat","embeddable":true,"href":"https:\/\/www.claret.cat\/es\/wp-json\/wp\/v2\/product_cat?post=1093400"},{"taxonomy":"product_tag","embeddable":true,"href":"https:\/\/www.claret.cat\/es\/wp-json\/wp\/v2\/product_tag?post=1093400"}],"curies":[{"name":"wp","href":"https:\/\/api.w.org\/{rel}","templated":true}]}}