{"id":1093455,"date":"2026-03-30T12:45:03","date_gmt":"2026-03-30T10:45:03","guid":{"rendered":"https:\/\/www.claret.cat\/llibre\/minecraft-oficial-atrapa-al-creeper-una-aventura-de-busca-y-encuentra-9788410645622\/"},"modified":"2026-04-23T19:56:05","modified_gmt":"2026-04-23T17:56:05","slug":"minecraft-oficial-atrapa-al-creeper-una-aventura-de-busca-y-encuentra-9788410645622","status":"publish","type":"product","link":"https:\/\/www.claret.cat\/es\/libro\/minecraft-oficial-atrapa-al-creeper-una-aventura-de-busca-y-encuentra-9788410645622\/","title":{"rendered":"MINECRAFT OFICIAL: ATRAPA AL CREEPER (UNA AVENTURA DE BUSCA Y ENCUENTRA)"},"content":{"rendered":"<p>Cinco de los exploradores m\u00e1s intr\u00e9pidos de Minecraft tienen la misi\u00f3n de seguir el rastro a varios mobs de lo m\u00e1s esquivos. La caza no va muy bien y necesitan tu ayuda desesperadamente.\u00danete a la persecuci\u00f3n y recorre el Mundo superior, int\u00e9rnate en el abrasador Inframundo e incluso en el terror\u00edfico End.\u00bfPodr\u00e1s atrapar a estas astutas criaturas?<\/p>\n","protected":false},"excerpt":{"rendered":"<p>MOJANG AB<\/p>\n","protected":false},"featured_media":1093587,"template":"","meta":{"_acf_changed":false,"om_disable_all_campaigns":false,"rs_blank_template":"","rs_page_bg_color":"","slide_template_v7":"","inline_featured_image":false,"_monsterinsights_skip_tracking":false,"_monsterinsights_sitenote_active":false,"_monsterinsights_sitenote_note":"","_monsterinsights_sitenote_category":0},"product_brand":[],"product_cat":[132,362],"product_tag":[],"class_list":{"0":"post-1093455","1":"product","2":"type-product","3":"status-publish","4":"has-post-thumbnail","6":"product_cat-lectures-per-preadolescents-6-12-anys","7":"product_cat-libros-preadolescentes-6-12-anos","9":"first","10":"instock","11":"taxable","12":"shipping-taxable","13":"purchasable","14":"product-type-simple"},"acf":{"autor":"MOJANG AB","codart":"841064562","libros-coleccion":"","ediciones":"1","encuadernacion":"Carton\u00e9","fecha_de_publicacion":"01\/03\/2026","novedad":"1","paginas":"39","subtitulo":"(UNA AVENTURA DE BUSCA Y ENCUENTRA)","orden":"0","portada":"0","idioma":"spa","booktrailer":"","resenas":"","editorial":[{"ID":148249,"post_author":"3","post_date":"2022-10-14 11:56:47","post_date_gmt":"2022-10-14 09:56:47","post_content":"","post_title":"HarperCollins","post_excerpt":"","post_status":"publish","comment_status":"closed","ping_status":"closed","post_password":"","post_name":"harpercollins","to_ping":"","pinged":"","post_modified":"2022-10-14 11:56:47","post_modified_gmt":"2022-10-14 09:56:47","post_content_filtered":"","post_parent":0,"guid":"http:\/\/dev.claret.cat\/editorial\/harpercollins\/","menu_order":0,"post_type":"editorial","post_mime_type":"","comment_count":"0","filter":"raw"}]},"aioseo_notices":[],"_links":{"self":[{"href":"https:\/\/www.claret.cat\/es\/wp-json\/wp\/v2\/product\/1093455","targetHints":{"allow":["GET"]}}],"collection":[{"href":"https:\/\/www.claret.cat\/es\/wp-json\/wp\/v2\/product"}],"about":[{"href":"https:\/\/www.claret.cat\/es\/wp-json\/wp\/v2\/types\/product"}],"wp:featuredmedia":[{"embeddable":true,"href":"https:\/\/www.claret.cat\/es\/wp-json\/wp\/v2\/media\/1093587"}],"wp:attachment":[{"href":"https:\/\/www.claret.cat\/es\/wp-json\/wp\/v2\/media?parent=1093455"}],"wp:term":[{"taxonomy":"product_brand","embeddable":true,"href":"https:\/\/www.claret.cat\/es\/wp-json\/wp\/v2\/product_brand?post=1093455"},{"taxonomy":"product_cat","embeddable":true,"href":"https:\/\/www.claret.cat\/es\/wp-json\/wp\/v2\/product_cat?post=1093455"},{"taxonomy":"product_tag","embeddable":true,"href":"https:\/\/www.claret.cat\/es\/wp-json\/wp\/v2\/product_tag?post=1093455"}],"curies":[{"name":"wp","href":"https:\/\/api.w.org\/{rel}","templated":true}]}}