{"id":1093694,"date":"2026-03-31T13:45:53","date_gmt":"2026-03-31T11:45:53","guid":{"rendered":"https:\/\/www.claret.cat\/llibre\/principe-valiente-19831984-9791388074271\/"},"modified":"2026-04-08T18:10:16","modified_gmt":"2026-04-08T16:10:16","slug":"principe-valiente-19831984-9791388074271","status":"publish","type":"product","link":"https:\/\/www.claret.cat\/es\/libro\/principe-valiente-19831984-9791388074271\/","title":{"rendered":"PR\u00cdNCIPE VALIENTE 1983-1984"},"content":{"rendered":"<p>La misi\u00f3n de Arn concluye con \u00e9xito y el regreso a las Islas de la Bruma del peque\u00f1o Nathan sano y salvo inaugura una nueva \u00e9poca de prosperidad, felicidad y diversi\u00f3n en las tierras del Pr\u00edncipe Valiente. Sin embargo, durante una de sus siguientes aventuras, Val vuelve a cruzar sus caminos con el poderoso Merl\u00edn. El hechicero advierte a Valiente de un peligro inminente y del papel que jugar\u00e1 la joven Maeve en la futura ca\u00edda del reino. <br \/> Finalmente, tras unas semanas de calma tensa, torneos entre escuderos y misteriosos monstruos nocturnos, llega el d\u00eda m\u00e1s temido por el Rey Arturo y su corte. Mordred y sus tropas han regresado y esta vez sus planes de conquista de Camelot aspiran a tener un desenlace tr\u00e1gico.<br \/> Tras la muerte de Hal Foster en verano de 1982, la historia de Valiente continu\u00f3 con nuevas entregas firmadas por John Cullen Murphy y su hijo, Cullen Murphy.<\/p>\n","protected":false},"excerpt":{"rendered":"<p>CULLEN MURPHY<\/p>\n","protected":false},"featured_media":1093695,"template":"","meta":{"_acf_changed":false,"om_disable_all_campaigns":false,"rs_blank_template":"","rs_page_bg_color":"","slide_template_v7":"","inline_featured_image":false,"_monsterinsights_skip_tracking":false,"_monsterinsights_sitenote_active":false,"_monsterinsights_sitenote_note":"","_monsterinsights_sitenote_category":0},"product_brand":[],"product_cat":[108,558],"product_tag":[],"class_list":{"0":"post-1093694","1":"product","2":"type-product","3":"status-publish","4":"has-post-thumbnail","6":"product_cat-comic","7":"product_cat-comic-3_infantil-juvenil-spa-spa","9":"first","10":"instock","11":"taxable","12":"shipping-taxable","13":"purchasable","14":"product-type-simple"},"acf":{"autor":"CULLEN MURPHY","codart":"138807427","libros-coleccion":"","ediciones":"1","encuadernacion":"Carton\u00e9","fecha_de_publicacion":"01\/03\/2026","novedad":"1","paginas":"112","subtitulo":"","orden":"0","portada":"0","idioma":"spa","booktrailer":"","resenas":"","editorial":[{"ID":148672,"post_author":"3","post_date":"2022-10-14 12:00:05","post_date_gmt":"2022-10-14 10:00:05","post_content":"","post_title":"Plan B Publicaciones","post_excerpt":"","post_status":"publish","comment_status":"closed","ping_status":"closed","post_password":"","post_name":"plan-b-publicaciones","to_ping":"","pinged":"","post_modified":"2022-10-14 12:00:05","post_modified_gmt":"2022-10-14 10:00:05","post_content_filtered":"","post_parent":0,"guid":"http:\/\/dev.claret.cat\/editorial\/plan-b-publicaciones\/","menu_order":0,"post_type":"editorial","post_mime_type":"","comment_count":"0","filter":"raw"}]},"aioseo_notices":[],"_links":{"self":[{"href":"https:\/\/www.claret.cat\/es\/wp-json\/wp\/v2\/product\/1093694","targetHints":{"allow":["GET"]}}],"collection":[{"href":"https:\/\/www.claret.cat\/es\/wp-json\/wp\/v2\/product"}],"about":[{"href":"https:\/\/www.claret.cat\/es\/wp-json\/wp\/v2\/types\/product"}],"wp:featuredmedia":[{"embeddable":true,"href":"https:\/\/www.claret.cat\/es\/wp-json\/wp\/v2\/media\/1093695"}],"wp:attachment":[{"href":"https:\/\/www.claret.cat\/es\/wp-json\/wp\/v2\/media?parent=1093694"}],"wp:term":[{"taxonomy":"product_brand","embeddable":true,"href":"https:\/\/www.claret.cat\/es\/wp-json\/wp\/v2\/product_brand?post=1093694"},{"taxonomy":"product_cat","embeddable":true,"href":"https:\/\/www.claret.cat\/es\/wp-json\/wp\/v2\/product_cat?post=1093694"},{"taxonomy":"product_tag","embeddable":true,"href":"https:\/\/www.claret.cat\/es\/wp-json\/wp\/v2\/product_tag?post=1093694"}],"curies":[{"name":"wp","href":"https:\/\/api.w.org\/{rel}","templated":true}]}}