{"id":1093720,"date":"2026-03-31T14:05:22","date_gmt":"2026-03-31T12:05:22","guid":{"rendered":"https:\/\/www.claret.cat\/llibre\/corsario-de-hierro-9788402444905\/"},"modified":"2026-04-08T18:10:10","modified_gmt":"2026-04-08T16:10:10","slug":"corsario-de-hierro-9788402444905","status":"publish","type":"product","link":"https:\/\/www.claret.cat\/es\/libro\/corsario-de-hierro-9788402444905\/","title":{"rendered":"CORSARIO DE HIERRO"},"content":{"rendered":"<p>EDICI\u00d3N DE LUJO, LIMITADA Y NUMERADA. Con este volumen damos un paso m\u00e1s en el recorrido por la saga del Corsario de Hierro, uno de los personajes m\u00e1s singulares y queridos de la historieta espa\u00f1ola. A lo largo de estas p\u00e1ginas regresamos a su inagotable mundo de mares traicioneros, intrigas, misterios y personajes inolvidables; un universo que V\u00edctor Mora y Ambr\u00f3s levantaron con talento, imaginaci\u00f3n y un sentido de la aventura que contin\u00faa sorprendiendo a las nuevas generaciones. El tomo que tienes entre las manos re\u00fane diez nuevas aventuras publicadas entre 1975 y 1977 en la revista Mortadelo y, posteriormente, en 1978, en la serie Joyas Literarias Juveniles, Serie Roja: \u00abEl desquite de Zarango\u00bb, \u00abLa isla de los zombis\u00bb, \u00abEl hechizo de Ogambo\u00bb, \u00abLa ribera de Nunca M\u00e1s\u00bb, \u00abLa lucha en Mayapil\u00bb, \u00abLa z\u00edngara de Venecia\u00bb, \u00abLa aldea embrujada \u00bb, \u00abLa boda de Benburry\u00bb, \u00abLa dama de Winterpoole \u00bb y \u00abLa ciudad sitiada\u00bb. En ellas encontramos desde parajes ex\u00f3ticos hasta conspiraciones cortesanas, pasando por episodios marcados por el misterio, el humor o el puro esp\u00edritu aventurero.<\/p>\n","protected":false},"excerpt":{"rendered":"<p>AMBROS\/MORA, VICTOR<\/p>\n","protected":false},"featured_media":1093721,"template":"","meta":{"_acf_changed":false,"om_disable_all_campaigns":false,"rs_blank_template":"","rs_page_bg_color":"","slide_template_v7":"","inline_featured_image":false,"_monsterinsights_skip_tracking":false,"_monsterinsights_sitenote_active":false,"_monsterinsights_sitenote_note":"","_monsterinsights_sitenote_category":0},"product_brand":[],"product_cat":[108,558],"product_tag":[],"class_list":{"0":"post-1093720","1":"product","2":"type-product","3":"status-publish","4":"has-post-thumbnail","6":"product_cat-comic","7":"product_cat-comic-3_infantil-juvenil-spa-spa","9":"first","10":"instock","11":"taxable","12":"shipping-taxable","13":"purchasable","14":"product-type-simple"},"acf":{"autor":"AMBROS\/MORA, VICTOR","codart":"840244490","libros-coleccion":"","ediciones":"1","encuadernacion":"Carton\u00e9","fecha_de_publicacion":"01\/01\/2026","novedad":"1","paginas":"368","subtitulo":"LA ISLA DE LOS ZOMBIS Y OTRAS AVENTURAS","orden":"0","portada":"0","idioma":"spa","booktrailer":"","resenas":"","editorial":[{"ID":147572,"post_author":"3","post_date":"2022-10-14 11:51:36","post_date_gmt":"2022-10-14 09:51:36","post_content":"","post_title":"BRUGUERA, EDITORIAL","post_excerpt":"","post_status":"publish","comment_status":"closed","ping_status":"closed","post_password":"","post_name":"bruguera-editorial","to_ping":"","pinged":"","post_modified":"2022-10-14 11:51:36","post_modified_gmt":"2022-10-14 09:51:36","post_content_filtered":"","post_parent":0,"guid":"http:\/\/dev.claret.cat\/editorial\/bruguera-editorial\/","menu_order":0,"post_type":"editorial","post_mime_type":"","comment_count":"0","filter":"raw"}]},"aioseo_notices":[],"_links":{"self":[{"href":"https:\/\/www.claret.cat\/es\/wp-json\/wp\/v2\/product\/1093720","targetHints":{"allow":["GET"]}}],"collection":[{"href":"https:\/\/www.claret.cat\/es\/wp-json\/wp\/v2\/product"}],"about":[{"href":"https:\/\/www.claret.cat\/es\/wp-json\/wp\/v2\/types\/product"}],"wp:featuredmedia":[{"embeddable":true,"href":"https:\/\/www.claret.cat\/es\/wp-json\/wp\/v2\/media\/1093721"}],"wp:attachment":[{"href":"https:\/\/www.claret.cat\/es\/wp-json\/wp\/v2\/media?parent=1093720"}],"wp:term":[{"taxonomy":"product_brand","embeddable":true,"href":"https:\/\/www.claret.cat\/es\/wp-json\/wp\/v2\/product_brand?post=1093720"},{"taxonomy":"product_cat","embeddable":true,"href":"https:\/\/www.claret.cat\/es\/wp-json\/wp\/v2\/product_cat?post=1093720"},{"taxonomy":"product_tag","embeddable":true,"href":"https:\/\/www.claret.cat\/es\/wp-json\/wp\/v2\/product_tag?post=1093720"}],"curies":[{"name":"wp","href":"https:\/\/api.w.org\/{rel}","templated":true}]}}