{"id":1094030,"date":"2026-04-01T14:20:42","date_gmt":"2026-04-01T12:20:42","guid":{"rendered":"https:\/\/www.claret.cat\/llibre\/ciencias-del-comportamiento-9781387869008\/"},"modified":"2026-04-07T17:41:16","modified_gmt":"2026-04-07T15:41:16","slug":"ciencias-del-comportamiento-9791387869007","status":"publish","type":"product","link":"https:\/\/www.claret.cat\/es\/libro\/ciencias-del-comportamiento-9791387869007\/","title":{"rendered":"CIENCIAS DEL COMPORTAMIENTO"},"content":{"rendered":"<p>UN LIBRO PARA ANALIZAR, CONOCER E INFLUIR EN LOS DEM\u00c1S A TRAV\u00c9S DE LA COMUNICACI\u00d3N, LA NEUROCIENCIA Y LA PSICOLOG\u00cdA.<\/p>\n<p>\u00bfSab\u00edas que, seg\u00fan un estudio de la revista Science, decimos unas 16.000 palabras diarias? En cambio, el lenguaje corporal est\u00e1 activo las veinticuatro horas del d\u00eda. Aunque parezca mentira, comunicamos m\u00e1s por lo que callamos que por lo que decimos.<\/p>\n<p>Juan Manuel \u2018Pincho\u2019, experto en ciencias del comportamiento, comunicaci\u00f3n no consciente y negociaci\u00f3n de incidentes cr\u00edticos, te ofrece su m\u00e9todo para que puedas aplicarlo en tu d\u00eda a d\u00eda y salir victorioso de todas las situaciones que se te pongan por delante: una entrevista o una presentaci\u00f3n de trabajo, una reuni\u00f3n de vecinos, una discusi\u00f3n con tu pareja&#8230; Existen muchos mitos alrededor de las ciencias del comportamiento y la mayor parte de ellos caen en la simplificaci\u00f3n excesiva. Porque tocarte la nariz no siempre significa que est\u00e9s mintiendo ni cruzarte de brazos que seas distante.<\/p>\n<p>Con Ciencias del comportamiento aprender\u00e1s a analizar los gestos, las microexpresiones y el comportamiento humano para leer a las personas en una sociedad hiperconectada pero llena de malentendidos.<\/p>\n<p>\u00abEste libro no es solo una recopilaci\u00f3n de teor\u00edas sobre la comunicaci\u00f3n no consciente. Es un viaje hacia un conocimiento m\u00e1s profundo de uno mismo y de los dem\u00e1s, una exploraci\u00f3n de las dimensiones m\u00e1s sutiles de la comunicaci\u00f3n humana.\u00bb Del pr\u00f3logo de CHRISTIAN G\u00c1LVEZ<\/p>\n","protected":false},"excerpt":{"rendered":"<p>JUAN MANUEL GARC\u00cdA &#8216;PINCHO<\/p>\n","protected":false},"featured_media":1094221,"template":"","meta":{"_acf_changed":false,"om_disable_all_campaigns":false,"rs_blank_template":"","rs_page_bg_color":"","slide_template_v7":"","inline_featured_image":false,"_monsterinsights_skip_tracking":false,"_monsterinsights_sitenote_active":false,"_monsterinsights_sitenote_note":"","_monsterinsights_sitenote_category":0},"product_brand":[],"product_cat":[376,178],"product_tag":[],"class_list":{"0":"post-1094030","1":"product","2":"type-product","3":"status-publish","4":"has-post-thumbnail","6":"product_cat-autores-psicologia-2_humanidades","7":"product_cat-autors-psicologia","9":"first","10":"instock","11":"taxable","12":"shipping-taxable","13":"purchasable","14":"product-type-simple"},"acf":{"autor":"JUAN MANUEL GARC\u00cdA 'PINCHO","codart":"138786900","libros-coleccion":"","ediciones":"8","encuadernacion":"Carpeta","fecha_de_publicacion":"01\/09\/2025","novedad":"1","paginas":"375","subtitulo":"","orden":"0","portada":"0","idioma":"spa","booktrailer":"","resenas":"","editorial":[{"ID":148677,"post_author":"3","post_date":"2022-10-14 12:00:07","post_date_gmt":"2022-10-14 10:00:07","post_content":"","post_title":"PLANETA GIFTS","post_excerpt":"","post_status":"publish","comment_status":"closed","ping_status":"closed","post_password":"","post_name":"planeta-gifts","to_ping":"","pinged":"","post_modified":"2022-10-14 12:00:07","post_modified_gmt":"2022-10-14 10:00:07","post_content_filtered":"","post_parent":0,"guid":"http:\/\/dev.claret.cat\/editorial\/planeta-gifts\/","menu_order":0,"post_type":"editorial","post_mime_type":"","comment_count":"0","filter":"raw"}]},"aioseo_notices":[],"_links":{"self":[{"href":"https:\/\/www.claret.cat\/es\/wp-json\/wp\/v2\/product\/1094030","targetHints":{"allow":["GET"]}}],"collection":[{"href":"https:\/\/www.claret.cat\/es\/wp-json\/wp\/v2\/product"}],"about":[{"href":"https:\/\/www.claret.cat\/es\/wp-json\/wp\/v2\/types\/product"}],"wp:featuredmedia":[{"embeddable":true,"href":"https:\/\/www.claret.cat\/es\/wp-json\/wp\/v2\/media\/1094221"}],"wp:attachment":[{"href":"https:\/\/www.claret.cat\/es\/wp-json\/wp\/v2\/media?parent=1094030"}],"wp:term":[{"taxonomy":"product_brand","embeddable":true,"href":"https:\/\/www.claret.cat\/es\/wp-json\/wp\/v2\/product_brand?post=1094030"},{"taxonomy":"product_cat","embeddable":true,"href":"https:\/\/www.claret.cat\/es\/wp-json\/wp\/v2\/product_cat?post=1094030"},{"taxonomy":"product_tag","embeddable":true,"href":"https:\/\/www.claret.cat\/es\/wp-json\/wp\/v2\/product_tag?post=1094030"}],"curies":[{"name":"wp","href":"https:\/\/api.w.org\/{rel}","templated":true}]}}