{"id":1094072,"date":"2026-04-01T14:59:32","date_gmt":"2026-04-01T12:59:32","guid":{"rendered":"https:\/\/www.claret.cat\/llibre\/la-cocina-china-ilustrada-9788419483836\/"},"modified":"2026-04-22T18:40:33","modified_gmt":"2026-04-22T16:40:33","slug":"la-cocina-china-ilustrada-9788419483836","status":"publish","type":"product","link":"https:\/\/www.claret.cat\/es\/libro\/la-cocina-china-ilustrada-9788419483836\/","title":{"rendered":"LA COCINA CHINA ILUSTRADA"},"content":{"rendered":"<p>\u00a1Un libro completamente ilustrado para saberlo todo sobre la cocina china!Despu\u00e9s de La cocina japonesa ilustrada y La cocina coreana ilustrada, este nuevo t\u00edtulo de la colecci\u00f3n nos invita a viajar a China a trav\u00e9s de sus sabores, sus mercados y sus tradiciones. La cocina china ilustrada es mucho m\u00e1s que un recetario, es una puerta a una cultura en la que la comida forma parte de la vida cotidiana, de las celebraciones y tambi\u00e9n del cuidado del cuerpo y del esp\u00edritu.Entre recetas, an\u00e9cdotas y mapas, el libro recorre los grandes pilares de esta gastronom\u00eda milenaria. \u00bfCu\u00e1les son los ingredientes b\u00e1sicos que no pueden faltar en una cocina china? \u00bfQu\u00e9 platos simbolizan la prosperidad durante el A\u00f1o Nuevo? \u00bfC\u00f3mo se prepara un buen arroz frito tres delicias? \u00bfQu\u00e9 es el yangsheng? \u00bfQu\u00e9 se puede probar en un puesto de comida callejera?Y, por supuesto, re\u00fane un amplio recetario con propuestas como fideos de arroz salteados con ternera, hot pot de setas para compartir, dumplings, rollitos de primavera crujientes, sopas reconfortantes, pasteles esponjosos al vapor y muchas otras especialidades. Todas ellas explicadas paso a paso y acompa\u00f1adas de ilustraciones que ayudan a comprender t\u00e9cnicas, gestos y utensilios como el wok o la vaporera de bamb\u00fa.Did\u00e1ctico y cercano, este volumen rinde homenaje a la diversidad culinaria china y ofrece todas las claves para entender no solo c\u00f3mo se cocina, sino tambi\u00e9n c\u00f3mo se vive y se comparte la comida en China.<\/p>\n","protected":false},"excerpt":{"rendered":"<p>MARGOT ZHANG<\/p>\n","protected":false},"featured_media":1094209,"template":"","meta":{"_acf_changed":false,"om_disable_all_campaigns":false,"rs_blank_template":"","rs_page_bg_color":"","slide_template_v7":"","inline_featured_image":false,"_monsterinsights_skip_tracking":false,"_monsterinsights_sitenote_active":false,"_monsterinsights_sitenote_note":"","_monsterinsights_sitenote_category":0},"product_brand":[],"product_cat":[553,103],"product_tag":[],"class_list":{"0":"post-1094072","1":"product","2":"type-product","3":"status-publish","4":"has-post-thumbnail","6":"product_cat-cocina","7":"product_cat-cuina","9":"first","10":"instock","11":"taxable","12":"shipping-taxable","13":"purchasable","14":"product-type-simple"},"acf":{"autor":"MARGOT ZHANG","codart":"841948383","libros-coleccion":"","ediciones":"1","encuadernacion":"R\u00fastica","fecha_de_publicacion":"01\/03\/2026","novedad":"1","paginas":"128","subtitulo":"","orden":"0","portada":"0","idioma":"spa","booktrailer":"","resenas":"","editorial":[{"ID":6165,"post_author":"3","post_date":"2022-07-28 17:46:17","post_date_gmt":"2022-07-28 15:46:17","post_content":"","post_title":"Col&Col Ediciones","post_excerpt":"","post_status":"publish","comment_status":"closed","ping_status":"closed","post_password":"","post_name":"colcol-ediciones","to_ping":"","pinged":"","post_modified":"2022-07-28 17:46:17","post_modified_gmt":"2022-07-28 15:46:17","post_content_filtered":"","post_parent":0,"guid":"http:\/\/dev.claret.cat\/editorial\/colcol-ediciones\/","menu_order":0,"post_type":"editorial","post_mime_type":"","comment_count":"0","filter":"raw"}]},"aioseo_notices":[],"_links":{"self":[{"href":"https:\/\/www.claret.cat\/es\/wp-json\/wp\/v2\/product\/1094072","targetHints":{"allow":["GET"]}}],"collection":[{"href":"https:\/\/www.claret.cat\/es\/wp-json\/wp\/v2\/product"}],"about":[{"href":"https:\/\/www.claret.cat\/es\/wp-json\/wp\/v2\/types\/product"}],"wp:featuredmedia":[{"embeddable":true,"href":"https:\/\/www.claret.cat\/es\/wp-json\/wp\/v2\/media\/1094209"}],"wp:attachment":[{"href":"https:\/\/www.claret.cat\/es\/wp-json\/wp\/v2\/media?parent=1094072"}],"wp:term":[{"taxonomy":"product_brand","embeddable":true,"href":"https:\/\/www.claret.cat\/es\/wp-json\/wp\/v2\/product_brand?post=1094072"},{"taxonomy":"product_cat","embeddable":true,"href":"https:\/\/www.claret.cat\/es\/wp-json\/wp\/v2\/product_cat?post=1094072"},{"taxonomy":"product_tag","embeddable":true,"href":"https:\/\/www.claret.cat\/es\/wp-json\/wp\/v2\/product_tag?post=1094072"}],"curies":[{"name":"wp","href":"https:\/\/api.w.org\/{rel}","templated":true}]}}