{"id":1094084,"date":"2026-04-01T16:06:33","date_gmt":"2026-04-01T14:06:33","guid":{"rendered":"https:\/\/www.claret.cat\/llibre\/deadwood-oro-revolveres-y-whisky-en-el-salvaje-oeste-9791399078817\/"},"modified":"2026-04-16T19:05:28","modified_gmt":"2026-04-16T17:05:28","slug":"deadwood-oro-revolveres-y-whisky-en-el-salvaje-oeste-9791399078817","status":"publish","type":"product","link":"https:\/\/www.claret.cat\/es\/libro\/deadwood-oro-revolveres-y-whisky-en-el-salvaje-oeste-9791399078817\/","title":{"rendered":"DEADWOOD. ORO, REV\u00d3LVERES Y WHISKY EN EL SALVAJE OESTE"},"content":{"rendered":"<p>Deadwood fue descrita en su d\u00eda como \u00abla ciudad m\u00e1s diab\u00f3lica sobre la faz de la tierra\u00bb, un ombligo de pecado que emergi\u00f3 a comienzos de 1876 en las Black Hills (Dakota del Sur), excrecencia de la fiebre del oro que convoc\u00f3 all\u00ed a miles de mineros, buscavidas, pistoleros, prostitutas y mercachifles. Una ciudad de barracas infectas, de saloons donde corr\u00eda el alcohol y de habitantes de dudosa moralidad y de gatillo f\u00e1cil, pero que apenas tres a\u00f1os despu\u00e9s fue asolada por un pavoroso incendio, cual purificador castigo b\u00edblico. Un lugar destinado a alimentar la imaginaci\u00f3n y la m\u00edstica del salvaje Oeste, poblado de personajes legendarios desde Wild Bill Hickok, Calamity Jane o Caballo Loco.<\/p>\n<p> Peter Cozzens, autor del aclamado La tierra llora, ha desnudado minuciosamente capas y capas de mitos y leyendas \u2013desde novelas baratas del siglo XIX como Deadwood Dick, hasta la exitosa serie dram\u00e1tica de HBO, pasando por las vallas publicitarias de los casinos de la actual Deadwood\u2013 para desvelar la verdadera historia de Deadwood, alejada del romanticismo con el que Estados Unidos ha cimentado ese mito fundacional que es la conquista del Oeste. Erigida en tierras robadas descaradamente a los lakotas, Deadwood no era solo un lugar donde acechaban los forajidos, como Tombstone o Dodge City, sino que era en s\u00ed misma una empresa al margen de la ley, situada fuera del territorio estadounidense y que no se sujetaba ni a las leyes ni al Gobierno de Estados Unidos: era el rev\u00f3lver quien imperaba. Una falta de normas que, por otra parte, foment\u00f3 una autosuficiencia y un esp\u00edritu de cooperaci\u00f3n propios de la frontera y que convirti\u00f3 a Deadwood en un lugar excepcionalmente acogedor para los afroamericanos y los inmigrantes chinos en una \u00e9poca de profunda discriminaci\u00f3n. <\/p>\n<p> Deadwood revela c\u00f3mo una ciudad fronteriza lleg\u00f3 a encarnar lo mejor y lo peor del salvaje Oeste: un ejemplo del eterno reto de la humanidad para crear orden a partir del caos, de superar la codicia individual en pos del bien colectivo y de conseguir seguridad y superar la violencia, entre tiroteos, asaltos a diligencias y whisky a raudales.<\/p>\n","protected":false},"excerpt":{"rendered":"<p>PETER COZZENS<\/p>\n","protected":false},"featured_media":1094115,"template":"","meta":{"_acf_changed":false,"om_disable_all_campaigns":false,"rs_blank_template":"","rs_page_bg_color":"","slide_template_v7":"","inline_featured_image":false,"_monsterinsights_skip_tracking":false,"_monsterinsights_sitenote_active":false,"_monsterinsights_sitenote_note":"","_monsterinsights_sitenote_category":0},"product_brand":[],"product_cat":[157,370,428,150],"product_tag":[],"class_list":{"0":"post-1094084","1":"product","2":"type-product","3":"status-publish","4":"has-post-thumbnail","6":"product_cat-investigacio-i-corrents","7":"product_cat-investigacion-y-corrientes","8":"product_cat-moderna-historia-2_humanidades","9":"product_cat-moderna","11":"first","12":"instock","13":"taxable","14":"shipping-taxable","15":"purchasable","16":"product-type-simple"},"acf":{"autor":"PETER COZZENS","codart":"139907881","libros-coleccion":"","ediciones":"1","encuadernacion":"R\u00fastica","fecha_de_publicacion":"01\/04\/2026","novedad":"1","paginas":"436","subtitulo":"","orden":"0","portada":"0","idioma":"spa","booktrailer":"","resenas":"","editorial":[{"ID":6180,"post_author":"3","post_date":"2022-07-28 17:46:37","post_date_gmt":"2022-07-28 15:46:37","post_content":"","post_title":"Desperta Ferro Ediciones","post_excerpt":"","post_status":"publish","comment_status":"closed","ping_status":"closed","post_password":"","post_name":"desperta-ferro-ediciones","to_ping":"","pinged":"","post_modified":"2022-07-28 17:46:37","post_modified_gmt":"2022-07-28 15:46:37","post_content_filtered":"","post_parent":0,"guid":"http:\/\/dev.claret.cat\/editorial\/desperta-ferro-ediciones\/","menu_order":0,"post_type":"editorial","post_mime_type":"","comment_count":"0","filter":"raw"}]},"aioseo_notices":[],"_links":{"self":[{"href":"https:\/\/www.claret.cat\/es\/wp-json\/wp\/v2\/product\/1094084","targetHints":{"allow":["GET"]}}],"collection":[{"href":"https:\/\/www.claret.cat\/es\/wp-json\/wp\/v2\/product"}],"about":[{"href":"https:\/\/www.claret.cat\/es\/wp-json\/wp\/v2\/types\/product"}],"wp:featuredmedia":[{"embeddable":true,"href":"https:\/\/www.claret.cat\/es\/wp-json\/wp\/v2\/media\/1094115"}],"wp:attachment":[{"href":"https:\/\/www.claret.cat\/es\/wp-json\/wp\/v2\/media?parent=1094084"}],"wp:term":[{"taxonomy":"product_brand","embeddable":true,"href":"https:\/\/www.claret.cat\/es\/wp-json\/wp\/v2\/product_brand?post=1094084"},{"taxonomy":"product_cat","embeddable":true,"href":"https:\/\/www.claret.cat\/es\/wp-json\/wp\/v2\/product_cat?post=1094084"},{"taxonomy":"product_tag","embeddable":true,"href":"https:\/\/www.claret.cat\/es\/wp-json\/wp\/v2\/product_tag?post=1094084"}],"curies":[{"name":"wp","href":"https:\/\/api.w.org\/{rel}","templated":true}]}}