{"id":1094091,"date":"2026-04-01T16:43:04","date_gmt":"2026-04-01T14:43:04","guid":{"rendered":"https:\/\/www.claret.cat\/llibre\/conflicto-cronicas-vampiricas-2-9788408309901\/"},"modified":"2026-04-08T17:15:52","modified_gmt":"2026-04-08T15:15:52","slug":"conflicto-cronicas-vampiricas-2-9788408309901","status":"publish","type":"product","link":"https:\/\/www.claret.cat\/es\/libro\/conflicto-cronicas-vampiricas-2-9788408309901\/","title":{"rendered":"CONFLICTO (CR\u00d3NICAS VAMP\u00cdRICAS, 2)"},"content":{"rendered":"<p>La saga que ha inspirado la ic\u00f3nica serie de televisi\u00f3n.Elena por fin ha conseguido conquistar el coraz\u00f3n de Stefan, pero pronto se da cuenta de que hay algo a\u00fan m\u00e1s peligroso que estar enamorada de un vampiro\u2026: ser deseada por dos. Mientras Stefan libra una batalla interior para aplacar su sed de sangre, Damon intenta por todos los medios conseguir el amor de Elena.<br \/> Entre tanto, en Fell\u2019s Church empiezan a suceder cosas inexplicables \u2014ataques, desapariciones y una presencia inquietante que parece rodearlo todo\u2014, y Elena se ve atrapada en una red de secretos, traiciones y un tri\u00e1ngulo amoroso que amenaza con acabar con todo.<br \/> \u00bfHasta d\u00f3nde estar\u00edas dispuesta a llegar para proteger a qui\u00e9n amas?<\/p>\n","protected":false},"excerpt":{"rendered":"<p>L. J. SMITH<\/p>\n","protected":false},"featured_media":1095760,"template":"","meta":{"_acf_changed":false,"om_disable_all_campaigns":false,"rs_blank_template":"","rs_page_bg_color":"","slide_template_v7":"","inline_featured_image":false,"_monsterinsights_skip_tracking":false,"_monsterinsights_sitenote_active":false,"_monsterinsights_sitenote_note":"","_monsterinsights_sitenote_category":0},"product_brand":[],"product_cat":[133,566,117,363],"product_tag":[],"class_list":{"0":"post-1094091","1":"product","2":"type-product","3":"status-publish","4":"has-post-thumbnail","6":"product_cat-lectures-per-adolescents-12-18-anys","7":"product_cat-juvenil-3_infantil-juvenil-spa-spa","8":"product_cat-juvenil","9":"product_cat-lecturas-por-adolescentes-12-18-anos","11":"first","12":"instock","13":"taxable","14":"shipping-taxable","15":"purchasable","16":"product-type-simple"},"acf":{"autor":"L. J. SMITH","codart":"840830990","libros-coleccion":"FORA DE COL.LECCI\u00d3","ediciones":"1","encuadernacion":"R\u00fastica","fecha_de_publicacion":"01\/10\/2025","novedad":"1","paginas":"231","subtitulo":"EDICI\u00d3N LIMITADA A PRECIO ESPECIAL","orden":"0","portada":"0","idioma":"spa","booktrailer":"","resenas":"","editorial":[{"ID":6233,"post_author":"3","post_date":"2022-07-28 17:47:48","post_date_gmt":"2022-07-28 15:47:48","post_content":"","post_title":"EDITORIAL PLANETA","post_excerpt":"","post_status":"publish","comment_status":"closed","ping_status":"closed","post_password":"","post_name":"editorial-planeta","to_ping":"","pinged":"","post_modified":"2022-07-28 17:47:48","post_modified_gmt":"2022-07-28 15:47:48","post_content_filtered":"","post_parent":0,"guid":"http:\/\/dev.claret.cat\/editorial\/editorial-planeta\/","menu_order":0,"post_type":"editorial","post_mime_type":"","comment_count":"0","filter":"raw"}]},"aioseo_notices":[],"_links":{"self":[{"href":"https:\/\/www.claret.cat\/es\/wp-json\/wp\/v2\/product\/1094091","targetHints":{"allow":["GET"]}}],"collection":[{"href":"https:\/\/www.claret.cat\/es\/wp-json\/wp\/v2\/product"}],"about":[{"href":"https:\/\/www.claret.cat\/es\/wp-json\/wp\/v2\/types\/product"}],"wp:featuredmedia":[{"embeddable":true,"href":"https:\/\/www.claret.cat\/es\/wp-json\/wp\/v2\/media\/1095760"}],"wp:attachment":[{"href":"https:\/\/www.claret.cat\/es\/wp-json\/wp\/v2\/media?parent=1094091"}],"wp:term":[{"taxonomy":"product_brand","embeddable":true,"href":"https:\/\/www.claret.cat\/es\/wp-json\/wp\/v2\/product_brand?post=1094091"},{"taxonomy":"product_cat","embeddable":true,"href":"https:\/\/www.claret.cat\/es\/wp-json\/wp\/v2\/product_cat?post=1094091"},{"taxonomy":"product_tag","embeddable":true,"href":"https:\/\/www.claret.cat\/es\/wp-json\/wp\/v2\/product_tag?post=1094091"}],"curies":[{"name":"wp","href":"https:\/\/api.w.org\/{rel}","templated":true}]}}