{"id":1094290,"date":"2026-04-01T22:56:20","date_gmt":"2026-04-01T20:56:20","guid":{"rendered":"https:\/\/www.claret.cat\/llibre\/a-la-recerca-de-lamor-9788410451704\/"},"modified":"2026-04-01T22:57:53","modified_gmt":"2026-04-01T20:57:53","slug":"a-la-recerca-de-lamor-9788410451704","status":"publish","type":"product","link":"https:\/\/www.claret.cat\/es\/libro\/a-la-recerca-de-lamor-9788410451704\/","title":{"rendered":"A LA RECERCA DE L&#8217;AMOR"},"content":{"rendered":"<p>LES VEUS DELS CL\u00c0SSICS SOBRE L\u2019ART D\u2019ENAMORAR-SE<\/p>\n<p> &#8216;A la recerca de l\u2019amor&#8217; aborda, amb profunditat i sensibilitat, una de les q\u00fcestions m\u00e9s universals i persistents de l\u2019experi\u00e8ncia humana: qu\u00e8 \u00e9s l\u2019amor?, qu\u00e8 vol dir, realment, enamorar-se? I \u00e9s que el gran tema de l\u2019amor \u2014trobar-lo, conservar-lo, perdre\u2019l\u2014 ens ha fascinat i consumit des del principi dels temps. Per qu\u00e8 ens enamorem, qu\u00e8 significa enamorar-se i com afrontem les relacions? Aquest llibre reuneix una acurada selecci\u00f3 d\u2019assajos, cartes i an\u00e8cdotes inspiradores en qu\u00e8 escriptors i fil\u00f2sofs cl\u00e0ssics \u2014des de l\u2019antiguitat fins als inicis del segle xx\u2014 reflexionen sobre el sentit de l\u2019amor i l\u2019enamorament i les m\u00faltiples formes que pot adoptar al llarg de la vida. <br \/> &#8216;A la recerca de l\u2019amor&#8217; explora l\u2019idil\u00b7li, l\u2019enamorament i tot el que hi ha entremig. Plat\u00f3 rastreja fins als inicis de la humanitat la idea d\u2019una \u00abaltra meitat\u00bb. Mae M. Franking relata els alts i baixos d\u2019una parella de diferents cultures, mentre que Emma Goldman exposa un animat debat que separa el matrimoni i l\u2019amor. Tot i que Stendhal destaca com caiem en el parany d\u2019idealitzar massa un \u00e9sser estimat, Safo no t\u00e9 por de festejar la seva estimada per sobre de tot.<br \/> &#8216;A la recerca de l\u2019amor&#8217; combina autoajuda, erudici\u00f3 i saviesa ancestral, un gran llibre que t\u2019ajudar\u00e0 a donar sentit a la meravellosa i complexa idea de l\u2019amor.<\/p>\n","protected":false},"excerpt":{"rendered":"<p>ZACHARY SEAGER (ED.)<\/p>\n","protected":false},"featured_media":1094291,"template":"","meta":{"_acf_changed":false,"om_disable_all_campaigns":false,"rs_blank_template":"","rs_page_bg_color":"","slide_template_v7":"","inline_featured_image":false,"_monsterinsights_skip_tracking":false,"_monsterinsights_sitenote_active":false,"_monsterinsights_sitenote_note":"","_monsterinsights_sitenote_category":0},"product_brand":[],"product_cat":[179,377],"product_tag":[],"class_list":{"0":"post-1094290","1":"product","2":"type-product","3":"status-publish","4":"has-post-thumbnail","6":"product_cat-autoajuda-i-salut-mental","7":"product_cat-autoayuda-y-salud-mental","9":"first","10":"instock","11":"taxable","12":"shipping-taxable","13":"purchasable","14":"product-type-simple"},"acf":{"autor":"ZACHARY SEAGER (ED.)","codart":"841045170","libros-coleccion":"","ediciones":"1","encuadernacion":"R\u00fastica","fecha_de_publicacion":"01\/04\/2026","novedad":"1","paginas":"133","subtitulo":"SAVIESA CL\u00c0SSICA PER A MENTS MODERNES","orden":"0","portada":"0","idioma":"cat","booktrailer":"","resenas":"","editorial":[{"ID":147420,"post_author":"3","post_date":"2022-10-14 11:50:26","post_date_gmt":"2022-10-14 09:50:26","post_content":"","post_title":"AMAT EDITORIAL","post_excerpt":"","post_status":"publish","comment_status":"closed","ping_status":"closed","post_password":"","post_name":"amat-editorial","to_ping":"","pinged":"","post_modified":"2022-10-14 11:50:26","post_modified_gmt":"2022-10-14 09:50:26","post_content_filtered":"","post_parent":0,"guid":"http:\/\/dev.claret.cat\/editorial\/amat-editorial\/","menu_order":0,"post_type":"editorial","post_mime_type":"","comment_count":"0","filter":"raw"}]},"aioseo_notices":[],"_links":{"self":[{"href":"https:\/\/www.claret.cat\/es\/wp-json\/wp\/v2\/product\/1094290","targetHints":{"allow":["GET"]}}],"collection":[{"href":"https:\/\/www.claret.cat\/es\/wp-json\/wp\/v2\/product"}],"about":[{"href":"https:\/\/www.claret.cat\/es\/wp-json\/wp\/v2\/types\/product"}],"wp:featuredmedia":[{"embeddable":true,"href":"https:\/\/www.claret.cat\/es\/wp-json\/wp\/v2\/media\/1094291"}],"wp:attachment":[{"href":"https:\/\/www.claret.cat\/es\/wp-json\/wp\/v2\/media?parent=1094290"}],"wp:term":[{"taxonomy":"product_brand","embeddable":true,"href":"https:\/\/www.claret.cat\/es\/wp-json\/wp\/v2\/product_brand?post=1094290"},{"taxonomy":"product_cat","embeddable":true,"href":"https:\/\/www.claret.cat\/es\/wp-json\/wp\/v2\/product_cat?post=1094290"},{"taxonomy":"product_tag","embeddable":true,"href":"https:\/\/www.claret.cat\/es\/wp-json\/wp\/v2\/product_tag?post=1094290"}],"curies":[{"name":"wp","href":"https:\/\/api.w.org\/{rel}","templated":true}]}}