{"id":1094296,"date":"2026-04-01T22:56:50","date_gmt":"2026-04-01T20:56:50","guid":{"rendered":"https:\/\/www.claret.cat\/llibre\/capital-trascendente-9791388080043\/"},"modified":"2026-04-01T22:57:33","modified_gmt":"2026-04-01T20:57:33","slug":"capital-trascendente-9791388080043","status":"publish","type":"product","link":"https:\/\/www.claret.cat\/es\/libro\/capital-trascendente-9791388080043\/","title":{"rendered":"CAPITAL TRASCENDENTE"},"content":{"rendered":"<p>Vivimos en una \u00e9poca de abundancia material y, sin embargo, nunca tantas personas se sintieron tan vac\u00edas. El sistema nos empuja a producir, consumir, acumular y aparentar. Nos promete \u00e9xito, pero rara vez prop\u00f3sito. Y cuando lo alcanzamos \u2014un buen sueldo, un estatus, reconocimiento social\u2014 descubrimos que nada de eso basta si no est\u00e1 conectado con nuestra esencia.<\/p>\n<p> Keko Mart\u00ednez conoce bien ese territorio. Exfutbolista profesional, empresario y acompa\u00f1ante de m\u00e1s de 200 atletas y perfiles de alto rendimiento, ha visto c\u00f3mo la cara brillante del \u00e9xito convive con el v\u00e9rtigo, la soledad y el desarraigo. Tambi\u00e9n ha experimentado en primera persona la ca\u00edda, la p\u00e9rdida de rumbo y la reconstrucci\u00f3n. De ese camino nace este libro.<\/p>\n<p> Capital Trascendente propone una nueva relaci\u00f3n con el dinero, con el trabajo y con nosotros mismos. No se trata de renunciar a la riqueza, sino de darle sentido. El capital \u2014econ\u00f3mico, emocional, intelectual, relacional\u2014 deja de ser un fin y se convierte en herramienta para construir una vida plena, consciente y humanista. Una vida con prop\u00f3sito. A trav\u00e9s de reflexiones profundas, historias reales y una metodolog\u00eda accesible, el autor invita a cuestionar el modelo dominante de \u00e9xito y a dise\u00f1ar el propio: m\u00e1s coherente, m\u00e1s libre, m\u00e1s alineado con lo que somos. Sin dogmas, sin espiritualidad impostada, sin gur\u00fas. Con verdad, con mirada compasiva y con acci\u00f3n.<\/p>\n<p> Este libro es para quienes sienten que les falta algo, incluso cuando todo parece ir bien. Para directivos, emprendedores, atletas y personas inquietas que desean ordenar sus prioridades, liderar desde la consciencia y contribuir de forma positiva a la sociedad. Para quienes buscan herramientas reales para vivir mejor \u2014por dentro y por fuera\u2014 sin renunciar a sus ambiciones.<\/p>\n<p> Capital Trascendente no es solo una lectura inspiradora; es una invitaci\u00f3n a construir una vida que deje huella. A pasar del yo al nosotros. A transformar el capital en significado. Y a recordar que lo verdaderamente valioso no es lo que tenemos, sino qui\u00e9nes somos en el proceso de conseguirlo.<\/p>\n","protected":false},"excerpt":{"rendered":"<p>KEKO MART\u00cdNEZ<\/p>\n","protected":false},"featured_media":1094297,"template":"","meta":{"_acf_changed":false,"om_disable_all_campaigns":false,"rs_blank_template":"","rs_page_bg_color":"","slide_template_v7":"","inline_featured_image":false,"_monsterinsights_skip_tracking":false,"_monsterinsights_sitenote_active":false,"_monsterinsights_sitenote_note":"","_monsterinsights_sitenote_category":0},"product_brand":[],"product_cat":[434,159],"product_tag":[],"class_list":{"0":"post-1094296","1":"product","2":"type-product","3":"status-publish","4":"has-post-thumbnail","6":"product_cat-autores-sociologia-2_humanidades","7":"product_cat-autors","9":"first","10":"instock","11":"taxable","12":"shipping-taxable","13":"purchasable","14":"product-type-simple"},"acf":{"autor":"KEKO MART\u00cdNEZ","codart":"138808004","libros-coleccion":"","ediciones":"1","encuadernacion":"R\u00fastica","fecha_de_publicacion":"01\/04\/2026","novedad":"1","paginas":"300","subtitulo":"EL CAPITAL SIN SENTIDO CARECE DE VALOR","orden":"0","portada":"0","idioma":"spa","booktrailer":"","resenas":"","editorial":[{"ID":6331,"post_author":"3","post_date":"2022-07-28 17:49:53","post_date_gmt":"2022-07-28 15:49:53","post_content":"","post_title":"PLATAFORMA EDITORIAL","post_excerpt":"","post_status":"publish","comment_status":"closed","ping_status":"closed","post_password":"","post_name":"plataforma-editorial","to_ping":"","pinged":"","post_modified":"2022-07-28 17:49:53","post_modified_gmt":"2022-07-28 15:49:53","post_content_filtered":"","post_parent":0,"guid":"http:\/\/dev.claret.cat\/editorial\/plataforma-editorial\/","menu_order":0,"post_type":"editorial","post_mime_type":"","comment_count":"0","filter":"raw"}]},"aioseo_notices":[],"_links":{"self":[{"href":"https:\/\/www.claret.cat\/es\/wp-json\/wp\/v2\/product\/1094296","targetHints":{"allow":["GET"]}}],"collection":[{"href":"https:\/\/www.claret.cat\/es\/wp-json\/wp\/v2\/product"}],"about":[{"href":"https:\/\/www.claret.cat\/es\/wp-json\/wp\/v2\/types\/product"}],"wp:featuredmedia":[{"embeddable":true,"href":"https:\/\/www.claret.cat\/es\/wp-json\/wp\/v2\/media\/1094297"}],"wp:attachment":[{"href":"https:\/\/www.claret.cat\/es\/wp-json\/wp\/v2\/media?parent=1094296"}],"wp:term":[{"taxonomy":"product_brand","embeddable":true,"href":"https:\/\/www.claret.cat\/es\/wp-json\/wp\/v2\/product_brand?post=1094296"},{"taxonomy":"product_cat","embeddable":true,"href":"https:\/\/www.claret.cat\/es\/wp-json\/wp\/v2\/product_cat?post=1094296"},{"taxonomy":"product_tag","embeddable":true,"href":"https:\/\/www.claret.cat\/es\/wp-json\/wp\/v2\/product_tag?post=1094296"}],"curies":[{"name":"wp","href":"https:\/\/api.w.org\/{rel}","templated":true}]}}