{"id":1094299,"date":"2026-04-01T22:57:10","date_gmt":"2026-04-01T20:57:10","guid":{"rendered":"https:\/\/www.claret.cat\/llibre\/quien-ha-escrito-este-libro-9791388080067\/"},"modified":"2026-04-01T22:57:39","modified_gmt":"2026-04-01T20:57:39","slug":"quien-ha-escrito-este-libro-9791388080067","status":"publish","type":"product","link":"https:\/\/www.claret.cat\/es\/libro\/quien-ha-escrito-este-libro-9791388080067\/","title":{"rendered":"\u00bfQUI\u00c9N HA ESCRITO ESTE LIBRO?"},"content":{"rendered":"<p>La inteligencia artificial ha dejado de ser un asunto t\u00e9cnico reservado a laboratorios y especialistas. Hoy est\u00e1 transformando, en tiempo real, la manera de producir, vender, prestar servicios, comunicarnos, aprender y tomar decisiones. Y eso significa que la IA se ha convertido en un asunto estrat\u00e9gico para directivos, empresarios y profesionales de todos los sectores. Este libro nace, precisamente, para ofrecerles una gu\u00eda clara, rigurosa y comprensible sobre qu\u00e9 est\u00e1 pasando y c\u00f3mo aprovecharlo con inteligencia.<\/p>\n<p> A lo largo del libro se explica qu\u00e9 es realmente la IA generativa, qu\u00e9 diferencia a los nuevos sistemas \u00abag\u00e9nticos\u00bb, c\u00f3mo funciona la revoluci\u00f3n multimodal y qu\u00e9 capacidades emergen cuando la m\u00e1quina ya no solo responde, sino que planifica, coordina y ejecuta tareas. Todo ello se presenta con un lenguaje accesible, acompa\u00f1ado de ejemplos empresariales, casos de uso reales y marcos pr\u00e1cticos para tomar mejores decisiones.<\/p>\n<p> Pero este no es un libro t\u00e9cnico. Su objetivo no es convertir a nadie en ingeniero, sino dar criterio: ayudar a los l\u00edderes a entender d\u00f3nde la IA aporta valor, qu\u00e9 l\u00edmites tiene, qu\u00e9 riesgos deben gestionarse (alucinaciones, sesgos, privacidad, seguridad) y qu\u00e9 implicaciones \u00e9ticas y profesionales conlleva su uso. Se abordan cuestiones clave como la transformaci\u00f3n del puesto de trabajo, la evoluci\u00f3n del liderazgo, la gobernanza de datos, la rendici\u00f3n de cuentas o el impacto en sectores tan diversos como la salud, el derecho, la educaci\u00f3n, la empresa tecnol\u00f3gica, el marketing o las profesiones creativas.<\/p>\n<p> Adem\u00e1s, el libro incorpora una reflexi\u00f3n original: su propio proceso de creaci\u00f3n ha sido h\u00edbrido \u2014humano m\u00e1s IA\u2014, lo que lo convierte tambi\u00e9n en un experimento narrativo que muestra en la pr\u00e1ctica c\u00f3mo esta tecnolog\u00eda no sustituye al criterio humano, sino que lo amplifica cuando se usa con rigor, supervisi\u00f3n y prop\u00f3sito.<\/p>\n<p> El resultado es una obra especialmente pensada para quienes tienen que decidir el rumbo de una organizaci\u00f3n y necesitan una br\u00fajula fiable. Directivos, empresarios, mandos intermedios, consultores, profesionales liberales y cualquier persona que quiera comprender el impacto real \u2014no el hype\u2014 de la IA en su trabajo encontrar\u00e1n aqu\u00ed una gu\u00eda estrat\u00e9gica, responsable y humanista.<\/p>\n<p> Porque liderar en la era de la IA no consiste en saberlo todo sobre algoritmos, sino en entender lo suficiente como para decidir con criterio, proteger lo esencial y aprovechar la oportunidad. Este libro ofrece ese punto de claridad que hoy resulta imprescindible.<\/p>\n","protected":false},"excerpt":{"rendered":"<p>ALBERT ESPLUGAS<\/p>\n","protected":false},"featured_media":1094300,"template":"","meta":{"_acf_changed":false,"om_disable_all_campaigns":false,"rs_blank_template":"","rs_page_bg_color":"","slide_template_v7":"","inline_featured_image":false,"_monsterinsights_skip_tracking":false,"_monsterinsights_sitenote_active":false,"_monsterinsights_sitenote_note":"","_monsterinsights_sitenote_category":0},"product_brand":[],"product_cat":[434,159],"product_tag":[],"class_list":{"0":"post-1094299","1":"product","2":"type-product","3":"status-publish","4":"has-post-thumbnail","6":"product_cat-autores-sociologia-2_humanidades","7":"product_cat-autors","9":"first","10":"instock","11":"taxable","12":"shipping-taxable","13":"purchasable","14":"product-type-simple"},"acf":{"autor":"ALBERT ESPLUGAS","codart":"138808006","libros-coleccion":"","ediciones":"1","encuadernacion":"R\u00fastica","fecha_de_publicacion":"01\/04\/2026","novedad":"1","paginas":"280","subtitulo":"LA PRIMERA GU\u00cdA EMPRESARIAL SOBRE IA ESCRITA A CUATRO MANOS: HUMANO + M\u00c1QUINA","orden":"0","portada":"0","idioma":"spa","booktrailer":"","resenas":"","editorial":[{"ID":6331,"post_author":"3","post_date":"2022-07-28 17:49:53","post_date_gmt":"2022-07-28 15:49:53","post_content":"","post_title":"PLATAFORMA EDITORIAL","post_excerpt":"","post_status":"publish","comment_status":"closed","ping_status":"closed","post_password":"","post_name":"plataforma-editorial","to_ping":"","pinged":"","post_modified":"2022-07-28 17:49:53","post_modified_gmt":"2022-07-28 15:49:53","post_content_filtered":"","post_parent":0,"guid":"http:\/\/dev.claret.cat\/editorial\/plataforma-editorial\/","menu_order":0,"post_type":"editorial","post_mime_type":"","comment_count":"0","filter":"raw"}]},"aioseo_notices":[],"_links":{"self":[{"href":"https:\/\/www.claret.cat\/es\/wp-json\/wp\/v2\/product\/1094299","targetHints":{"allow":["GET"]}}],"collection":[{"href":"https:\/\/www.claret.cat\/es\/wp-json\/wp\/v2\/product"}],"about":[{"href":"https:\/\/www.claret.cat\/es\/wp-json\/wp\/v2\/types\/product"}],"wp:featuredmedia":[{"embeddable":true,"href":"https:\/\/www.claret.cat\/es\/wp-json\/wp\/v2\/media\/1094300"}],"wp:attachment":[{"href":"https:\/\/www.claret.cat\/es\/wp-json\/wp\/v2\/media?parent=1094299"}],"wp:term":[{"taxonomy":"product_brand","embeddable":true,"href":"https:\/\/www.claret.cat\/es\/wp-json\/wp\/v2\/product_brand?post=1094299"},{"taxonomy":"product_cat","embeddable":true,"href":"https:\/\/www.claret.cat\/es\/wp-json\/wp\/v2\/product_cat?post=1094299"},{"taxonomy":"product_tag","embeddable":true,"href":"https:\/\/www.claret.cat\/es\/wp-json\/wp\/v2\/product_tag?post=1094299"}],"curies":[{"name":"wp","href":"https:\/\/api.w.org\/{rel}","templated":true}]}}