{"id":1094310,"date":"2026-04-01T23:04:00","date_gmt":"2026-04-01T21:04:00","guid":{"rendered":"https:\/\/www.claret.cat\/llibre\/little-story-of-gaudi-9788499790374\/"},"modified":"2026-04-01T23:04:00","modified_gmt":"2026-04-01T21:04:00","slug":"little-story-of-gaudi-9788499790374","status":"publish","type":"product","link":"https:\/\/www.claret.cat\/es\/libro\/little-story-of-gaudi-9788499790374\/","title":{"rendered":"LITTLE STORY OF GAUD\u00cd"},"content":{"rendered":"<p>This little story explains in an entertaining as well as thorough way the life and artistic career of the architect Antoni Gaud\u00ed. This Little story is available in the following languages: English, Spanish, Catalan, French, German, Italian, Japanese, Chinese, Russian and Arabic.<\/p>\n<p> The Little Stories<br \/> The series called Little Stories is an entertaining as well as thorough way of learning about the great names in Spanish culture: artists such as Dal\u00ed, Mir\u00f3, Picasso, Frida Kahlo, Gaud\u00ed&#8230; Writers such as Federico Garc\u00eda Lorca, Juan Ram\u00f3n Jim\u00e9nez, Antonio Machado, Cervantes, Pablo Neruda, Gabriela Mistral<\/p>\n","protected":false},"excerpt":{"rendered":"<p>This little story explains in an entertaining as well as thorough way the life and artistic career of the architect Antoni Gaud\u00ed. This Little story is available in the following languages: English, Spanish, Catalan, French, German, Italian, Japanese, Chinese, Russian and Arabic. The Little Stories The series called Little Stories is an entertaining as well [&hellip;]<\/p>\n","protected":false},"featured_media":0,"template":"","meta":{"_acf_changed":false,"om_disable_all_campaigns":false,"rs_blank_template":"","rs_page_bg_color":"","slide_template_v7":"","inline_featured_image":false,"_monsterinsights_skip_tracking":false,"_monsterinsights_sitenote_active":false,"_monsterinsights_sitenote_note":"","_monsterinsights_sitenote_category":0},"product_brand":[],"product_cat":[241],"product_tag":[],"class_list":{"0":"post-1094310","1":"product","2":"type-product","3":"status-publish","5":"product_cat-testimonis","7":"first","8":"instock","9":"taxable","10":"shipping-taxable","11":"product-type-simple"},"acf":{"subtitulo":null,"editorial":null,"autor":null,"autores-libros":null,"traductores-libros":null,"ilustradores-libros":null,"fecha_de_publicacion":null,"libros-coleccion":null,"paginas":null,"encuadernacion":null,"ediciones":null,"formato":null,"idioma":null,"linkebook":null,"precioebook":null,"ebookportada":null,"ficha":null,"muestra":null,"presentacion":null,"booktrailer":null,"resenas":null,"codart":null,"portada":null,"orden":null,"novedad":null,"recomendamos":null,"mas_vendido":null},"aioseo_notices":[],"_links":{"self":[{"href":"https:\/\/www.claret.cat\/es\/wp-json\/wp\/v2\/product\/1094310","targetHints":{"allow":["GET"]}}],"collection":[{"href":"https:\/\/www.claret.cat\/es\/wp-json\/wp\/v2\/product"}],"about":[{"href":"https:\/\/www.claret.cat\/es\/wp-json\/wp\/v2\/types\/product"}],"wp:attachment":[{"href":"https:\/\/www.claret.cat\/es\/wp-json\/wp\/v2\/media?parent=1094310"}],"wp:term":[{"taxonomy":"product_brand","embeddable":true,"href":"https:\/\/www.claret.cat\/es\/wp-json\/wp\/v2\/product_brand?post=1094310"},{"taxonomy":"product_cat","embeddable":true,"href":"https:\/\/www.claret.cat\/es\/wp-json\/wp\/v2\/product_cat?post=1094310"},{"taxonomy":"product_tag","embeddable":true,"href":"https:\/\/www.claret.cat\/es\/wp-json\/wp\/v2\/product_tag?post=1094310"}],"curies":[{"name":"wp","href":"https:\/\/api.w.org\/{rel}","templated":true}]}}