{"id":1094404,"date":"2026-04-02T13:50:02","date_gmt":"2026-04-02T11:50:02","guid":{"rendered":"https:\/\/www.claret.cat\/llibre\/los-meteoritos-9788412827767\/"},"modified":"2026-04-02T16:10:05","modified_gmt":"2026-04-02T14:10:05","slug":"los-meteoritos-9788412827767","status":"publish","type":"product","link":"https:\/\/www.claret.cat\/es\/libro\/los-meteoritos-9788412827767\/","title":{"rendered":"LOS METEORITOS"},"content":{"rendered":"<p>Cayeron del cielo mucho antes de que tuvi\u00e9ramos mapas. Los meteoritos son fragmentos de tiempo: restos del nacimiento del sistema solar, mensajes minerales que cruzan la atm\u00f3sfera y aterrizan en nuestros bolsillos, vitrinas y laboratorios.<\/p>\n<p> \u00bfQu\u00e9 nos descubren estas rocas misteriosas sobre la formaci\u00f3n de los planetas? \u00bfC\u00f3mo se buscan, se clasifican y se custodian? \u00bfPor qu\u00e9 despiertan tanta codicia y asombro?<\/p>\n<p> Helen Gordon sigue la pista de estos objetos llegados del m\u00e1s all\u00e1: viaja a desiertos y a cr\u00e1teres, visita subastas y museos; conoce a cient\u00edficos y a cazadores de meteoritos.<\/p>\n<p> Con un estilo magn\u00e9tico que mezcla cr\u00f3nica, divulgaci\u00f3n e historia, Helen Gordon nos gu\u00eda por el fascinante mundo de los meteoritos y nos invita a mirar el cielo \u2014y las piedras del suelo\u2014 con nuevos ojos.<\/p>\n","protected":false},"excerpt":{"rendered":"<p>GORDON, HELEN<\/p>\n","protected":false},"featured_media":1094412,"template":"","meta":{"_acf_changed":false,"om_disable_all_campaigns":false,"rs_blank_template":"","rs_page_bg_color":"","slide_template_v7":"","inline_featured_image":false,"_monsterinsights_skip_tracking":false,"_monsterinsights_sitenote_active":false,"_monsterinsights_sitenote_note":"","_monsterinsights_sitenote_category":0},"product_brand":[],"product_cat":[90,104,554,540],"product_tag":[],"class_list":{"0":"post-1094404","1":"product","2":"type-product","3":"status-publish","4":"has-post-thumbnail","6":"product_cat-altres","7":"product_cat-ciencia","8":"product_cat-ciencia-5_otras-spa","9":"product_cat-otros","11":"first","12":"instock","13":"taxable","14":"shipping-taxable","15":"purchasable","16":"product-type-simple"},"acf":{"autor":"GORDON, HELEN","codart":"841282776","libros-coleccion":"FORA DE COL.LECCI\u00d3","ediciones":"1","encuadernacion":"R\u00fastica","fecha_de_publicacion":"01\/09\/2025","novedad":"1","paginas":"285","subtitulo":"ENCUENTROS CON EL TIEMPO PROFUNDO Y EL ESPACIO EXTERIOR","orden":"0","portada":"0","idioma":"spa","booktrailer":"","resenas":"","editorial":[{"ID":447821,"post_author":"3","post_date":"2023-06-19 12:35:09","post_date_gmt":"2023-06-19 10:35:09","post_content":"","post_title":"Ediciones Menguantes","post_excerpt":"","post_status":"publish","comment_status":"closed","ping_status":"closed","post_password":"","post_name":"ediciones-menguantes","to_ping":"","pinged":"","post_modified":"2023-06-19 12:35:09","post_modified_gmt":"2023-06-19 10:35:09","post_content_filtered":"","post_parent":0,"guid":"https:\/\/www.claret.cat\/editorial\/ediciones-menguantes\/","menu_order":0,"post_type":"editorial","post_mime_type":"","comment_count":"0","filter":"raw"}]},"aioseo_notices":[],"_links":{"self":[{"href":"https:\/\/www.claret.cat\/es\/wp-json\/wp\/v2\/product\/1094404","targetHints":{"allow":["GET"]}}],"collection":[{"href":"https:\/\/www.claret.cat\/es\/wp-json\/wp\/v2\/product"}],"about":[{"href":"https:\/\/www.claret.cat\/es\/wp-json\/wp\/v2\/types\/product"}],"wp:featuredmedia":[{"embeddable":true,"href":"https:\/\/www.claret.cat\/es\/wp-json\/wp\/v2\/media\/1094412"}],"wp:attachment":[{"href":"https:\/\/www.claret.cat\/es\/wp-json\/wp\/v2\/media?parent=1094404"}],"wp:term":[{"taxonomy":"product_brand","embeddable":true,"href":"https:\/\/www.claret.cat\/es\/wp-json\/wp\/v2\/product_brand?post=1094404"},{"taxonomy":"product_cat","embeddable":true,"href":"https:\/\/www.claret.cat\/es\/wp-json\/wp\/v2\/product_cat?post=1094404"},{"taxonomy":"product_tag","embeddable":true,"href":"https:\/\/www.claret.cat\/es\/wp-json\/wp\/v2\/product_tag?post=1094404"}],"curies":[{"name":"wp","href":"https:\/\/api.w.org\/{rel}","templated":true}]}}