{"id":1094456,"date":"2026-04-02T16:55:36","date_gmt":"2026-04-02T14:55:36","guid":{"rendered":"https:\/\/www.claret.cat\/llibre\/tresors-coneixements-arbres-9788410469907\/"},"modified":"2026-04-02T18:48:30","modified_gmt":"2026-04-02T16:48:30","slug":"tresors-coneixements-arbres-9788410469907","status":"publish","type":"product","link":"https:\/\/www.claret.cat\/es\/libro\/tresors-coneixements-arbres-9788410469907\/","title":{"rendered":"TRESORS CONEIXEMENTS. ARBRES"},"content":{"rendered":"<p>* Un llibre que far\u00e0 les del\u00edcies de tots els amants dels arbres. Presenta algunes de les esp\u00e8cies m\u00e9s fascinants d\u2019arreu del m\u00f3n, des de la m\u00e9s comuna fins a la m\u00e9s ins\u00f2lita, i tamb\u00e9 les m\u00e9s majestuoses i les m\u00e9s peculiars.<br \/> * Observa l\u2019eucaliptus arc de Sant Mart\u00ed amb la seva escor\u00e7a multicolor i el cirerer del Jap\u00f3 en plena floraci\u00f3. Sorpr\u00e8n-te amb la imponent sequoia gegant i la ceiba, amb el seu tronc d\u2019espines gruixudes i uns fruits plens de fibra esponjosa. <br \/> * Coneix el pi de Wollemi, que es creia extingit, i l\u2019arbre del cacau, del qual s\u2019obt\u00e9 la xocolata. I fixa\u2019t en els m\u00e9s de trenta animals que hi viuen.<\/p>\n<p> Cada il\u00b7lustraci\u00f3 va acompanyada de curiositats que et permetran descobrir per qu\u00e8 al drago tamb\u00e9 se l\u2019anomena arbre de sang de drac, per qu\u00e8 el mangle ajuda a combatre el canvi clim\u00e0tic i de quin arbre s\u2019alimentaven els dinosaures. <\/p>\n<p> Descobreix tot aix\u00f2 i molt m\u00e9s en aquest meravell\u00f3s compendi que segur que consultar\u00e0s una vegada i una altra.<\/p>\n","protected":false},"excerpt":{"rendered":"<p>VAL WALERCZUK<\/p>\n","protected":false},"featured_media":1094668,"template":"","meta":{"_acf_changed":false,"om_disable_all_campaigns":false,"rs_blank_template":"","rs_page_bg_color":"","slide_template_v7":"","inline_featured_image":false,"_monsterinsights_skip_tracking":false,"_monsterinsights_sitenote_active":false,"_monsterinsights_sitenote_note":"","_monsterinsights_sitenote_category":0},"product_brand":[],"product_cat":[131,361],"product_tag":[],"class_list":{"0":"post-1094456","1":"product","2":"type-product","3":"status-publish","4":"has-post-thumbnail","6":"product_cat-contes-per-infants-0-6-anys","7":"product_cat-cuentos-para-ninos-0-6-anos","9":"first","10":"instock","11":"taxable","12":"shipping-taxable","13":"purchasable","14":"product-type-simple"},"acf":{"autor":"VAL WALERCZUK","codart":"841046990","libros-coleccion":"","ediciones":"1","encuadernacion":"Carton\u00e9","fecha_de_publicacion":"01\/03\/2026","novedad":"1","paginas":"80","subtitulo":"TRESORS DE CONEIXEMENT","orden":"0","portada":"0","idioma":"cat","booktrailer":"","resenas":"","editorial":[{"ID":147554,"post_author":"3","post_date":"2022-10-14 11:51:27","post_date_gmt":"2022-10-14 09:51:27","post_content":"","post_title":"BLUME (Naturart)","post_excerpt":"","post_status":"publish","comment_status":"closed","ping_status":"closed","post_password":"","post_name":"blume-naturart","to_ping":"","pinged":"","post_modified":"2022-10-14 11:51:27","post_modified_gmt":"2022-10-14 09:51:27","post_content_filtered":"","post_parent":0,"guid":"http:\/\/dev.claret.cat\/editorial\/blume-naturart\/","menu_order":0,"post_type":"editorial","post_mime_type":"","comment_count":"0","filter":"raw"}]},"aioseo_notices":[],"_links":{"self":[{"href":"https:\/\/www.claret.cat\/es\/wp-json\/wp\/v2\/product\/1094456","targetHints":{"allow":["GET"]}}],"collection":[{"href":"https:\/\/www.claret.cat\/es\/wp-json\/wp\/v2\/product"}],"about":[{"href":"https:\/\/www.claret.cat\/es\/wp-json\/wp\/v2\/types\/product"}],"wp:featuredmedia":[{"embeddable":true,"href":"https:\/\/www.claret.cat\/es\/wp-json\/wp\/v2\/media\/1094668"}],"wp:attachment":[{"href":"https:\/\/www.claret.cat\/es\/wp-json\/wp\/v2\/media?parent=1094456"}],"wp:term":[{"taxonomy":"product_brand","embeddable":true,"href":"https:\/\/www.claret.cat\/es\/wp-json\/wp\/v2\/product_brand?post=1094456"},{"taxonomy":"product_cat","embeddable":true,"href":"https:\/\/www.claret.cat\/es\/wp-json\/wp\/v2\/product_cat?post=1094456"},{"taxonomy":"product_tag","embeddable":true,"href":"https:\/\/www.claret.cat\/es\/wp-json\/wp\/v2\/product_tag?post=1094456"}],"curies":[{"name":"wp","href":"https:\/\/api.w.org\/{rel}","templated":true}]}}