{"id":1094459,"date":"2026-04-02T16:55:51","date_gmt":"2026-04-02T14:55:51","guid":{"rendered":"https:\/\/www.claret.cat\/llibre\/tresors-coneixements-vikings-9788410469914\/"},"modified":"2026-04-02T18:50:14","modified_gmt":"2026-04-02T16:50:14","slug":"tresors-coneixements-vikings-9788410469914","status":"publish","type":"product","link":"https:\/\/www.claret.cat\/es\/libro\/tresors-coneixements-vikings-9788410469914\/","title":{"rendered":"TRESORS CONEIXEMENTS. VIKINGS"},"content":{"rendered":"<p>* Aquest llibre magn\u00edficament il\u00b7lustrat et portar\u00e0 en un viatge en el temps cap a una terra de guerrers, embarcacions de rem i llegendes. <br \/> * Meravella\u2019t amb tresors fabulosos i sagues d\u2019herois, monstres, i viatges \u00e8pics. <br \/> * Des d\u2019una espasa valuosa i un casc de guerrer fins a un fermall brillant, una bota de cuir i el cavall de joguina d\u2019un nen, aquest llibre mostra alguns dels tresors m\u00e9s preuats dels vikings a trav\u00e9s d\u2019il\u00b7lustracions impressionants.<\/p>\n<p> Cada imatge va acompanyada de dades curioses que et permetran descobrir com era la vida d\u2019un guerrer viking, un comerciant o un infant; con\u00e8ixer d\u00e9us i deesses m\u00e0gics i desxifrar misterioses pedres r\u00faniques.<\/p>\n<p> Descobreix totes les meravelles del m\u00f3n viking en aquest magn\u00edfic record que tornar\u00e0s a visitar una vegada i una altra.<\/p>\n","protected":false},"excerpt":{"rendered":"<p>EUGENIA NOBATI<\/p>\n","protected":false},"featured_media":1094670,"template":"","meta":{"_acf_changed":false,"om_disable_all_campaigns":false,"rs_blank_template":"","rs_page_bg_color":"","slide_template_v7":"","inline_featured_image":false,"_monsterinsights_skip_tracking":false,"_monsterinsights_sitenote_active":false,"_monsterinsights_sitenote_note":"","_monsterinsights_sitenote_category":0},"product_brand":[],"product_cat":[131,361],"product_tag":[],"class_list":{"0":"post-1094459","1":"product","2":"type-product","3":"status-publish","4":"has-post-thumbnail","6":"product_cat-contes-per-infants-0-6-anys","7":"product_cat-cuentos-para-ninos-0-6-anos","9":"first","10":"instock","11":"taxable","12":"shipping-taxable","13":"purchasable","14":"product-type-simple"},"acf":{"autor":"EUGENIA NOBATI","codart":"841046991","libros-coleccion":"","ediciones":"1","encuadernacion":"Carton\u00e9","fecha_de_publicacion":"01\/03\/2026","novedad":"1","paginas":"79","subtitulo":"TRESORS CONEIXEMENTS","orden":"0","portada":"0","idioma":"cat","booktrailer":"","resenas":"","editorial":[{"ID":147554,"post_author":"3","post_date":"2022-10-14 11:51:27","post_date_gmt":"2022-10-14 09:51:27","post_content":"","post_title":"BLUME (Naturart)","post_excerpt":"","post_status":"publish","comment_status":"closed","ping_status":"closed","post_password":"","post_name":"blume-naturart","to_ping":"","pinged":"","post_modified":"2022-10-14 11:51:27","post_modified_gmt":"2022-10-14 09:51:27","post_content_filtered":"","post_parent":0,"guid":"http:\/\/dev.claret.cat\/editorial\/blume-naturart\/","menu_order":0,"post_type":"editorial","post_mime_type":"","comment_count":"0","filter":"raw"}]},"aioseo_notices":[],"_links":{"self":[{"href":"https:\/\/www.claret.cat\/es\/wp-json\/wp\/v2\/product\/1094459","targetHints":{"allow":["GET"]}}],"collection":[{"href":"https:\/\/www.claret.cat\/es\/wp-json\/wp\/v2\/product"}],"about":[{"href":"https:\/\/www.claret.cat\/es\/wp-json\/wp\/v2\/types\/product"}],"wp:featuredmedia":[{"embeddable":true,"href":"https:\/\/www.claret.cat\/es\/wp-json\/wp\/v2\/media\/1094670"}],"wp:attachment":[{"href":"https:\/\/www.claret.cat\/es\/wp-json\/wp\/v2\/media?parent=1094459"}],"wp:term":[{"taxonomy":"product_brand","embeddable":true,"href":"https:\/\/www.claret.cat\/es\/wp-json\/wp\/v2\/product_brand?post=1094459"},{"taxonomy":"product_cat","embeddable":true,"href":"https:\/\/www.claret.cat\/es\/wp-json\/wp\/v2\/product_cat?post=1094459"},{"taxonomy":"product_tag","embeddable":true,"href":"https:\/\/www.claret.cat\/es\/wp-json\/wp\/v2\/product_tag?post=1094459"}],"curies":[{"name":"wp","href":"https:\/\/api.w.org\/{rel}","templated":true}]}}