{"id":1094462,"date":"2026-04-02T16:56:05","date_gmt":"2026-04-02T14:56:05","guid":{"rendered":"https:\/\/www.claret.cat\/llibre\/golazos-02-el-torneo-mas-deseado-9788419898555\/"},"modified":"2026-04-02T18:11:00","modified_gmt":"2026-04-02T16:11:00","slug":"golazos-02-el-torneo-mas-deseado-9788419898555","status":"publish","type":"product","link":"https:\/\/www.claret.cat\/es\/libro\/golazos-02-el-torneo-mas-deseado-9788419898555\/","title":{"rendered":"GOLAZOS 02 &#8211; EL TORNEO M\u00c1S DESEADO"},"content":{"rendered":"<p>\u00a1F\u00fatbol, risas y un equipo que lo rompe!  Conoce a los Golazos, el equipo de f\u00fatbol m\u00e1s ins\u00f3lito que puedas imaginar. Una colecci\u00f3n llena de humor, amistad y pasi\u00f3n por el f\u00fatbol, que nos ense\u00f1a que, con perseverancia y ganas de luchar, \u00a1siempre se puede marcar el gol de la victoria! En El torneo m\u00e1s deseado, los Golazos participan en un torneo que promete solucionar el mayor problema de \u00c1lex. Pero ha aparecido un nuevo equipo en el barrio y\u2026 \u00a1est\u00e1 formado por los mejores jugadores de la ciudad! \u00bfSer\u00e1n capaces de ganar el torneo y ayudar a \u00c1lex? Todas las p\u00e1ginas est\u00e1n ilustradas en color y los di\u00e1logos aparecen en bocadillos de c\u00f3mic. El ritmo de lectura es trepidante y lleno de humor. Recomendado para ni\u00f1os y ni\u00f1as de 8 a 11 a\u00f1os. \u00a0 Otros t\u00edtulos de la colecci\u00f3n Golazos:  Este partido lo vamos a ganar El torneo m\u00e1s deseado  \u00a0 Descubre otras colecciones de Editorial el Pirata:  Canastones (+8 a\u00f1os) Los L\u00edos de Judith y Johan (+8 a\u00f1os) Los Exploradores del Tiempo (+10 a\u00f1os)<\/p>\n","protected":false},"excerpt":{"rendered":"<p>ALBERTO CASAMAYOR<\/p>\n","protected":false},"featured_media":1094463,"template":"","meta":{"_acf_changed":false,"om_disable_all_campaigns":false,"rs_blank_template":"","rs_page_bg_color":"","slide_template_v7":"","inline_featured_image":false,"_monsterinsights_skip_tracking":false,"_monsterinsights_sitenote_active":false,"_monsterinsights_sitenote_note":"","_monsterinsights_sitenote_category":0},"product_brand":[],"product_cat":[132,362],"product_tag":[],"class_list":{"0":"post-1094462","1":"product","2":"type-product","3":"status-publish","4":"has-post-thumbnail","6":"product_cat-lectures-per-preadolescents-6-12-anys","7":"product_cat-libros-preadolescentes-6-12-anos","9":"first","10":"instock","11":"taxable","12":"shipping-taxable","13":"purchasable","14":"product-type-simple"},"acf":{"autor":"ALBERTO CASAMAYOR","codart":"841989855","libros-coleccion":"FORA DE COL.LECCI\u00d3","ediciones":"1","encuadernacion":"R\u00fastica","fecha_de_publicacion":"01\/10\/2025","novedad":"1","paginas":"0","subtitulo":"\u00a1NUNCA EL F\u00daTBOL HAB\u00cdA SIDO TAN DIVERTIDO! UN EQUIPO DE F\u00daTBOL INS\u00d3LITO QUE LO R","orden":"0","portada":"0","idioma":"spa","booktrailer":"","resenas":"","editorial":[{"ID":147970,"post_author":"3","post_date":"2022-10-14 11:54:38","post_date_gmt":"2022-10-14 09:54:38","post_content":"","post_title":"Editorial el Pirata","post_excerpt":"","post_status":"publish","comment_status":"closed","ping_status":"closed","post_password":"","post_name":"editorial-el-pirata","to_ping":"","pinged":"","post_modified":"2022-10-14 11:54:38","post_modified_gmt":"2022-10-14 09:54:38","post_content_filtered":"","post_parent":0,"guid":"http:\/\/dev.claret.cat\/editorial\/editorial-el-pirata\/","menu_order":0,"post_type":"editorial","post_mime_type":"","comment_count":"0","filter":"raw"}]},"aioseo_notices":[],"_links":{"self":[{"href":"https:\/\/www.claret.cat\/es\/wp-json\/wp\/v2\/product\/1094462","targetHints":{"allow":["GET"]}}],"collection":[{"href":"https:\/\/www.claret.cat\/es\/wp-json\/wp\/v2\/product"}],"about":[{"href":"https:\/\/www.claret.cat\/es\/wp-json\/wp\/v2\/types\/product"}],"wp:featuredmedia":[{"embeddable":true,"href":"https:\/\/www.claret.cat\/es\/wp-json\/wp\/v2\/media\/1094463"}],"wp:attachment":[{"href":"https:\/\/www.claret.cat\/es\/wp-json\/wp\/v2\/media?parent=1094462"}],"wp:term":[{"taxonomy":"product_brand","embeddable":true,"href":"https:\/\/www.claret.cat\/es\/wp-json\/wp\/v2\/product_brand?post=1094462"},{"taxonomy":"product_cat","embeddable":true,"href":"https:\/\/www.claret.cat\/es\/wp-json\/wp\/v2\/product_cat?post=1094462"},{"taxonomy":"product_tag","embeddable":true,"href":"https:\/\/www.claret.cat\/es\/wp-json\/wp\/v2\/product_tag?post=1094462"}],"curies":[{"name":"wp","href":"https:\/\/api.w.org\/{rel}","templated":true}]}}