{"id":1094480,"date":"2026-04-02T17:01:16","date_gmt":"2026-04-02T15:01:16","guid":{"rendered":"https:\/\/www.claret.cat\/llibre\/que-todo-sobre-los-robots-9788410469242\/"},"modified":"2026-04-02T18:47:58","modified_gmt":"2026-04-02T16:47:58","slug":"que-todo-sobre-los-robots-9788410469242","status":"publish","type":"product","link":"https:\/\/www.claret.cat\/es\/libro\/que-todo-sobre-los-robots-9788410469242\/","title":{"rendered":"\u00bfQU\u00c9?&#8230; TODO SOBRE LOS ROBOTS"},"content":{"rendered":"<p>* Descubre el mundo de manera divertida a trav\u00e9s de las p\u00e1ginas de este libro, en el que podr\u00e1s encontrar respuestas a miles de preguntas sobre los robots. \u00bfC\u00f3mo funciona un robot? \u00bfQui\u00e9n ayuda en el campo y en el establo? \u00bfC\u00f3mo pueden salvar vidas los robots? \u00bfC\u00f3mo aprenden a pensar los robots? Un libro de conocimientos b\u00e1sicos para ni\u00f1os y ni\u00f1as, con numerosas solapas que permiten atisbar procesos, movimientos y secuencias, dibujos detallados con grandes descubrimientos y textos sencillos para explicar o leer.<\/p>\n","protected":false},"excerpt":{"rendered":"<p>ANDREA ERNE<\/p>\n","protected":false},"featured_media":1094664,"template":"","meta":{"_acf_changed":false,"om_disable_all_campaigns":false,"rs_blank_template":"","rs_page_bg_color":"","slide_template_v7":"","inline_featured_image":false,"_monsterinsights_skip_tracking":false,"_monsterinsights_sitenote_active":false,"_monsterinsights_sitenote_note":"","_monsterinsights_sitenote_category":0},"product_brand":[],"product_cat":[131,361],"product_tag":[],"class_list":{"0":"post-1094480","1":"product","2":"type-product","3":"status-publish","4":"has-post-thumbnail","6":"product_cat-contes-per-infants-0-6-anys","7":"product_cat-cuentos-para-ninos-0-6-anos","9":"first","10":"instock","11":"taxable","12":"shipping-taxable","13":"purchasable","14":"product-type-simple"},"acf":{"autor":"ANDREA ERNE","codart":"841046924","libros-coleccion":"","ediciones":"1","encuadernacion":"Carton\u00e9","fecha_de_publicacion":"01\/03\/2026","novedad":"1","paginas":"32","subtitulo":"","orden":"0","portada":"0","idioma":"spa","booktrailer":"","resenas":"","editorial":[{"ID":147554,"post_author":"3","post_date":"2022-10-14 11:51:27","post_date_gmt":"2022-10-14 09:51:27","post_content":"","post_title":"BLUME (Naturart)","post_excerpt":"","post_status":"publish","comment_status":"closed","ping_status":"closed","post_password":"","post_name":"blume-naturart","to_ping":"","pinged":"","post_modified":"2022-10-14 11:51:27","post_modified_gmt":"2022-10-14 09:51:27","post_content_filtered":"","post_parent":0,"guid":"http:\/\/dev.claret.cat\/editorial\/blume-naturart\/","menu_order":0,"post_type":"editorial","post_mime_type":"","comment_count":"0","filter":"raw"}]},"aioseo_notices":[],"_links":{"self":[{"href":"https:\/\/www.claret.cat\/es\/wp-json\/wp\/v2\/product\/1094480","targetHints":{"allow":["GET"]}}],"collection":[{"href":"https:\/\/www.claret.cat\/es\/wp-json\/wp\/v2\/product"}],"about":[{"href":"https:\/\/www.claret.cat\/es\/wp-json\/wp\/v2\/types\/product"}],"wp:featuredmedia":[{"embeddable":true,"href":"https:\/\/www.claret.cat\/es\/wp-json\/wp\/v2\/media\/1094664"}],"wp:attachment":[{"href":"https:\/\/www.claret.cat\/es\/wp-json\/wp\/v2\/media?parent=1094480"}],"wp:term":[{"taxonomy":"product_brand","embeddable":true,"href":"https:\/\/www.claret.cat\/es\/wp-json\/wp\/v2\/product_brand?post=1094480"},{"taxonomy":"product_cat","embeddable":true,"href":"https:\/\/www.claret.cat\/es\/wp-json\/wp\/v2\/product_cat?post=1094480"},{"taxonomy":"product_tag","embeddable":true,"href":"https:\/\/www.claret.cat\/es\/wp-json\/wp\/v2\/product_tag?post=1094480"}],"curies":[{"name":"wp","href":"https:\/\/api.w.org\/{rel}","templated":true}]}}