{"id":1094489,"date":"2026-04-02T17:03:08","date_gmt":"2026-04-02T15:03:08","guid":{"rendered":"https:\/\/www.claret.cat\/llibre\/la-muerte-y-la-primavera-9788473295178\/"},"modified":"2026-04-17T14:02:14","modified_gmt":"2026-04-17T12:02:14","slug":"la-muerte-y-la-primavera-9788473295178","status":"publish","type":"product","link":"https:\/\/www.claret.cat\/es\/libro\/la-muerte-y-la-primavera-9788473295178\/","title":{"rendered":"LA MUERTE Y LA PRIMAVERA"},"content":{"rendered":"<p>Antes de convertirse en uno de los autores m\u00e1s le\u00eddos de Espa\u00f1a, David Ucl\u00e9s nos dijo que La muerte y la primavera era su novela favorita. Desde entonces su fascinaci\u00f3n por Merc\u00e8 Rodoreda no ha parado de crecer \u2014hasta el punto de brindarnos esta edici\u00f3n especial, con una portada y un posfacio suyos. En un pueblo sin nombre donde las mujeres llevan los ojos vendados para evitar el deseo, un adolescente de catorce a\u00f1os empieza a rebelarse y siembra la semilla de una guerra civil. Merc\u00e8 Rodoreda, que seg\u00fan Garc\u00eda M\u00e1rquez escribi\u00f3 la novela &#8216;m\u00e1s bella que se ha publicado en Espa\u00f1a despu\u00e9s de la Guerra Civil&#8217;, nos brinda con esta novela p\u00f3stuma un espl\u00e9ndido testamento literario, en el que teje una trama aleg\u00f3rica para mostrarnos la realidad de la vida en las sociedades donde se ha destruido todo atisbo de libertad y donde se ha reprimido toda iniciativa individual. \u201cHoy La muerte y la primavera se considera la obra maestra de Rodoreda, una estrella oscura, una cicatriz dif\u00edcil de ocultar\u201d Mariana Enriquez<\/p>\n<p><\/p>\n<p><a href='https:\/\/www.claret.cat\/es\/catalogo\/?b=rodoreda' rel='noopener noreferrer' target='_blank'><strong>Consigue aqu\u00ed todos los libros de Merc\u00e8 Rodoreda en espa\u00f1ol <\/strong><\/a><\/p>\n","protected":false},"excerpt":{"rendered":"<p>MERC\u00c8 RODOREDA<\/p>\n","protected":false},"featured_media":1097443,"template":"","meta":{"_acf_changed":false,"om_disable_all_campaigns":false,"rs_blank_template":"","rs_page_bg_color":"","slide_template_v7":"","inline_featured_image":false,"_monsterinsights_skip_tracking":false,"_monsterinsights_sitenote_active":false,"_monsterinsights_sitenote_note":"","_monsterinsights_sitenote_category":0},"product_brand":[],"product_cat":[127,357],"product_tag":[],"class_list":{"0":"post-1094489","1":"product","2":"type-product","3":"status-publish","4":"has-post-thumbnail","6":"product_cat-novella-contemporania","7":"product_cat-novela-contemporanea","9":"first","10":"instock","11":"taxable","12":"shipping-taxable","13":"purchasable","14":"product-type-simple"},"acf":{"autor":"MERC\u00c8 RODOREDA","codart":"847329517","libros-coleccion":"","ediciones":"1","encuadernacion":"Carton\u00e9","fecha_de_publicacion":"01\/04\/2026","novedad":"1","paginas":"0","subtitulo":"","orden":"0","portada":"0","idioma":"spa","booktrailer":"","resenas":"","editorial":[{"ID":6163,"post_author":"3","post_date":"2022-07-28 17:46:15","post_date_gmt":"2022-07-28 15:46:15","post_content":"","post_title":"CLUB EDITOR","post_excerpt":"","post_status":"publish","comment_status":"closed","ping_status":"closed","post_password":"","post_name":"club-editor","to_ping":"","pinged":"","post_modified":"2022-07-28 17:46:15","post_modified_gmt":"2022-07-28 15:46:15","post_content_filtered":"","post_parent":0,"guid":"http:\/\/dev.claret.cat\/editorial\/club-editor\/","menu_order":0,"post_type":"editorial","post_mime_type":"","comment_count":"0","filter":"raw"}]},"aioseo_notices":[],"_links":{"self":[{"href":"https:\/\/www.claret.cat\/es\/wp-json\/wp\/v2\/product\/1094489","targetHints":{"allow":["GET"]}}],"collection":[{"href":"https:\/\/www.claret.cat\/es\/wp-json\/wp\/v2\/product"}],"about":[{"href":"https:\/\/www.claret.cat\/es\/wp-json\/wp\/v2\/types\/product"}],"wp:featuredmedia":[{"embeddable":true,"href":"https:\/\/www.claret.cat\/es\/wp-json\/wp\/v2\/media\/1097443"}],"wp:attachment":[{"href":"https:\/\/www.claret.cat\/es\/wp-json\/wp\/v2\/media?parent=1094489"}],"wp:term":[{"taxonomy":"product_brand","embeddable":true,"href":"https:\/\/www.claret.cat\/es\/wp-json\/wp\/v2\/product_brand?post=1094489"},{"taxonomy":"product_cat","embeddable":true,"href":"https:\/\/www.claret.cat\/es\/wp-json\/wp\/v2\/product_cat?post=1094489"},{"taxonomy":"product_tag","embeddable":true,"href":"https:\/\/www.claret.cat\/es\/wp-json\/wp\/v2\/product_tag?post=1094489"}],"curies":[{"name":"wp","href":"https:\/\/api.w.org\/{rel}","templated":true}]}}