{"id":1094498,"date":"2026-04-02T17:05:30","date_gmt":"2026-04-02T15:05:30","guid":{"rendered":"https:\/\/www.claret.cat\/llibre\/pg-leo-messi-9788411782746\/"},"modified":"2026-04-15T16:20:07","modified_gmt":"2026-04-15T14:20:07","slug":"pg-leo-messi-9788411782746","status":"publish","type":"product","link":"https:\/\/www.claret.cat\/es\/libro\/pg-leo-messi-9788411782746\/","title":{"rendered":"P&amp;G LEO MESSI"},"content":{"rendered":"<p>Lionel Messi, conocido por sus amigos como \u00abLeo\u00bb, descubri\u00f3 su pasi\u00f3n por el f\u00fatbol en las calles de Rosario, su ciudad natal. Cuando era adolescente, las noticias de su incre\u00edble talento como jugador llegaron a Europa y fue invitado a hacer una prueba para la cantera del FC Barcelona. Le ficharon y acordaron correr con los gastos m\u00e9dicos para su tratamiento por sus problemas de crecimiento. Cuando se traslad\u00f3 a vivir a Barcelona, no tard\u00f3 mucho en sentirse como en casa. Se uni\u00f3 al primer equipo y, durante los siguientes diecisiete a\u00f1os, marc\u00f3 m\u00e1s de 600 goles para el Bar\u00e7a con el que gan\u00f3 treinta y cinco trofeos. Ha conseguido cuatro t\u00edtulos con la selecci\u00f3n argentina, entre ellos la Copa del Mundo en 2022. Est\u00e1 considerado por muchos el mejor futbolista de todos los tiempos: ha recibido m\u00e1s Balones de Oro que nadie y ha ganado el Premio al Jugador del A\u00f1o de la FIFA dos veces.<\/p>\n","protected":false},"excerpt":{"rendered":"<p>MAR\u00cdA ISABEL S\u00c1NCHEZ VEGARA<\/p>\n","protected":false},"featured_media":1094499,"template":"","meta":{"_acf_changed":false,"om_disable_all_campaigns":false,"rs_blank_template":"","rs_page_bg_color":"","slide_template_v7":"","inline_featured_image":false,"_monsterinsights_skip_tracking":false,"_monsterinsights_sitenote_active":false,"_monsterinsights_sitenote_note":"","_monsterinsights_sitenote_category":0},"product_brand":[],"product_cat":[131,361],"product_tag":[],"class_list":{"0":"post-1094498","1":"product","2":"type-product","3":"status-publish","4":"has-post-thumbnail","6":"product_cat-contes-per-infants-0-6-anys","7":"product_cat-cuentos-para-ninos-0-6-anos","9":"first","10":"instock","11":"taxable","12":"shipping-taxable","13":"purchasable","14":"product-type-simple"},"acf":{"autor":"MAR\u00cdA ISABEL S\u00c1NCHEZ VEGARA","codart":"841178274","libros-coleccion":"","ediciones":"1","encuadernacion":"Carton\u00e9","fecha_de_publicacion":"01\/04\/2026","novedad":"1","paginas":"32","subtitulo":"AMP;G LEO MESSI","orden":"0","portada":"0","idioma":"cat","booktrailer":"","resenas":"","editorial":[{"ID":147382,"post_author":"3","post_date":"2022-10-14 11:50:09","post_date_gmt":"2022-10-14 09:50:09","post_content":"","post_title":"Alba Editorial","post_excerpt":"","post_status":"publish","comment_status":"closed","ping_status":"closed","post_password":"","post_name":"alba-editorial","to_ping":"","pinged":"","post_modified":"2022-10-14 11:50:09","post_modified_gmt":"2022-10-14 09:50:09","post_content_filtered":"","post_parent":0,"guid":"http:\/\/dev.claret.cat\/editorial\/alba-editorial\/","menu_order":0,"post_type":"editorial","post_mime_type":"","comment_count":"0","filter":"raw"}]},"aioseo_notices":[],"_links":{"self":[{"href":"https:\/\/www.claret.cat\/es\/wp-json\/wp\/v2\/product\/1094498","targetHints":{"allow":["GET"]}}],"collection":[{"href":"https:\/\/www.claret.cat\/es\/wp-json\/wp\/v2\/product"}],"about":[{"href":"https:\/\/www.claret.cat\/es\/wp-json\/wp\/v2\/types\/product"}],"wp:featuredmedia":[{"embeddable":true,"href":"https:\/\/www.claret.cat\/es\/wp-json\/wp\/v2\/media\/1094499"}],"wp:attachment":[{"href":"https:\/\/www.claret.cat\/es\/wp-json\/wp\/v2\/media?parent=1094498"}],"wp:term":[{"taxonomy":"product_brand","embeddable":true,"href":"https:\/\/www.claret.cat\/es\/wp-json\/wp\/v2\/product_brand?post=1094498"},{"taxonomy":"product_cat","embeddable":true,"href":"https:\/\/www.claret.cat\/es\/wp-json\/wp\/v2\/product_cat?post=1094498"},{"taxonomy":"product_tag","embeddable":true,"href":"https:\/\/www.claret.cat\/es\/wp-json\/wp\/v2\/product_tag?post=1094498"}],"curies":[{"name":"wp","href":"https:\/\/api.w.org\/{rel}","templated":true}]}}