{"id":1094522,"date":"2026-04-02T17:15:17","date_gmt":"2026-04-02T15:15:17","guid":{"rendered":"https:\/\/www.claret.cat\/llibre\/agata-detective-en-el-pais-de-los-cuentos-9791399025927\/"},"modified":"2026-04-21T20:05:29","modified_gmt":"2026-04-21T18:05:29","slug":"agata-detective-en-el-pais-de-los-cuentos-9791399025927","status":"publish","type":"product","link":"https:\/\/www.claret.cat\/es\/libro\/agata-detective-en-el-pais-de-los-cuentos-9791399025927\/","title":{"rendered":"\u00c1GATA DETECTIVE. EN EL PA\u00cdS DE LOS CUENTOS"},"content":{"rendered":"<p>Encuentras en tu frigor\u00edfico un huevo rojo y blanco muy raro. Es huevo de una extra\u00f1a especie ?de ave que se cre\u00eda extinguida. \u00a1No hay tiempo que perder! Devu\u00e9lvele el huevo a su due\u00f1a, que vive en lo m\u00e1s profundo de la sabana africana\u2026 \u00a1entre animales salvajes!<br \/> Una historia llena de sorpresas, aterradora y\u2026 \u00a1divertida! En cada p\u00e1gina, resuelve los enigmas, jerogl\u00edficos y otros juegos, luego elige tu propio camino yendo a una de las p\u00e1ginas propuestas. \u00a1Mucho \u00e1nimo y \u00e9xito en la b\u00fasqueda!<\/p>\n","protected":false},"excerpt":{"rendered":"<p>PAUL MARTIN<\/p>\n","protected":false},"featured_media":1094523,"template":"","meta":{"_acf_changed":false,"om_disable_all_campaigns":false,"rs_blank_template":"","rs_page_bg_color":"","slide_template_v7":"","inline_featured_image":false,"_monsterinsights_skip_tracking":false,"_monsterinsights_sitenote_active":false,"_monsterinsights_sitenote_note":"","_monsterinsights_sitenote_category":0},"product_brand":[],"product_cat":[131,361],"product_tag":[],"class_list":{"0":"post-1094522","1":"product","2":"type-product","3":"status-publish","4":"has-post-thumbnail","6":"product_cat-contes-per-infants-0-6-anys","7":"product_cat-cuentos-para-ninos-0-6-anos","9":"first","10":"instock","11":"taxable","12":"shipping-taxable","13":"purchasable","14":"product-type-simple"},"acf":{"autor":"PAUL MARTIN","codart":"139902592","libros-coleccion":"","ediciones":"1","encuadernacion":"R\u00fastica","fecha_de_publicacion":"01\/04\/2026","novedad":"1","paginas":"0","subtitulo":"MIS PRIMEROS ENIGMAS","orden":"0","portada":"0","idioma":"spa","booktrailer":"","resenas":"","editorial":[{"ID":1020281,"post_author":"3","post_date":"2025-05-07 17:40:15","post_date_gmt":"2025-05-07 15:40:15","post_content":"","post_title":"Bayard Kids","post_excerpt":"","post_status":"publish","comment_status":"closed","ping_status":"closed","post_password":"","post_name":"bayard-kids","to_ping":"","pinged":"","post_modified":"2025-05-07 17:40:15","post_modified_gmt":"2025-05-07 15:40:15","post_content_filtered":"","post_parent":0,"guid":"https:\/\/www.claret.cat\/editorial\/bayard-kids\/","menu_order":0,"post_type":"editorial","post_mime_type":"","comment_count":"0","filter":"raw"}]},"aioseo_notices":[],"_links":{"self":[{"href":"https:\/\/www.claret.cat\/es\/wp-json\/wp\/v2\/product\/1094522","targetHints":{"allow":["GET"]}}],"collection":[{"href":"https:\/\/www.claret.cat\/es\/wp-json\/wp\/v2\/product"}],"about":[{"href":"https:\/\/www.claret.cat\/es\/wp-json\/wp\/v2\/types\/product"}],"wp:featuredmedia":[{"embeddable":true,"href":"https:\/\/www.claret.cat\/es\/wp-json\/wp\/v2\/media\/1094523"}],"wp:attachment":[{"href":"https:\/\/www.claret.cat\/es\/wp-json\/wp\/v2\/media?parent=1094522"}],"wp:term":[{"taxonomy":"product_brand","embeddable":true,"href":"https:\/\/www.claret.cat\/es\/wp-json\/wp\/v2\/product_brand?post=1094522"},{"taxonomy":"product_cat","embeddable":true,"href":"https:\/\/www.claret.cat\/es\/wp-json\/wp\/v2\/product_cat?post=1094522"},{"taxonomy":"product_tag","embeddable":true,"href":"https:\/\/www.claret.cat\/es\/wp-json\/wp\/v2\/product_tag?post=1094522"}],"curies":[{"name":"wp","href":"https:\/\/api.w.org\/{rel}","templated":true}]}}