{"id":1094571,"date":"2026-04-02T17:35:45","date_gmt":"2026-04-02T15:35:45","guid":{"rendered":"https:\/\/www.claret.cat\/llibre\/veinte-poemas-de-amor-y-una-cancion-desesperada-9786075575605\/"},"modified":"2026-04-14T13:40:25","modified_gmt":"2026-04-14T11:40:25","slug":"veinte-poemas-de-amor-y-una-cancion-desesperada-9786075575605","status":"publish","type":"product","link":"https:\/\/www.claret.cat\/es\/libro\/veinte-poemas-de-amor-y-una-cancion-desesperada-9786075575605\/","title":{"rendered":"VEINTE POEMAS DE AMOR Y UNA CANCI\u00d3N DESESPERADA"},"content":{"rendered":"<p>Publicado originalmente el 15 de junio de 1924, este poemario se ha convertido en el m\u00e1s vendido y traducido<br \/> de la historia en lengua espa\u00f1ola, y catapult\u00f3 a Pablo Neruda a la fama mundial cuando contaba tan s\u00f3lo con<br \/> diecinueve a\u00f1os de edad. Fruto de su juventud, pero tambi\u00e9n de una madurez y destreza inusitadas en el uso<br \/> del lenguaje, Neruda parte de la influencia po\u00e9tica modernista para crear una nueva expresividad. En estos<br \/> poemas, donde emergen los paisajes naturales de su Chile natal, el autor proclama la tristeza y la angustia,<br \/> pero tambi\u00e9n el gozo y la sensualidad que provocan en el ser humano la experiencia del primer amor.<br \/> \u00abLa poes\u00eda de Pablo Neruda se levanta con un tono nunca igualado en Am\u00e9rica, de<br \/> pasi\u00f3n, de ternura y sinceridad\u00bb. Federico Garc\u00eda Lorca<\/p>\n","protected":false},"excerpt":{"rendered":"<p>NERUDA, PABLO<\/p>\n","protected":false},"featured_media":1094572,"template":"","meta":{"_acf_changed":false,"om_disable_all_campaigns":false,"rs_blank_template":"","rs_page_bg_color":"","slide_template_v7":"","inline_featured_image":false,"_monsterinsights_skip_tracking":false,"_monsterinsights_sitenote_active":false,"_monsterinsights_sitenote_note":"","_monsterinsights_sitenote_category":0},"product_brand":[],"product_cat":[354,123],"product_tag":[],"class_list":{"0":"post-1094571","1":"product","2":"type-product","3":"status-publish","4":"has-post-thumbnail","6":"product_cat-clasica","7":"product_cat-classica","9":"first","10":"instock","11":"taxable","12":"shipping-taxable","13":"purchasable","14":"product-type-simple"},"acf":{"autor":"NERUDA, PABLO","codart":"607557560","libros-coleccion":"Cl\u00e1sicos","ediciones":"1","encuadernacion":"Carton\u00e9","fecha_de_publicacion":"01\/06\/2022","novedad":"1","paginas":"0","subtitulo":"","orden":"0","portada":"0","idioma":"spa","booktrailer":"","resenas":"","editorial":[{"ID":148013,"post_author":"3","post_date":"2022-10-14 11:54:58","post_date_gmt":"2022-10-14 09:54:58","post_content":"","post_title":"EDITORIAL OCEANO","post_excerpt":"","post_status":"publish","comment_status":"closed","ping_status":"closed","post_password":"","post_name":"editorial-oceano","to_ping":"","pinged":"","post_modified":"2022-10-14 11:54:58","post_modified_gmt":"2022-10-14 09:54:58","post_content_filtered":"","post_parent":0,"guid":"http:\/\/dev.claret.cat\/editorial\/editorial-oceano\/","menu_order":0,"post_type":"editorial","post_mime_type":"","comment_count":"0","filter":"raw"}]},"aioseo_notices":[],"_links":{"self":[{"href":"https:\/\/www.claret.cat\/es\/wp-json\/wp\/v2\/product\/1094571","targetHints":{"allow":["GET"]}}],"collection":[{"href":"https:\/\/www.claret.cat\/es\/wp-json\/wp\/v2\/product"}],"about":[{"href":"https:\/\/www.claret.cat\/es\/wp-json\/wp\/v2\/types\/product"}],"wp:featuredmedia":[{"embeddable":true,"href":"https:\/\/www.claret.cat\/es\/wp-json\/wp\/v2\/media\/1094572"}],"wp:attachment":[{"href":"https:\/\/www.claret.cat\/es\/wp-json\/wp\/v2\/media?parent=1094571"}],"wp:term":[{"taxonomy":"product_brand","embeddable":true,"href":"https:\/\/www.claret.cat\/es\/wp-json\/wp\/v2\/product_brand?post=1094571"},{"taxonomy":"product_cat","embeddable":true,"href":"https:\/\/www.claret.cat\/es\/wp-json\/wp\/v2\/product_cat?post=1094571"},{"taxonomy":"product_tag","embeddable":true,"href":"https:\/\/www.claret.cat\/es\/wp-json\/wp\/v2\/product_tag?post=1094571"}],"curies":[{"name":"wp","href":"https:\/\/api.w.org\/{rel}","templated":true}]}}