{"id":1094583,"date":"2026-04-02T17:50:29","date_gmt":"2026-04-02T15:50:29","guid":{"rendered":"https:\/\/www.claret.cat\/llibre\/y-yo-mas-9791387686369\/"},"modified":"2026-04-02T18:05:25","modified_gmt":"2026-04-02T16:05:25","slug":"y-yo-mas-9791387686369","status":"publish","type":"product","link":"https:\/\/www.claret.cat\/es\/libro\/y-yo-mas-9791387686369\/","title":{"rendered":"\u00a1Y YO M\u00c1S!"},"content":{"rendered":"<p>\u00abSoy grande\u00bb, dice el hermano peque\u00f1o. \u00abYo soy m\u00e1s grande\u00bb, responde su hermana. \u00abSoy alto\u00bb. \u00abNo tan alta como yo\u00bb. Lo que empieza como un juego de comparaciones pronto se convierte en empat\u00eda y, finalmente, en una conmovedora expresi\u00f3n de amor.<br \/> Esta es la historia de un hermano peque\u00f1o que quiere ser el mejor, y de su hermana mayor, que tambi\u00e9n quiere serlo. A trav\u00e9s de la competencia y los miedos, de las peleas y los abrazos, ambos descubren que juntos pueden vencer incluso a la oscuridad.<br \/> Este libro de cart\u00f3n, con esquinas redondeadas, muy colorido y con tipograf\u00eda en may\u00fasculas, es ideal para abordar la relaci\u00f3n entre hermanos\u2026 o entre seres queridos.<br \/> Un divertido juego de retos en el que, al final, siempre triunfa el amor.<\/p>\n","protected":false},"excerpt":{"rendered":"<p>TAMI HAREL<\/p>\n","protected":false},"featured_media":1094584,"template":"","meta":{"_acf_changed":false,"om_disable_all_campaigns":false,"rs_blank_template":"","rs_page_bg_color":"","slide_template_v7":"","inline_featured_image":false,"_monsterinsights_skip_tracking":false,"_monsterinsights_sitenote_active":false,"_monsterinsights_sitenote_note":"","_monsterinsights_sitenote_category":0},"product_brand":[],"product_cat":[131,361],"product_tag":[],"class_list":{"0":"post-1094583","1":"product","2":"type-product","3":"status-publish","4":"has-post-thumbnail","6":"product_cat-contes-per-infants-0-6-anys","7":"product_cat-cuentos-para-ninos-0-6-anos","9":"first","10":"instock","11":"taxable","12":"shipping-taxable","13":"purchasable","14":"product-type-simple"},"acf":{"autor":"TAMI HAREL","codart":"138768636","libros-coleccion":"","ediciones":"1","encuadernacion":"Carpeta","fecha_de_publicacion":"01\/04\/2026","novedad":"1","paginas":"12","subtitulo":"","orden":"0","portada":"0","idioma":"spa","booktrailer":"","resenas":"","editorial":[{"ID":147996,"post_author":"3","post_date":"2022-10-14 11:54:50","post_date_gmt":"2022-10-14 09:54:50","post_content":"","post_title":"Editorial K\u00f3kinos","post_excerpt":"","post_status":"publish","comment_status":"closed","ping_status":"closed","post_password":"","post_name":"editorial-kokinos","to_ping":"","pinged":"","post_modified":"2022-10-14 11:54:50","post_modified_gmt":"2022-10-14 09:54:50","post_content_filtered":"","post_parent":0,"guid":"http:\/\/dev.claret.cat\/editorial\/editorial-kokinos\/","menu_order":0,"post_type":"editorial","post_mime_type":"","comment_count":"0","filter":"raw"}]},"aioseo_notices":[],"_links":{"self":[{"href":"https:\/\/www.claret.cat\/es\/wp-json\/wp\/v2\/product\/1094583","targetHints":{"allow":["GET"]}}],"collection":[{"href":"https:\/\/www.claret.cat\/es\/wp-json\/wp\/v2\/product"}],"about":[{"href":"https:\/\/www.claret.cat\/es\/wp-json\/wp\/v2\/types\/product"}],"wp:featuredmedia":[{"embeddable":true,"href":"https:\/\/www.claret.cat\/es\/wp-json\/wp\/v2\/media\/1094584"}],"wp:attachment":[{"href":"https:\/\/www.claret.cat\/es\/wp-json\/wp\/v2\/media?parent=1094583"}],"wp:term":[{"taxonomy":"product_brand","embeddable":true,"href":"https:\/\/www.claret.cat\/es\/wp-json\/wp\/v2\/product_brand?post=1094583"},{"taxonomy":"product_cat","embeddable":true,"href":"https:\/\/www.claret.cat\/es\/wp-json\/wp\/v2\/product_cat?post=1094583"},{"taxonomy":"product_tag","embeddable":true,"href":"https:\/\/www.claret.cat\/es\/wp-json\/wp\/v2\/product_tag?post=1094583"}],"curies":[{"name":"wp","href":"https:\/\/api.w.org\/{rel}","templated":true}]}}