{"id":109459,"date":"2022-10-12T13:32:23","date_gmt":"2022-10-12T11:32:23","guid":{"rendered":"http:\/\/dev.claret.cat\/producte\/la-comunicacion-y-el-enigma-de-la-relacion\/"},"modified":"2026-01-19T12:03:53","modified_gmt":"2026-01-19T11:03:53","slug":"la-comunicacion-y-el-enigma-de-la-relacion-9788431334635","status":"publish","type":"product","link":"https:\/\/www.claret.cat\/es\/libro\/la-comunicacion-y-el-enigma-de-la-relacion-9788431334635\/","title":{"rendered":"LA COMUNICACI\u00d3N Y EL ENIGMA DE LA RELACI\u00d3N"},"content":{"rendered":"<p>A la luz de los fen\u00f3menos sociales m\u00e1s recientes y del debate contempor\u00e1neo sobre la comunicaci\u00f3n, este libro quiere responder a dos grandes objetivos: identificar el v\u00ednculo existente entre comunicaci\u00f3n y relaci\u00f3n social, y evidenciar aquellos elementos que se podr\u00edan considerar originales dentro del pensamiento de Pierpaolo Donati, en cuanto que abren nuevas pistas para repensar la acci\u00f3n comunicativa.<br \/> Propone comprender la comunicaci\u00f3n como una relaci\u00f3n compleja en la que se establece un nexo entre los sujetos, la naturaleza y las estructuras sociales; subraya la importancia de la reflexividad en los sujetos de la comunicaci\u00f3n y su rol en los procesos de morfog\u00e9nesis del social; evidencia que la mirada relacional puede ofrecer elementos para dar vida a narrativas alternativas a las narrativas dial\u00e9cticas o polarizantes que dominan el escenario comunicativo actual; y propone medir la calidad de la comunicaci\u00f3n, no tanto por sus efectos o su impacto, sino por su capacidad de producir bienes relacionales.<br \/> El volumen contiene propuestas osadas ya que en su \u00faltimo cap\u00edtulo penetra en un territorio de frontera que, en torno a la categor\u00eda de relaci\u00f3n, ve en di\u00e1logo las ciencias de la comunicaci\u00f3n con la sociolog\u00eda y la teolog\u00eda.<\/p>\n","protected":false},"excerpt":{"rendered":"<p>MONTOYA MONTOYA, ANA CRISTINA<\/p>\n","protected":false},"featured_media":109460,"template":"","meta":{"_acf_changed":false,"om_disable_all_campaigns":false,"rs_blank_template":"","rs_page_bg_color":"","slide_template_v7":"","inline_featured_image":false,"_monsterinsights_skip_tracking":false,"_monsterinsights_sitenote_active":false,"_monsterinsights_sitenote_note":"","_monsterinsights_sitenote_category":0},"product_brand":[],"product_cat":[194,457],"product_tag":[],"class_list":{"0":"post-109459","1":"product","2":"type-product","3":"status-publish","4":"has-post-thumbnail","6":"product_cat-comunicacio-i-noves-teconologies","7":"product_cat-comunicacion-y-nuevas-teconologias","9":"first","10":"instock","11":"taxable","12":"shipping-taxable","13":"purchasable","14":"product-type-simple"},"acf":{"editorial":[{"ID":6251,"post_author":"3","post_date":"2022-07-28 17:48:11","post_date_gmt":"2022-07-28 15:48:11","post_content":"","post_title":"EUNSA. EDICIONES UNIVERSIDAD DE NAVARRA","post_excerpt":"","post_status":"publish","comment_status":"closed","ping_status":"closed","post_password":"","post_name":"eunsa-ediciones-universidad-de-navarra","to_ping":"","pinged":"","post_modified":"2022-07-28 17:48:11","post_modified_gmt":"2022-07-28 15:48:11","post_content_filtered":"","post_parent":0,"guid":"http:\/\/dev.claret.cat\/editorial\/eunsa-ediciones-universidad-de-navarra\/","menu_order":0,"post_type":"editorial","post_mime_type":"","comment_count":"0","filter":"raw"}],"autor":"MONTOYA MONTOYA, ANA CRISTINA","codart":"843133463","libros-coleccion":"FORA DE COL.LECCI\u00d3","ediciones":"1","encuadernacion":"R\u00fastica","fecha_de_publicacion":"01\/06\/2020","novedad":"1","paginas":"240","subtitulo":"","orden":"0","portada":"0","idioma":"spa","autores-libros":[{"ID":150067,"post_author":"3","post_date":"2022-10-14 14:29:57","post_date_gmt":"2022-10-14 12:29:57","post_content":"","post_title":"ANA CRISTINA MONTOYA MONTOYA","post_excerpt":"","post_status":"publish","comment_status":"closed","ping_status":"closed","post_password":"","post_name":"ana-cristina-montoya-montoya","to_ping":"","pinged":"","post_modified":"2022-10-14 14:29:57","post_modified_gmt":"2022-10-14 12:29:57","post_content_filtered":"","post_parent":0,"guid":"http:\/\/dev.claret.cat\/autor\/ana-cristina-montoya-montoya\/","menu_order":0,"post_type":"autor","post_mime_type":"","comment_count":"0","filter":"raw"}],"booktrailer":"","resenas":""},"aioseo_notices":[],"_links":{"self":[{"href":"https:\/\/www.claret.cat\/es\/wp-json\/wp\/v2\/product\/109459","targetHints":{"allow":["GET"]}}],"collection":[{"href":"https:\/\/www.claret.cat\/es\/wp-json\/wp\/v2\/product"}],"about":[{"href":"https:\/\/www.claret.cat\/es\/wp-json\/wp\/v2\/types\/product"}],"wp:featuredmedia":[{"embeddable":true,"href":"https:\/\/www.claret.cat\/es\/wp-json\/wp\/v2\/media\/109460"}],"wp:attachment":[{"href":"https:\/\/www.claret.cat\/es\/wp-json\/wp\/v2\/media?parent=109459"}],"wp:term":[{"taxonomy":"product_brand","embeddable":true,"href":"https:\/\/www.claret.cat\/es\/wp-json\/wp\/v2\/product_brand?post=109459"},{"taxonomy":"product_cat","embeddable":true,"href":"https:\/\/www.claret.cat\/es\/wp-json\/wp\/v2\/product_cat?post=109459"},{"taxonomy":"product_tag","embeddable":true,"href":"https:\/\/www.claret.cat\/es\/wp-json\/wp\/v2\/product_tag?post=109459"}],"curies":[{"name":"wp","href":"https:\/\/api.w.org\/{rel}","templated":true}]}}