{"id":109462,"date":"2022-10-12T13:32:25","date_gmt":"2022-10-12T11:32:25","guid":{"rendered":"http:\/\/dev.claret.cat\/producte\/matant-el-temps\/"},"modified":"2025-02-01T00:31:10","modified_gmt":"2025-01-31T23:31:10","slug":"matant-el-temps-9788417868826","status":"publish","type":"product","link":"https:\/\/www.claret.cat\/es\/libro\/matant-el-temps-9788417868826\/","title":{"rendered":"MATANT EL TEMPS"},"content":{"rendered":"<p>Onze relats que conformen una inspiradora hist\u00f2ria de creixement de la m\u00e0 d&#8221;una de les veus m\u00e9s interessants de la literatura irlandesa actual.<\/p>\n<p>Els onze relats que conformen Matant el temps, cadascun d&#8221;aquests en forma d&#8221;inspirad\u00edssima hist\u00f2ria de creixement, porten el lector de Belfast a Londres en un viatge d&#8221;anada i tornada, mentre exploren qu\u00e8 significa fer-se gran: el dolor i l&#8221;angoixa, la tendresa i l&#8221;alegria, la m\u00e0gia fugissera dels primers moments que mai m\u00e9s no tornaran. S\u00f3n hist\u00f2ries de primers amors, de despertar sexual i seducci\u00f3, per\u00f2 tamb\u00e9 d&#8221;amistat, de la fam\u00edlia i de la certesa de saber que ja no som el nen que vam ser una vegada.<\/p>\n<p>Lucy Caldwell s&#8221;endinsa en la innoc\u00e8ncia dels m\u00e9s petits, els dolors de l&#8221;adolesc\u00e8ncia i el temor, sempre present, dels pares.<\/p>\n<p>\u00abAquestes hist\u00f2ries s\u00f3n una imatge fidel dels problemes als quals han d&#8221;enfrontar-se les dones d&#8221;avui.\u00bb The Guardian<\/p>\n<p>\u00abLucy Caldwell s&#8221;aproxima amb gran sensibilitat als personatges de la seva obra. En coneix els racons m\u00e9s ocults del seu cor, i ens explica les seves hist\u00f2ries de manera versemblant i tendra\u00bb. The Independent<\/p>\n<p>\u00abMatant el temps \u00e9s un llibre vital, immensament hum\u00e0 i sincer.\u00bb The Irish Times<\/p>\n<p>\u00abUna veritable obra d&#8221;art que ens demostra que tots, tot i ser diferents, patim els mateixos problemes en el nostre cam\u00ed cap a la vida adulta.\u00bb The Scotsman<\/p>\n","protected":false},"excerpt":{"rendered":"<p>CALDWELL, LUCY<\/p>\n","protected":false},"featured_media":109463,"template":"","meta":{"_acf_changed":false,"om_disable_all_campaigns":false,"rs_blank_template":"","rs_page_bg_color":"","slide_template_v7":"","inline_featured_image":false,"_monsterinsights_skip_tracking":false,"_monsterinsights_sitenote_active":false,"_monsterinsights_sitenote_note":"","_monsterinsights_sitenote_category":0},"product_brand":[],"product_cat":[127,357],"product_tag":[],"class_list":{"0":"post-109462","1":"product","2":"type-product","3":"status-publish","4":"has-post-thumbnail","6":"product_cat-novella-contemporania","7":"product_cat-novela-contemporanea","9":"first","10":"instock","11":"taxable","12":"shipping-taxable","13":"purchasable","14":"product-type-simple"},"acf":{"editorial":[{"ID":6384,"post_author":"3","post_date":"2022-07-28 17:51:02","post_date_gmt":"2022-07-28 15:51:02","post_content":"","post_title":"Univers Llibres","post_excerpt":"","post_status":"publish","comment_status":"closed","ping_status":"closed","post_password":"","post_name":"univers-llibres","to_ping":"","pinged":"","post_modified":"2022-07-28 17:51:02","post_modified_gmt":"2022-07-28 15:51:02","post_content_filtered":"","post_parent":0,"guid":"http:\/\/dev.claret.cat\/editorial\/univers-llibres\/","menu_order":0,"post_type":"editorial","post_mime_type":"","comment_count":"0","filter":"raw"}],"autor":"CALDWELL, LUCY","codart":"841786882","libros-coleccion":"Univers","ediciones":"1","encuadernacion":"R\u00fastica","fecha_de_publicacion":"01\/07\/2020","novedad":"1","paginas":"176","subtitulo":"","orden":"0","portada":"0","idioma":"cat","autores-libros":[{"ID":162621,"post_author":"3","post_date":"2022-10-14 17:32:28","post_date_gmt":"2022-10-14 15:32:28","post_content":"","post_title":"LUCY CALDWELL","post_excerpt":"","post_status":"publish","comment_status":"closed","ping_status":"closed","post_password":"","post_name":"lucy-caldwell","to_ping":"","pinged":"","post_modified":"2022-10-14 17:32:28","post_modified_gmt":"2022-10-14 15:32:28","post_content_filtered":"","post_parent":0,"guid":"http:\/\/dev.claret.cat\/autor\/lucy-caldwell\/","menu_order":0,"post_type":"autor","post_mime_type":"","comment_count":"0","filter":"raw"}]},"aioseo_notices":[],"_links":{"self":[{"href":"https:\/\/www.claret.cat\/es\/wp-json\/wp\/v2\/product\/109462","targetHints":{"allow":["GET"]}}],"collection":[{"href":"https:\/\/www.claret.cat\/es\/wp-json\/wp\/v2\/product"}],"about":[{"href":"https:\/\/www.claret.cat\/es\/wp-json\/wp\/v2\/types\/product"}],"wp:featuredmedia":[{"embeddable":true,"href":"https:\/\/www.claret.cat\/es\/wp-json\/wp\/v2\/media\/109463"}],"wp:attachment":[{"href":"https:\/\/www.claret.cat\/es\/wp-json\/wp\/v2\/media?parent=109462"}],"wp:term":[{"taxonomy":"product_brand","embeddable":true,"href":"https:\/\/www.claret.cat\/es\/wp-json\/wp\/v2\/product_brand?post=109462"},{"taxonomy":"product_cat","embeddable":true,"href":"https:\/\/www.claret.cat\/es\/wp-json\/wp\/v2\/product_cat?post=109462"},{"taxonomy":"product_tag","embeddable":true,"href":"https:\/\/www.claret.cat\/es\/wp-json\/wp\/v2\/product_tag?post=109462"}],"curies":[{"name":"wp","href":"https:\/\/api.w.org\/{rel}","templated":true}]}}