{"id":1094652,"date":"2026-04-02T18:46:04","date_gmt":"2026-04-02T16:46:04","guid":{"rendered":"https:\/\/www.claret.cat\/llibre\/superintestino-9788425372926\/"},"modified":"2026-04-23T12:01:12","modified_gmt":"2026-04-23T10:01:12","slug":"superintestino-9788425372926","status":"publish","type":"product","link":"https:\/\/www.claret.cat\/es\/libro\/superintestino-9788425372926\/","title":{"rendered":"SUPERINTESTINO"},"content":{"rendered":"<p>Un plan de 4 semanas para sanar tu microbiota, recuperar la salud y perder peso, del autor bestseller de Sin trigo, gracias, el Dr. William Davis \u00abSuperintestino revela que nuestra salud depende en gran medida de la inmensa variedad de microorganismos que viven en nosotros, y nos muestra c\u00f3mo podemos manipular esa relaci\u00f3n a nuestro favor\u00bb Dr. DAVID PERLMUTTER, autor del bestseller Cerebro de pan El doctor William Davis conoce bien la estrecha conexi\u00f3n que existe entre la salud intestinal y muchas de las dolencias y molestias actuales m\u00e1s comunes. En Superintestino, el doctor Davis presenta un plan de cuatro semanas para reprogramar tu microbiota. Su enfoque basado en investigaciones y t\u00e9cnicas revolucionarias de \u00faltima generaci\u00f3n: * ataca la ra\u00edz de m\u00faltiples enfermedades, como el SIBO y el SIFO * mejora los niveles de oxitocina * favorece la salud cerebral * retrasa el envejecimiento * promueve la p\u00e9rdida de peso La lectura de Superintestino, salpicada de explicaciones cient\u00edficas y casos cl\u00ednicos, y con m\u00e1s de cuarenta recetas para aplicar el programa de forma pr\u00e1ctica, te ayudar\u00e1 a identificar y erradicar los problemas intestinales y a mantener una salud duradera.Lo que dicen los expertos:<br \/>\u00abSuperintestino es la gu\u00eda b\u00e1sica y fundamental para tener una vida larga, saludable y productiva Con recomendaciones f\u00e1ciles de poner en pr\u00e1ctica, no tardar\u00e1s en agradecer profundamente haber invertido tiempo en leerlo y aplicarlo Toda enfermedad comienza en el intestino. \u00a1As\u00ed que construye un superintestino!\u00bb.<br \/>Dr. TOM O&#8221;BRYAN, autor de The Autoimmune Fix y You Can Fix Your Brain<\/p>\n<p>\u00abLas bacterias no son las villanas! El plan del doctor Davis te ayuda a reparar la microbiota y a combatir a los culpables que nos privan de los probi\u00f3ticos naturales esenciales para mantener un intestino sano. Bravo al doctor Davis por esta nueva y valiosa contribuci\u00f3n\u00bb.<br \/>Dr. RAPHAEL KELLMAN, fundador de Microbiome Medicine, autor de The Microbiome Diet, The Microbiome Breakthrough, Microbiome Thyroid<\/p>\n<p>\u00abUna mirada fascinante a la ciencia del microbioma intestinal y sus implicaciones para la salud humana. El doctor Davis arroja su habitual luz sobreeste campo cient\u00edfico y lo complementa con consejos pr\u00e1cticos\u00bb.<br \/>Dr. JASON FUNG, autor de The Obesity Code, best seller de The New York Times<\/p>\n<p>\u00abEl doctor Davis muestra c\u00f3mo podemos c\u00f3mo podemos restaurar el microbioma y revertir, a menudo con resultados espectaculares, una epidemia de sobrecrecimiento de especies indeseables. Las estrategias y las recetas de Superintestino aseguran que el lector est\u00e9 bien equipado pararecuperar la salud, la vitalidad e incluso la juventud\u00bb.<br \/>Dr. MARK HYMAN, autor de Vive joven, best seller de The New York Times<\/p>\n","protected":false},"excerpt":{"rendered":"<p>DR. WILLIAM DAVIS<\/p>\n","protected":false},"featured_media":1094653,"template":"","meta":{"_acf_changed":false,"om_disable_all_campaigns":false,"rs_blank_template":"","rs_page_bg_color":"","slide_template_v7":"","inline_featured_image":false,"_monsterinsights_skip_tracking":false,"_monsterinsights_sitenote_active":false,"_monsterinsights_sitenote_note":"","_monsterinsights_sitenote_category":0},"product_brand":[],"product_cat":[547,97],"product_tag":[],"class_list":{"0":"post-1094652","1":"product","2":"type-product","3":"status-publish","4":"has-post-thumbnail","6":"product_cat-salud","7":"product_cat-salut","9":"first","10":"instock","11":"taxable","12":"shipping-taxable","13":"purchasable","14":"product-type-simple"},"acf":{"autor":"DR. WILLIAM DAVIS","codart":"842537292","libros-coleccion":"","ediciones":"1","encuadernacion":"R\u00fastica","fecha_de_publicacion":"01\/04\/2026","novedad":"1","paginas":"388","subtitulo":"RESTAURA TU MICROBIOTA PARA SANAR, PERDER PESO Y REJUVENECER DESDE DENTRO","orden":"0","portada":"0","idioma":"spa","booktrailer":"","resenas":"","editorial":[{"ID":6263,"post_author":"3","post_date":"2022-07-28 17:48:27","post_date_gmt":"2022-07-28 15:48:27","post_content":"","post_title":"GRIJALBO","post_excerpt":"","post_status":"publish","comment_status":"closed","ping_status":"closed","post_password":"","post_name":"grijalbo","to_ping":"","pinged":"","post_modified":"2022-07-28 17:48:27","post_modified_gmt":"2022-07-28 15:48:27","post_content_filtered":"","post_parent":0,"guid":"http:\/\/dev.claret.cat\/editorial\/grijalbo\/","menu_order":0,"post_type":"editorial","post_mime_type":"","comment_count":"0","filter":"raw"}]},"aioseo_notices":[],"_links":{"self":[{"href":"https:\/\/www.claret.cat\/es\/wp-json\/wp\/v2\/product\/1094652","targetHints":{"allow":["GET"]}}],"collection":[{"href":"https:\/\/www.claret.cat\/es\/wp-json\/wp\/v2\/product"}],"about":[{"href":"https:\/\/www.claret.cat\/es\/wp-json\/wp\/v2\/types\/product"}],"wp:featuredmedia":[{"embeddable":true,"href":"https:\/\/www.claret.cat\/es\/wp-json\/wp\/v2\/media\/1094653"}],"wp:attachment":[{"href":"https:\/\/www.claret.cat\/es\/wp-json\/wp\/v2\/media?parent=1094652"}],"wp:term":[{"taxonomy":"product_brand","embeddable":true,"href":"https:\/\/www.claret.cat\/es\/wp-json\/wp\/v2\/product_brand?post=1094652"},{"taxonomy":"product_cat","embeddable":true,"href":"https:\/\/www.claret.cat\/es\/wp-json\/wp\/v2\/product_cat?post=1094652"},{"taxonomy":"product_tag","embeddable":true,"href":"https:\/\/www.claret.cat\/es\/wp-json\/wp\/v2\/product_tag?post=1094652"}],"curies":[{"name":"wp","href":"https:\/\/api.w.org\/{rel}","templated":true}]}}