{"id":1094762,"date":"2026-04-07T10:00:46","date_gmt":"2026-04-07T08:00:46","guid":{"rendered":"https:\/\/www.claret.cat\/llibre\/erase-una-vez-que-ves-los-tres-cerditos-9788448872014\/"},"modified":"2026-04-07T15:41:16","modified_gmt":"2026-04-07T13:41:16","slug":"erase-una-vez-que-ves-los-tres-cerditos-9788448872014","status":"publish","type":"product","link":"https:\/\/www.claret.cat\/es\/libro\/erase-una-vez-que-ves-los-tres-cerditos-9788448872014\/","title":{"rendered":"\u00c9RASE UNA VEZ&#8230; \u00bfQU\u00c9 VES? &#8211; LOS TRES CERDITOS"},"content":{"rendered":"<p>\u00c9rase una vez \u00bfqu\u00e9 ves? Juega con las solapas y descubre la historia de LOS TRES CERDITOS. El cl\u00e1sico cuento de Los Tres Cerditos, ahora en una nueva versi\u00f3n irresistible, pensada para sorprender a los lectores de hoy. Esta edici\u00f3n propone una nueva forma de acercarse a la historia original con un formato grande y lleno de color y solapas a cada p\u00e1gina, tras las que se esconden sorpresas que dan una vuelta inesperada al cuento. Esta nueva colecci\u00f3n recupera los cuentos m\u00e1s cl\u00e1sicos y los cuenta de manera m\u00e1s visual l\u00fadica y divertida que nunca. Una invitaci\u00f3n a disfrutar de los cuentos de siempre y a compartir historias que se descubren una y otra vez.<\/p>\n","protected":false},"excerpt":{"rendered":"<p>AAVV<\/p>\n","protected":false},"featured_media":1095074,"template":"","meta":{"_acf_changed":false,"om_disable_all_campaigns":false,"rs_blank_template":"","rs_page_bg_color":"","slide_template_v7":"","inline_featured_image":false,"_monsterinsights_skip_tracking":false,"_monsterinsights_sitenote_active":false,"_monsterinsights_sitenote_note":"","_monsterinsights_sitenote_category":0},"product_brand":[],"product_cat":[131,361],"product_tag":[],"class_list":{"0":"post-1094762","1":"product","2":"type-product","3":"status-publish","4":"has-post-thumbnail","6":"product_cat-contes-per-infants-0-6-anys","7":"product_cat-cuentos-para-ninos-0-6-anos","9":"first","10":"instock","11":"taxable","12":"shipping-taxable","13":"purchasable","14":"product-type-simple"},"acf":{"autor":"AAVV","codart":"844887201","libros-coleccion":"","ediciones":"1","encuadernacion":"Carton\u00e9","fecha_de_publicacion":"01\/04\/2026","novedad":"1","paginas":"32","subtitulo":"CUENTOS CL\u00c1SICOS CON MUCHAS SOLAPAS","orden":"0","portada":"0","idioma":"spa","booktrailer":"","resenas":"","editorial":[{"ID":6141,"post_author":"3","post_date":"2022-07-28 17:45:46","post_date_gmt":"2022-07-28 15:45:46","post_content":"","post_title":"BEASCOA","post_excerpt":"","post_status":"publish","comment_status":"closed","ping_status":"closed","post_password":"","post_name":"beascoa","to_ping":"","pinged":"","post_modified":"2022-07-28 17:45:46","post_modified_gmt":"2022-07-28 15:45:46","post_content_filtered":"","post_parent":0,"guid":"http:\/\/dev.claret.cat\/editorial\/beascoa\/","menu_order":0,"post_type":"editorial","post_mime_type":"","comment_count":"0","filter":"raw"}]},"aioseo_notices":[],"_links":{"self":[{"href":"https:\/\/www.claret.cat\/es\/wp-json\/wp\/v2\/product\/1094762","targetHints":{"allow":["GET"]}}],"collection":[{"href":"https:\/\/www.claret.cat\/es\/wp-json\/wp\/v2\/product"}],"about":[{"href":"https:\/\/www.claret.cat\/es\/wp-json\/wp\/v2\/types\/product"}],"wp:featuredmedia":[{"embeddable":true,"href":"https:\/\/www.claret.cat\/es\/wp-json\/wp\/v2\/media\/1095074"}],"wp:attachment":[{"href":"https:\/\/www.claret.cat\/es\/wp-json\/wp\/v2\/media?parent=1094762"}],"wp:term":[{"taxonomy":"product_brand","embeddable":true,"href":"https:\/\/www.claret.cat\/es\/wp-json\/wp\/v2\/product_brand?post=1094762"},{"taxonomy":"product_cat","embeddable":true,"href":"https:\/\/www.claret.cat\/es\/wp-json\/wp\/v2\/product_cat?post=1094762"},{"taxonomy":"product_tag","embeddable":true,"href":"https:\/\/www.claret.cat\/es\/wp-json\/wp\/v2\/product_tag?post=1094762"}],"curies":[{"name":"wp","href":"https:\/\/api.w.org\/{rel}","templated":true}]}}