{"id":1094771,"date":"2026-04-07T10:10:49","date_gmt":"2026-04-07T08:10:49","guid":{"rendered":"https:\/\/www.claret.cat\/llibre\/el-comisario-montalbano-3-comisario-montalbano-9788410340671\/"},"modified":"2026-04-07T13:31:24","modified_gmt":"2026-04-07T11:31:24","slug":"el-comisario-montalbano-3-comisario-montalbano-9788410340671","status":"publish","type":"product","link":"https:\/\/www.claret.cat\/es\/libro\/el-comisario-montalbano-3-comisario-montalbano-9788410340671\/","title":{"rendered":"EL COMISARIO MONTALBANO 3 (COMISARIO MONTALBANO)"},"content":{"rendered":"<p>Esta edici\u00f3n, con un pr\u00f3logo in\u00e9dito de Andrea Camilleri, re\u00fane tres de las investigaciones m\u00e1s complejas protagonizadas por el entra\u00f1able comisario siciliano. Una excelente oportunidad para adentrarse en la serie de novela negra m\u00e1s mediterr\u00e1nea: pasi\u00f3n, comida, mar y sol, con Sicilia y sus habitantes como marco  UN GIRO DECISIVO &#8211; LA PACIENCIA DE LA ARA\u00d1A &#8211; LA LUNA DE PAPEL  Inteligente, fiel a su palabra, reacio a los hero\u00edsmos in\u00fatiles, culto, buen lector y amante de la buena mesa, Salvo Montalbano, encarna la esencia de la cultura latina: su temperamento melanc\u00f3lico, su implacable sentido de la justicia, as\u00ed como su infalible perspicacia, lo han convertido en un h\u00e9roe muy popular, cuyas historias son devoradas con fruici\u00f3n por millones de incondicionales lectores en todo el mundo. Excelente oportunidad para adentrarse en la serie de novela negra m\u00e1s mediterr\u00e1nea, esta edici\u00f3n re\u00fane las tres de las investigaciones m\u00e1s complejas protagonizadas por el entra\u00f1able comisario siciliano. En Un giro decisivo, el hallazgo de un cad\u00e1ver medio descompuesto desencadenar\u00e1 una serie de reacciones que har\u00e1n que Montalbano se sienta m\u00e1s aislado y superado por las circunstancias que nunca; desde la realidad pol\u00edtica hasta la actitud de la polic\u00eda hacia los inmigrantes, todo conspira contra su natural deseo de que se haga justicia con el cad\u00e1ver an\u00f3nimo. En La paciencia de la ara\u00f1a, el secuestro de Susanna Mistretta en ins\u00f3litas circunstancias pondr\u00e1 a prueba los verdaderos valores, temores y convicciones m\u00e1s profundos de Montalbano. Y en La luna de papel, uno de los casos m\u00e1s turbios a los que se ha enfrentado, el comisario se acerca como nunca a la psicolog\u00eda femenina y se rebela contra las primeras manifestaciones del paso de los a\u00f1os.La cr\u00edtica ha dicho: \u00ab\u00bfQu\u00e9 decir que no hayamos dicho ya de Andrea Camilleri, de su destreza, de su talla, de su iron\u00eda, de su simpat\u00eda, de su sagacidad, de su belleza?\u00bb<br \/>Corriere della Sera-Magazine<\/p>\n","protected":false},"excerpt":{"rendered":"<p>ANDREA CAMILLERI<\/p>\n","protected":false},"featured_media":1095034,"template":"","meta":{"_acf_changed":false,"om_disable_all_campaigns":false,"rs_blank_template":"","rs_page_bg_color":"","slide_template_v7":"","inline_featured_image":false,"_monsterinsights_skip_tracking":false,"_monsterinsights_sitenote_active":false,"_monsterinsights_sitenote_note":"","_monsterinsights_sitenote_category":0},"product_brand":[],"product_cat":[127,357],"product_tag":[],"class_list":{"0":"post-1094771","1":"product","2":"type-product","3":"status-publish","4":"has-post-thumbnail","6":"product_cat-novella-contemporania","7":"product_cat-novela-contemporanea","9":"first","10":"instock","11":"taxable","12":"shipping-taxable","13":"purchasable","14":"product-type-simple"},"acf":{"autor":"ANDREA CAMILLERI","codart":"841034067","libros-coleccion":"","ediciones":"1","encuadernacion":"Carton\u00e9","fecha_de_publicacion":"01\/04\/2026","novedad":"1","paginas":"624","subtitulo":"UN GIRO DECISIVO \/ LA PACIENCIA DE LA ARA\u00d1A \/ LA LUNA DE PAPEL","orden":"0","portada":"0","idioma":"spa","booktrailer":"","resenas":"","editorial":[{"ID":6352,"post_author":"3","post_date":"2022-07-28 17:50:21","post_date_gmt":"2022-07-28 15:50:21","post_content":"","post_title":"SALAMANDRA","post_excerpt":"","post_status":"publish","comment_status":"closed","ping_status":"closed","post_password":"","post_name":"salamandra","to_ping":"","pinged":"","post_modified":"2022-07-28 17:50:21","post_modified_gmt":"2022-07-28 15:50:21","post_content_filtered":"","post_parent":0,"guid":"http:\/\/dev.claret.cat\/editorial\/salamandra\/","menu_order":0,"post_type":"editorial","post_mime_type":"","comment_count":"0","filter":"raw"}]},"aioseo_notices":[],"_links":{"self":[{"href":"https:\/\/www.claret.cat\/es\/wp-json\/wp\/v2\/product\/1094771","targetHints":{"allow":["GET"]}}],"collection":[{"href":"https:\/\/www.claret.cat\/es\/wp-json\/wp\/v2\/product"}],"about":[{"href":"https:\/\/www.claret.cat\/es\/wp-json\/wp\/v2\/types\/product"}],"wp:featuredmedia":[{"embeddable":true,"href":"https:\/\/www.claret.cat\/es\/wp-json\/wp\/v2\/media\/1095034"}],"wp:attachment":[{"href":"https:\/\/www.claret.cat\/es\/wp-json\/wp\/v2\/media?parent=1094771"}],"wp:term":[{"taxonomy":"product_brand","embeddable":true,"href":"https:\/\/www.claret.cat\/es\/wp-json\/wp\/v2\/product_brand?post=1094771"},{"taxonomy":"product_cat","embeddable":true,"href":"https:\/\/www.claret.cat\/es\/wp-json\/wp\/v2\/product_cat?post=1094771"},{"taxonomy":"product_tag","embeddable":true,"href":"https:\/\/www.claret.cat\/es\/wp-json\/wp\/v2\/product_tag?post=1094771"}],"curies":[{"name":"wp","href":"https:\/\/api.w.org\/{rel}","templated":true}]}}