{"id":1094792,"date":"2026-04-07T10:15:32","date_gmt":"2026-04-07T08:15:32","guid":{"rendered":"https:\/\/www.claret.cat\/llibre\/diminuta-casa-encantada-9788439745655\/"},"modified":"2026-04-07T16:21:14","modified_gmt":"2026-04-07T14:21:14","slug":"diminuta-casa-encantada-9788439745655","status":"publish","type":"product","link":"https:\/\/www.claret.cat\/es\/libro\/diminuta-casa-encantada-9788439745655\/","title":{"rendered":"DIMINUTA CASA ENCANTADA"},"content":{"rendered":"<p>Casas de mu\u00f1ecas encantadas, extraterrestres y fantasmas diminutos, perros dinosaurios de peluche y ni\u00f1os que no encajan\u2026 Vuelve Laura Fern\u00e1ndez con su primer libro para lectores a partir de 10 a\u00f1os: una historia multidimensional desbordante de diversi\u00f3n y fantas\u00eda. Bill est\u00e1 enfadado porque tiene que cambiar de ciudad y de escuela por culpa de su madre, una famosa paleont\u00f3loga que ha aceptado un nuevo trabajo en un museo. Viajar\u00e1 con Harper Benjamin, un perrito dinosaurio de peluche que, quiz\u00e1, le ayude a sentirse como todos los dem\u00e1s. Tambi\u00e9n le preocupa que sus nuevos compa\u00f1eros puedan pensar que es raro: uno de esos ni\u00f1os que tienen una casa de mu\u00f1ecas encantada. Aunque sea verdad, porque Bill tiene una casa de mu\u00f1ecas en la que vive una familia de miltons, extraterrestres procedentes del diminuto planeta Milton Du Du A. En esa casa vive, adem\u00e1s, un fantasma, que cree que ya va siendo hora de una aventura y de buscar otro hogar para encantar. Lo que Bill no se espera es que, en esa nueva escuela, no ser\u00e1 el \u00fanico propietario de una diminuta casa encantada. \u00bfQu\u00e9 encontraras en esta Diminuta casa encantada? El mundo \u00fanico y loco de Laura Fern\u00e1ndez ilustrado a las mil maravillas por Alfredo C\u00e1ceres. Un libro tremendamente divertido: \u00a1te atrapar\u00e1 tanto que hasta podr\u00e1s meterte dentro y ser un personaje m\u00e1s! La imaginaci\u00f3n desbordante de una de las mejores escritoras de nuestro pa\u00eds, \u00a1ahora para los lectores m\u00e1s j\u00f3venes de la casa!Sobre sus libros anteriores se ha dicho: Sobre Damas, caballeros y planetas:<br \/>\u00abDamas, caballeros y planetas se adentra en un alucinado mundo de dinosaurios bur\u00f3cratas, aeronaves personificadas, jocosos alien\u00edgenas e hilarantes instituciones pangal\u00e1cticas. El resultado de este cocktail es un conjunto de historias que divierten y emocionan\u00bb.<br \/>Jes\u00fas Ferrer, La Raz\u00f3n \u00abLaura Fern\u00e1ndez ha creado un mundo tan fant\u00e1stico como real y coherente, una galaxia en laque el lector ve el artificio y disfruta doblemente porque eso forma parte del encanto\u00bb.<br \/>Eva Cosculluela, ABC Cultural Sobre La se\u00f1ora Potter no es exactamente Santa Claus:<br \/>\u00abDeliciosa, emotiva, loqu\u00edsima, la primera obra maestra de una Nueva Era. Puro talento. Me voy a hartar de regalarla\u00bb.<br \/>Sara Mesa \u00abUna novela donde perderse y encontrarse para experimentar la m\u00e1s melanc\u00f3lica de las alegr\u00edas o la m\u00e1s euf\u00f3rica de las nostalgias\u00bb.<br \/>Rodrigo Fres\u00e1n \u00abLa novela, dig\u00e1moslo ya, es prodigiosa: monumental e \u00edntima, g\u00e9lida y c\u00e1lida, pizpireta y trist\u00edsima, f\u00e1cil y dif\u00edcil, de una pureza infantil pero terriblemente adulta. Es decir, audaz y contradictoria, que es a lo que deber\u00eda aspirar la literatura\u00bb.<br \/>Miqui Otero, El Peri\u00f3dico\u00abEn definitiva: una novela sobre lo incre\u00edblemente raro y asombroso que es estar vivo\u00bb.<br \/>Luc\u00eda Lijtmaer Sobre Connerland:<br \/>\u00abTrae un mont\u00f3n de cosas que faltaban en nuestras letras. En cuanto la lees ya no entiendes c\u00f3mo pod\u00edas estar sin ella. Leerla produce la misma euforia que leer a Douglas Adams o a Vonnegut\u00bb.<br \/>Javier Calvo\u00abUn estilo propio, producto de una mirada fresca, desinhibida, gamberra y sat\u00edrica, que, aunque parezca un juego, requiere una reflexi\u00f3n cr\u00edtica de la vida.\u00bb<br \/>Santos Sanz, El Cultural, El Mundo<\/p>\n","protected":false},"excerpt":{"rendered":"<p>LAURA FERN\u00c1NDEZ<\/p>\n","protected":false},"featured_media":1095129,"template":"","meta":{"_acf_changed":false,"om_disable_all_campaigns":false,"rs_blank_template":"","rs_page_bg_color":"","slide_template_v7":"","inline_featured_image":false,"_monsterinsights_skip_tracking":false,"_monsterinsights_sitenote_active":false,"_monsterinsights_sitenote_note":"","_monsterinsights_sitenote_category":0},"product_brand":[],"product_cat":[133,363],"product_tag":[],"class_list":{"0":"post-1094792","1":"product","2":"type-product","3":"status-publish","4":"has-post-thumbnail","6":"product_cat-lectures-per-adolescents-12-18-anys","7":"product_cat-lecturas-por-adolescentes-12-18-anos","9":"first","10":"instock","11":"taxable","12":"shipping-taxable","13":"purchasable","14":"product-type-simple"},"acf":{"autor":"LAURA FERN\u00c1NDEZ","codart":"843974565","libros-coleccion":"","ediciones":"1","encuadernacion":"Carton\u00e9","fecha_de_publicacion":"01\/04\/2026","novedad":"1","paginas":"232","subtitulo":"","orden":"0","portada":"0","idioma":"spa","booktrailer":"","resenas":"","editorial":[{"ID":6290,"post_author":"3","post_date":"2022-07-28 17:49:01","post_date_gmt":"2022-07-28 15:49:01","post_content":"","post_title":"LITERATURA RANDOM HOUSE","post_excerpt":"","post_status":"publish","comment_status":"closed","ping_status":"closed","post_password":"","post_name":"literatura-random-house","to_ping":"","pinged":"","post_modified":"2022-07-28 17:49:01","post_modified_gmt":"2022-07-28 15:49:01","post_content_filtered":"","post_parent":0,"guid":"http:\/\/dev.claret.cat\/editorial\/literatura-random-house\/","menu_order":0,"post_type":"editorial","post_mime_type":"","comment_count":"0","filter":"raw"}]},"aioseo_notices":[],"_links":{"self":[{"href":"https:\/\/www.claret.cat\/es\/wp-json\/wp\/v2\/product\/1094792","targetHints":{"allow":["GET"]}}],"collection":[{"href":"https:\/\/www.claret.cat\/es\/wp-json\/wp\/v2\/product"}],"about":[{"href":"https:\/\/www.claret.cat\/es\/wp-json\/wp\/v2\/types\/product"}],"wp:featuredmedia":[{"embeddable":true,"href":"https:\/\/www.claret.cat\/es\/wp-json\/wp\/v2\/media\/1095129"}],"wp:attachment":[{"href":"https:\/\/www.claret.cat\/es\/wp-json\/wp\/v2\/media?parent=1094792"}],"wp:term":[{"taxonomy":"product_brand","embeddable":true,"href":"https:\/\/www.claret.cat\/es\/wp-json\/wp\/v2\/product_brand?post=1094792"},{"taxonomy":"product_cat","embeddable":true,"href":"https:\/\/www.claret.cat\/es\/wp-json\/wp\/v2\/product_cat?post=1094792"},{"taxonomy":"product_tag","embeddable":true,"href":"https:\/\/www.claret.cat\/es\/wp-json\/wp\/v2\/product_tag?post=1094792"}],"curies":[{"name":"wp","href":"https:\/\/api.w.org\/{rel}","templated":true}]}}