{"id":1094801,"date":"2026-04-07T10:16:10","date_gmt":"2026-04-07T08:16:10","guid":{"rendered":"https:\/\/www.claret.cat\/llibre\/em-dic-goa-10-quin-embolic-goa-9791387695477\/"},"modified":"2026-04-25T11:01:01","modified_gmt":"2026-04-25T09:01:01","slug":"em-dic-goa-10-quin-embolic-goa-9791387695477","status":"publish","type":"product","link":"https:\/\/www.claret.cat\/es\/libro\/em-dic-goa-10-quin-embolic-goa-9791387695477\/","title":{"rendered":"EM DIC GOA 10 &#8211; QUIN EMBOLIC, GOA!"},"content":{"rendered":"<p>Ja \u00e9s aqu\u00ed la desena entrega de \u00abEm dic Goa\u00bb, la s\u00e8rie juvenil que ha captivat m\u00e9s de 350.000 lectors i lectores! Una hist\u00f2ria especial extrallarga que no et pots perdre! Que b\u00e9 s\u2019est\u00e0 a casa! Aquests dies a Anglaterra han molat molt, per\u00f2 estic es-go-ta-da! I mentre era fora, les coses no han frenat. La meva mare t\u00e9 not\u00edcies, el Bruno encara s\u2019est\u00e0 acostumant a les cures de la diabetis i el Klaus est\u00e0 molt pressionat per un partit decisiu. Per\u00f2 aix\u00f2 no \u00e9s tot&#8230; no s\u00e9 qu\u00e8 dir-li al Leo sobre el que va passar al viatge! Les coses no poden embolicar-se m\u00e9s&#8230; o s\u00ed? Des que va tornar d\u2019Anglaterra, la Goa viu una \u00e8poca de canvis molt intensa: la seva mare t\u00e9 una relaci\u00f3 oficial (a sobre amb el pare de la Cl\u00e0udia, una noia que no suporta), no sap qu\u00e8 sent pel Leo o si encara sent alguna cosa pel Klaus. A m\u00e9s a m\u00e9s, els seus amics tamb\u00e9 tenen els seus problemes i les seves relacions, tot aix\u00f2 mentre la Goa intenta descobrir-se una mica m\u00e9s a si mateixa. Una nova entrega de la s\u00e8rie juvenil de M\u00edriam Tirado, autora d\u2019\u00e8xits com El fil invisible, Sensibles i Infinit. Anar i tornar, en qu\u00e8 explora l&#8221;adolesc\u00e8ncia amb l&#8221;humor i la sensibilitat que la caracteritzen.<\/p>\n","protected":false},"excerpt":{"rendered":"<p>M\u00cdRIAM TIRADO<\/p>\n","protected":false},"featured_media":1095092,"template":"","meta":{"_acf_changed":false,"om_disable_all_campaigns":false,"rs_blank_template":"","rs_page_bg_color":"","slide_template_v7":"","inline_featured_image":false,"_monsterinsights_skip_tracking":false,"_monsterinsights_sitenote_active":false,"_monsterinsights_sitenote_note":"","_monsterinsights_sitenote_category":0},"product_brand":[],"product_cat":[90,540],"product_tag":[],"class_list":{"0":"post-1094801","1":"product","2":"type-product","3":"status-publish","4":"has-post-thumbnail","6":"product_cat-altres","7":"product_cat-otros","9":"first","10":"instock","11":"taxable","12":"shipping-taxable","13":"purchasable","14":"product-type-simple"},"acf":{"autor":"M\u00cdRIAM TIRADO","codart":"138769547","libros-coleccion":"","ediciones":"1","encuadernacion":"Carton\u00e9","fecha_de_publicacion":"01\/04\/2026","novedad":"1","paginas":"0","subtitulo":"OH NO!!!","orden":"0","portada":"0","idioma":"cat","booktrailer":"","resenas":"","editorial":[{"ID":294535,"post_author":"3","post_date":"2022-12-12 12:50:10","post_date_gmt":"2022-12-12 11:50:10","post_content":"","post_title":"B de Blok","post_excerpt":"","post_status":"publish","comment_status":"closed","ping_status":"closed","post_password":"","post_name":"b-de-blok","to_ping":"","pinged":"","post_modified":"2022-12-12 12:50:10","post_modified_gmt":"2022-12-12 11:50:10","post_content_filtered":"","post_parent":0,"guid":"http:\/\/dev.claret.cat\/editorial\/b-de-blok\/","menu_order":0,"post_type":"editorial","post_mime_type":"","comment_count":"0","filter":"raw"}]},"aioseo_notices":[],"_links":{"self":[{"href":"https:\/\/www.claret.cat\/es\/wp-json\/wp\/v2\/product\/1094801","targetHints":{"allow":["GET"]}}],"collection":[{"href":"https:\/\/www.claret.cat\/es\/wp-json\/wp\/v2\/product"}],"about":[{"href":"https:\/\/www.claret.cat\/es\/wp-json\/wp\/v2\/types\/product"}],"wp:featuredmedia":[{"embeddable":true,"href":"https:\/\/www.claret.cat\/es\/wp-json\/wp\/v2\/media\/1095092"}],"wp:attachment":[{"href":"https:\/\/www.claret.cat\/es\/wp-json\/wp\/v2\/media?parent=1094801"}],"wp:term":[{"taxonomy":"product_brand","embeddable":true,"href":"https:\/\/www.claret.cat\/es\/wp-json\/wp\/v2\/product_brand?post=1094801"},{"taxonomy":"product_cat","embeddable":true,"href":"https:\/\/www.claret.cat\/es\/wp-json\/wp\/v2\/product_cat?post=1094801"},{"taxonomy":"product_tag","embeddable":true,"href":"https:\/\/www.claret.cat\/es\/wp-json\/wp\/v2\/product_tag?post=1094801"}],"curies":[{"name":"wp","href":"https:\/\/api.w.org\/{rel}","templated":true}]}}