{"id":1094826,"date":"2026-04-07T10:25:29","date_gmt":"2026-04-07T08:25:29","guid":{"rendered":"https:\/\/www.claret.cat\/llibre\/la-pequena-oruga-glotona-mi-primera-enciclopedia-del-oceano-9780241788486\/"},"modified":"2026-04-07T13:15:47","modified_gmt":"2026-04-07T11:15:47","slug":"la-pequena-oruga-glotona-mi-primera-enciclopedia-del-oceano-9780241788486","status":"publish","type":"product","link":"https:\/\/www.claret.cat\/es\/libro\/la-pequena-oruga-glotona-mi-primera-enciclopedia-del-oceano-9780241788486\/","title":{"rendered":"LA PEQUE\u00d1A ORUGA GLOTONA: MI PRIMERA ENCICLOPEDIA DEL OC\u00c9ANO"},"content":{"rendered":"<p>Sum\u00e9rgete en un incre\u00edble viaje con la peque\u00f1a oruga glotona y conoce las maravillas del oc\u00e9ano, desde tiburones hasta arrecifes de coral Con preciosas ilustraciones al estilo de Eric Carle, fotograf\u00edas impactantes y sencillos diagramas explicativos, los j\u00f3venes lectores aprender\u00e1n numerosos datos sorprendentes sobre los oc\u00e9anos y los animales que viven bajo las olas. Descubre extra\u00f1as criaturas marinas, aprende c\u00f3mo funcionan las mareas y conoce c\u00f3mo podemos cuidar los oc\u00e9anos.  El libro perfecto para los peque\u00f1os fans de la peque\u00f1a oruga glotona. Conoce los dem\u00e1s t\u00edtulos de la colecci\u00f3n.<\/p>\n","protected":false},"excerpt":{"rendered":"<p>DK<\/p>\n","protected":false},"featured_media":1095009,"template":"","meta":{"_acf_changed":false,"om_disable_all_campaigns":false,"rs_blank_template":"","rs_page_bg_color":"","slide_template_v7":"","inline_featured_image":false,"_monsterinsights_skip_tracking":false,"_monsterinsights_sitenote_active":false,"_monsterinsights_sitenote_note":"","_monsterinsights_sitenote_category":0},"product_brand":[],"product_cat":[131,361],"product_tag":[],"class_list":{"0":"post-1094826","1":"product","2":"type-product","3":"status-publish","4":"has-post-thumbnail","6":"product_cat-contes-per-infants-0-6-anys","7":"product_cat-cuentos-para-ninos-0-6-anos","9":"first","10":"instock","11":"taxable","12":"shipping-taxable","13":"purchasable","14":"product-type-simple"},"acf":{"autor":"DK","codart":"024178848","libros-coleccion":"","ediciones":"1","encuadernacion":"Carton\u00e9","fecha_de_publicacion":"01\/04\/2026","novedad":"1","paginas":"224","subtitulo":"DESCUBRE TODO LO QUE QUIERES SABER... \u00a1Y MUCHO M\u00c1S!","orden":"0","portada":"0","idioma":"spa","booktrailer":"","resenas":"","editorial":[{"ID":6186,"post_author":"3","post_date":"2022-07-28 17:46:45","post_date_gmt":"2022-07-28 15:46:45","post_content":"","post_title":"DK","post_excerpt":"","post_status":"publish","comment_status":"closed","ping_status":"closed","post_password":"","post_name":"dk","to_ping":"","pinged":"","post_modified":"2022-07-28 17:46:45","post_modified_gmt":"2022-07-28 15:46:45","post_content_filtered":"","post_parent":0,"guid":"http:\/\/dev.claret.cat\/editorial\/dk\/","menu_order":0,"post_type":"editorial","post_mime_type":"","comment_count":"0","filter":"raw"}]},"aioseo_notices":[],"_links":{"self":[{"href":"https:\/\/www.claret.cat\/es\/wp-json\/wp\/v2\/product\/1094826","targetHints":{"allow":["GET"]}}],"collection":[{"href":"https:\/\/www.claret.cat\/es\/wp-json\/wp\/v2\/product"}],"about":[{"href":"https:\/\/www.claret.cat\/es\/wp-json\/wp\/v2\/types\/product"}],"wp:featuredmedia":[{"embeddable":true,"href":"https:\/\/www.claret.cat\/es\/wp-json\/wp\/v2\/media\/1095009"}],"wp:attachment":[{"href":"https:\/\/www.claret.cat\/es\/wp-json\/wp\/v2\/media?parent=1094826"}],"wp:term":[{"taxonomy":"product_brand","embeddable":true,"href":"https:\/\/www.claret.cat\/es\/wp-json\/wp\/v2\/product_brand?post=1094826"},{"taxonomy":"product_cat","embeddable":true,"href":"https:\/\/www.claret.cat\/es\/wp-json\/wp\/v2\/product_cat?post=1094826"},{"taxonomy":"product_tag","embeddable":true,"href":"https:\/\/www.claret.cat\/es\/wp-json\/wp\/v2\/product_tag?post=1094826"}],"curies":[{"name":"wp","href":"https:\/\/api.w.org\/{rel}","templated":true}]}}