{"id":1094857,"date":"2026-04-07T10:35:46","date_gmt":"2026-04-07T08:35:46","guid":{"rendered":"https:\/\/www.claret.cat\/llibre\/el-muro-de-la-ignorancia-9788430628407\/"},"modified":"2026-04-22T11:31:57","modified_gmt":"2026-04-22T09:31:57","slug":"el-muro-de-la-ignorancia-9788430628407","status":"publish","type":"product","link":"https:\/\/www.claret.cat\/es\/libro\/el-muro-de-la-ignorancia-9788430628407\/","title":{"rendered":"EL MURO DE LA IGNORANCIA"},"content":{"rendered":"<p>6 millones de lectores. Uno de los pensadores m\u00e1s influyentes de Jap\u00f3n nos explica c\u00f3mo procesamos la realidad. Un imprescindible y pol\u00e9mico ensayo sobre el funcionamiento del cerebro en la sociedad del individuo. A menudo creemos que podemos entender el mundo que hay a nuestro alrededor: lo que vemos, lo que o\u00edmos, lo que otros nos cuentan o lo que la experiencia nos ha ense\u00f1ado. Sin embargo, detr\u00e1s de estas convicciones se esconden prejuicios, sesgos inconscientes y l\u00edmites cognitivos que moldean silenciosamente nuestra percepci\u00f3n. En El muro de la ignorancia, publicado por primera vez en 2003 y convertido en el quinto libro m\u00e1s vendido en la historia de Jap\u00f3n, Takeshi Yoro examina ese muro invisible que separa a las personas, distorsiona el juicio e impide una comprensi\u00f3n aut\u00e9ntica de nosotros mismos y de los dem\u00e1s. Avalado por su larga y exitosa trayectoria como anatomista y acad\u00e9mico, Yoro ordena y sintetiza sus reflexiones sobre el funcionamiento del cerebro, pero tambi\u00e9n sobre la transformaci\u00f3n de las sociedades contempor\u00e1neas y las problem\u00e1ticas que se derivan de ella. Con un estilo claro y provocador, este libro invita al lector a identificar las ilusiones de certidumbre para mirar el mundo con mayor lucidez y abrir la puerta a un conocimiento m\u00e1s cr\u00edtico de la experiencia humana.<\/p>\n","protected":false},"excerpt":{"rendered":"<p>TAKESHI YORO<\/p>\n","protected":false},"featured_media":1094970,"template":"","meta":{"_acf_changed":false,"om_disable_all_campaigns":false,"rs_blank_template":"","rs_page_bg_color":"","slide_template_v7":"","inline_featured_image":false,"_monsterinsights_skip_tracking":false,"_monsterinsights_sitenote_active":false,"_monsterinsights_sitenote_note":"","_monsterinsights_sitenote_category":0},"product_brand":[],"product_cat":[373,166,168,439],"product_tag":[],"class_list":{"0":"post-1094857","1":"product","2":"type-product","3":"status-publish","4":"has-post-thumbnail","6":"product_cat-autores","7":"product_cat-autors-filosofia","8":"product_cat-teoria-del-coneixement","9":"product_cat-teoria-del-conocimiento","11":"first","12":"instock","13":"taxable","14":"shipping-taxable","15":"purchasable","16":"product-type-simple"},"acf":{"autor":"TAKESHI YORO","codart":"843062840","libros-coleccion":"","ediciones":"1","encuadernacion":"R\u00fastica","fecha_de_publicacion":"01\/04\/2026","novedad":"1","paginas":"194","subtitulo":"QU\u00c9 NOS IMPIDE COMPRENDER EL MUNDO QUE NOS RODEA","orden":"0","portada":"0","idioma":"spa","booktrailer":"","resenas":"","editorial":[{"ID":6372,"post_author":"3","post_date":"2022-07-28 17:50:47","post_date_gmt":"2022-07-28 15:50:47","post_content":"","post_title":"TAURUS","post_excerpt":"","post_status":"publish","comment_status":"closed","ping_status":"closed","post_password":"","post_name":"taurus","to_ping":"","pinged":"","post_modified":"2022-07-28 17:50:47","post_modified_gmt":"2022-07-28 15:50:47","post_content_filtered":"","post_parent":0,"guid":"http:\/\/dev.claret.cat\/editorial\/taurus\/","menu_order":0,"post_type":"editorial","post_mime_type":"","comment_count":"0","filter":"raw"}]},"aioseo_notices":[],"_links":{"self":[{"href":"https:\/\/www.claret.cat\/es\/wp-json\/wp\/v2\/product\/1094857","targetHints":{"allow":["GET"]}}],"collection":[{"href":"https:\/\/www.claret.cat\/es\/wp-json\/wp\/v2\/product"}],"about":[{"href":"https:\/\/www.claret.cat\/es\/wp-json\/wp\/v2\/types\/product"}],"wp:featuredmedia":[{"embeddable":true,"href":"https:\/\/www.claret.cat\/es\/wp-json\/wp\/v2\/media\/1094970"}],"wp:attachment":[{"href":"https:\/\/www.claret.cat\/es\/wp-json\/wp\/v2\/media?parent=1094857"}],"wp:term":[{"taxonomy":"product_brand","embeddable":true,"href":"https:\/\/www.claret.cat\/es\/wp-json\/wp\/v2\/product_brand?post=1094857"},{"taxonomy":"product_cat","embeddable":true,"href":"https:\/\/www.claret.cat\/es\/wp-json\/wp\/v2\/product_cat?post=1094857"},{"taxonomy":"product_tag","embeddable":true,"href":"https:\/\/www.claret.cat\/es\/wp-json\/wp\/v2\/product_tag?post=1094857"}],"curies":[{"name":"wp","href":"https:\/\/api.w.org\/{rel}","templated":true}]}}