{"id":1094863,"date":"2026-04-07T10:36:13","date_gmt":"2026-04-07T08:36:13","guid":{"rendered":"https:\/\/www.claret.cat\/llibre\/la-orden-de-las-sombras-9788427254824\/"},"modified":"2026-04-07T15:50:47","modified_gmt":"2026-04-07T13:50:47","slug":"la-orden-de-las-sombras-9788427254824","status":"publish","type":"product","link":"https:\/\/www.claret.cat\/es\/libro\/la-orden-de-las-sombras-9788427254824\/","title":{"rendered":"LA ORDEN DE LAS SOMBRAS"},"content":{"rendered":"<p>EN UN MUNDO CORRUPTO POR LA MAGIA, EL CORAJE ES EL PODER M\u00c1S PELIGROSO. Todos pensaban que un mundo con magia ser\u00eda mucho mejor, pero se equivocaban. Fiora ha crecido sometida a la tiran\u00eda de los hechiceros, seres crueles y poderosos que usan la magia para tratar a los humanos como ciudadanos de segunda. Cuando un ataque inesperado la pone en el punto de mira de los hechiceros, Fiora recibe una oportunidad \u00fanica: ingresar en la Academia Sombra, una escuela secreta donde j\u00f3venes humanos se entrenan para enfrentarse a la magia m\u00e1s oscura del mundo. All\u00ed descubrir\u00e1 que luchar contra los hechiceros no es solo cuesti\u00f3n de armas y valent\u00eda. Hay escuadrones con reglas propias, entrenamientos extremos, amistades que nacen bajo presi\u00f3n\u2026 y secretos que alguien quiere mantener ocultos. Entre misiones, traiciones y decisiones que pueden cambiarlo todo, Fiora tendr\u00e1 que descubrir qui\u00e9n es en realidad\u2026 y hasta d\u00f3nde est\u00e1 dispuesta a llegar para enfrentarse a las fuerzas del mal. Bienvenidos a la Academia Sombra.<br \/>El entrenamiento ha comenzado. \u00bfQu\u00e9 encontrar\u00e1s en La orden las sombras?<br \/>&#8211; Una aventura explosiva llena de acci\u00f3n, humor y coraz\u00f3n.<br \/>&#8211; Una academia secreta a la que querr\u00e1s apuntarte.<br \/>&#8211; Una hero\u00edna valiente y real, que demuestra que el verdadero poder no siempre viene de fuera de nosotros.<br \/>&#8211; El estilo inconfundible de Lauren Magaziner, la autora superventas de la serie \u00a1Resuelve el misterio!<\/p>\n","protected":false},"excerpt":{"rendered":"<p>LAUREN MAGAZINER<\/p>\n","protected":false},"featured_media":1095086,"template":"","meta":{"_acf_changed":false,"om_disable_all_campaigns":false,"rs_blank_template":"","rs_page_bg_color":"","slide_template_v7":"","inline_featured_image":false,"_monsterinsights_skip_tracking":false,"_monsterinsights_sitenote_active":false,"_monsterinsights_sitenote_note":"","_monsterinsights_sitenote_category":0},"product_brand":[],"product_cat":[132,362],"product_tag":[],"class_list":{"0":"post-1094863","1":"product","2":"type-product","3":"status-publish","4":"has-post-thumbnail","6":"product_cat-lectures-per-preadolescents-6-12-anys","7":"product_cat-libros-preadolescentes-6-12-anos","9":"first","10":"instock","11":"taxable","12":"shipping-taxable","13":"purchasable","14":"product-type-simple"},"acf":{"autor":"LAUREN MAGAZINER","codart":"842725482","libros-coleccion":"","ediciones":"1","encuadernacion":"Carton\u00e9","fecha_de_publicacion":"01\/04\/2026","novedad":"1","paginas":"411","subtitulo":"","orden":"0","portada":"0","idioma":"spa","booktrailer":"","resenas":"","editorial":[{"ID":6346,"post_author":"3","post_date":"2022-07-28 17:50:13","post_date_gmt":"2022-07-28 15:50:13","post_content":"","post_title":"RBA Molino","post_excerpt":"","post_status":"publish","comment_status":"closed","ping_status":"closed","post_password":"","post_name":"rba-molino","to_ping":"","pinged":"","post_modified":"2022-07-28 17:50:13","post_modified_gmt":"2022-07-28 15:50:13","post_content_filtered":"","post_parent":0,"guid":"http:\/\/dev.claret.cat\/editorial\/rba-molino\/","menu_order":0,"post_type":"editorial","post_mime_type":"","comment_count":"0","filter":"raw"}]},"aioseo_notices":[],"_links":{"self":[{"href":"https:\/\/www.claret.cat\/es\/wp-json\/wp\/v2\/product\/1094863","targetHints":{"allow":["GET"]}}],"collection":[{"href":"https:\/\/www.claret.cat\/es\/wp-json\/wp\/v2\/product"}],"about":[{"href":"https:\/\/www.claret.cat\/es\/wp-json\/wp\/v2\/types\/product"}],"wp:featuredmedia":[{"embeddable":true,"href":"https:\/\/www.claret.cat\/es\/wp-json\/wp\/v2\/media\/1095086"}],"wp:attachment":[{"href":"https:\/\/www.claret.cat\/es\/wp-json\/wp\/v2\/media?parent=1094863"}],"wp:term":[{"taxonomy":"product_brand","embeddable":true,"href":"https:\/\/www.claret.cat\/es\/wp-json\/wp\/v2\/product_brand?post=1094863"},{"taxonomy":"product_cat","embeddable":true,"href":"https:\/\/www.claret.cat\/es\/wp-json\/wp\/v2\/product_cat?post=1094863"},{"taxonomy":"product_tag","embeddable":true,"href":"https:\/\/www.claret.cat\/es\/wp-json\/wp\/v2\/product_tag?post=1094863"}],"curies":[{"name":"wp","href":"https:\/\/api.w.org\/{rel}","templated":true}]}}