{"id":1094883,"date":"2026-04-07T10:46:01","date_gmt":"2026-04-07T08:46:01","guid":{"rendered":"https:\/\/www.claret.cat\/llibre\/starside-edicion-en-espanol-starside-1-9791387949044\/"},"modified":"2026-04-23T18:45:14","modified_gmt":"2026-04-23T16:45:14","slug":"starside-edicion-en-espanol-starside-1-9791387949044","status":"publish","type":"product","link":"https:\/\/www.claret.cat\/es\/libro\/starside-edicion-en-espanol-starside-1-9791387949044\/","title":{"rendered":"STARSIDE (EDICI\u00d3N EN ESPA\u00d1OL) (STARSIDE 1)"},"content":{"rendered":"<p>Dragones, dioses, enemies to lovers y muerte. \u00a1Llega tu pr\u00f3xima obsesi\u00f3n romantasy de la mano de Alex Aster! -Te odio. -\u00d3diame. -Empuja contra mi espada-. M\u00e1s -gru\u00f1e. En Starside, el poder no se hereda. Se reclama. Cada cincuenta a\u00f1os, las puertas de Starside se abren y cincuenta aspirantes tienen la oportunidad de participar en una prueba letal. Har\u00e1n lo que sea para conseguir lo m\u00e1s codiciado por cualquier mortal: magia. Todo el mundo tiene sus motivos para intentarlo, y el de Aris es la venganza. Pero cruzar las puertas es solo el principio, porque Starside es m\u00e1s peligroso de lo que parece. Aris no puede confiar en nadie, y mucho menos en Harlan Raker, el despiadado y misterioso enmascarado guardia del rey que la traicion\u00f3 hace a\u00f1os, y que ahora podr\u00eda ser su \u00fanica opci\u00f3n para continuar con vida. Porque Aris oculta un secreto relacionado con la muerte de su familia. Y si sale a la luz, ni siquiera los dioses podr\u00e1n detener lo que se avecine\u2026<\/p>\n","protected":false},"excerpt":{"rendered":"<p>ALEX ASTER<\/p>\n","protected":false},"featured_media":1095121,"template":"","meta":{"_acf_changed":false,"om_disable_all_campaigns":false,"rs_blank_template":"","rs_page_bg_color":"","slide_template_v7":"","inline_featured_image":false,"_monsterinsights_skip_tracking":false,"_monsterinsights_sitenote_active":false,"_monsterinsights_sitenote_note":"","_monsterinsights_sitenote_category":0},"product_brand":[],"product_cat":[133,117,566,363],"product_tag":[],"class_list":{"0":"post-1094883","1":"product","2":"type-product","3":"status-publish","4":"has-post-thumbnail","6":"product_cat-lectures-per-adolescents-12-18-anys","7":"product_cat-juvenil","8":"product_cat-juvenil-3_infantil-juvenil-spa-spa","9":"product_cat-lecturas-por-adolescentes-12-18-anos","11":"first","12":"instock","13":"taxable","14":"shipping-taxable","15":"purchasable","16":"product-type-simple"},"acf":{"autor":"ALEX ASTER","codart":"138794904","libros-coleccion":"","ediciones":"1","encuadernacion":"Carton\u00e9","fecha_de_publicacion":"01\/04\/2026","novedad":"1","paginas":"588","subtitulo":"STARSIDE 01","orden":"0","portada":"0","idioma":"spa","booktrailer":"","resenas":"","editorial":[{"ID":6118,"post_author":"3","post_date":"2022-07-28 17:45:17","post_date_gmt":"2022-07-28 15:45:17","post_content":"","post_title":"ALFAGUARA","post_excerpt":"","post_status":"publish","comment_status":"closed","ping_status":"closed","post_password":"","post_name":"alfaguara","to_ping":"","pinged":"","post_modified":"2022-07-28 17:45:17","post_modified_gmt":"2022-07-28 15:45:17","post_content_filtered":"","post_parent":0,"guid":"http:\/\/dev.claret.cat\/editorial\/alfaguara\/","menu_order":0,"post_type":"editorial","post_mime_type":"","comment_count":"0","filter":"raw"}]},"aioseo_notices":[],"_links":{"self":[{"href":"https:\/\/www.claret.cat\/es\/wp-json\/wp\/v2\/product\/1094883","targetHints":{"allow":["GET"]}}],"collection":[{"href":"https:\/\/www.claret.cat\/es\/wp-json\/wp\/v2\/product"}],"about":[{"href":"https:\/\/www.claret.cat\/es\/wp-json\/wp\/v2\/types\/product"}],"wp:featuredmedia":[{"embeddable":true,"href":"https:\/\/www.claret.cat\/es\/wp-json\/wp\/v2\/media\/1095121"}],"wp:attachment":[{"href":"https:\/\/www.claret.cat\/es\/wp-json\/wp\/v2\/media?parent=1094883"}],"wp:term":[{"taxonomy":"product_brand","embeddable":true,"href":"https:\/\/www.claret.cat\/es\/wp-json\/wp\/v2\/product_brand?post=1094883"},{"taxonomy":"product_cat","embeddable":true,"href":"https:\/\/www.claret.cat\/es\/wp-json\/wp\/v2\/product_cat?post=1094883"},{"taxonomy":"product_tag","embeddable":true,"href":"https:\/\/www.claret.cat\/es\/wp-json\/wp\/v2\/product_tag?post=1094883"}],"curies":[{"name":"wp","href":"https:\/\/api.w.org\/{rel}","templated":true}]}}