{"id":1094886,"date":"2026-04-07T10:46:35","date_gmt":"2026-04-07T08:46:35","guid":{"rendered":"https:\/\/www.claret.cat\/llibre\/superdonuts-2-quin-cacau-9788448872991\/"},"modified":"2026-04-23T19:07:19","modified_gmt":"2026-04-23T17:07:19","slug":"superdonuts-2-quin-cacau-9788448872991","status":"publish","type":"product","link":"https:\/\/www.claret.cat\/es\/libro\/superdonuts-2-quin-cacau-9788448872991\/","title":{"rendered":"SUPERD\u00d2NUTS 2 &#8211; QUIN CACAU!"},"content":{"rendered":"<p>Farcit de BOGERIA. Glacejat d\u2019ACCI\u00d3. Arriba la segona entrega de la s\u00e8rie de c\u00f2mic m\u00e9s rodona del mercat! Dol\u00e7 o salat? D\u00f2nut o Bagel? La batalla est\u00e0 a punt de comen\u00e7ar. Mentre els bagels semblen tramar alguna cosa a les fosques, els Superd\u00f2nuts gaudeixen fent les seves pr\u00f2pies entremaliadures i marxen d\u2019acampada. Per\u00f2 el que prometia ser una aventura tranquil\u00b7la, es transforma en una hist\u00f2ria plena de sorpreses: el D\u00f2nut Patidor s\u2019enfronta a l\u2019inconegut, i el que passa a continuaci\u00f3 dep\u00e8n de TU. Aix\u00f2 s\u00ed, els bagels no trigaran a passar a l\u2019acci\u00f3: el seu pla est\u00e0 a punt de posar-se en marxa per expulsar als Superd\u00f2nuts del seu propi llibre. Aconseguiran els Superd\u00f2nuts aturar-los a temps? PER QU\u00c8 MOLA LLEGIR C\u00d2MICS?<br \/>*Perqu\u00e8 afavoreix la iniciaci\u00f3 a la lectura d una manera \u00e0gil, divertida, atractiva i visual gr\u00e0cies a les frases curtes i l ajuda de les imatges.<br \/>*Perqu\u00e8 contribueix a millorar la confian\u00e7a d aquells primers lectors a qui els costa m\u00e9s enganxar-se a la lectura.<br \/>*Perqu\u00e8 ajuda a consolidar l h\u00e0bit de lectura.<br \/>*Perqu\u00e8 fomenta i enriqueix la imaginaci\u00f3 i la creativitat. PERQU\u00c8 LLEGIR C\u00d2MICS \u00c9S LLEGIR! T\u2019agrada dibuixar? T\u2019agradaria crear personatges genials com els de Superd\u00f2nuts? Al final d\u2019aquest llibre trobar\u00e0s una secci\u00f3 completa de tutorials pas a pas per aprendre a dibuixar, creats per Nil Cameron, a m\u00e9s d\u2019enlla\u00e7os al club del c\u00f2mic The Phoenix, on podr\u00e0s accedir a v\u00eddeos per dibuixar acompanyat per l\u2019autor.<\/p>\n","protected":false},"excerpt":{"rendered":"<p>NEILL CAMERON<\/p>\n","protected":false},"featured_media":1094887,"template":"","meta":{"_acf_changed":false,"om_disable_all_campaigns":false,"rs_blank_template":"","rs_page_bg_color":"","slide_template_v7":"","inline_featured_image":false,"_monsterinsights_skip_tracking":false,"_monsterinsights_sitenote_active":false,"_monsterinsights_sitenote_note":"","_monsterinsights_sitenote_category":0},"product_brand":[],"product_cat":[132,362],"product_tag":[],"class_list":{"0":"post-1094886","1":"product","2":"type-product","3":"status-publish","4":"has-post-thumbnail","6":"product_cat-lectures-per-preadolescents-6-12-anys","7":"product_cat-libros-preadolescentes-6-12-anos","9":"first","10":"instock","11":"taxable","12":"shipping-taxable","13":"purchasable","14":"product-type-simple"},"acf":{"autor":"NEILL CAMERON","codart":"844887299","libros-coleccion":"","ediciones":"1","encuadernacion":"Carton\u00e9","fecha_de_publicacion":"01\/04\/2026","novedad":"1","paginas":"0","subtitulo":"","orden":"0","portada":"0","idioma":"cat","booktrailer":"","resenas":"","editorial":[{"ID":6141,"post_author":"3","post_date":"2022-07-28 17:45:46","post_date_gmt":"2022-07-28 15:45:46","post_content":"","post_title":"BEASCOA","post_excerpt":"","post_status":"publish","comment_status":"closed","ping_status":"closed","post_password":"","post_name":"beascoa","to_ping":"","pinged":"","post_modified":"2022-07-28 17:45:46","post_modified_gmt":"2022-07-28 15:45:46","post_content_filtered":"","post_parent":0,"guid":"http:\/\/dev.claret.cat\/editorial\/beascoa\/","menu_order":0,"post_type":"editorial","post_mime_type":"","comment_count":"0","filter":"raw"}]},"aioseo_notices":[],"_links":{"self":[{"href":"https:\/\/www.claret.cat\/es\/wp-json\/wp\/v2\/product\/1094886","targetHints":{"allow":["GET"]}}],"collection":[{"href":"https:\/\/www.claret.cat\/es\/wp-json\/wp\/v2\/product"}],"about":[{"href":"https:\/\/www.claret.cat\/es\/wp-json\/wp\/v2\/types\/product"}],"wp:featuredmedia":[{"embeddable":true,"href":"https:\/\/www.claret.cat\/es\/wp-json\/wp\/v2\/media\/1094887"}],"wp:attachment":[{"href":"https:\/\/www.claret.cat\/es\/wp-json\/wp\/v2\/media?parent=1094886"}],"wp:term":[{"taxonomy":"product_brand","embeddable":true,"href":"https:\/\/www.claret.cat\/es\/wp-json\/wp\/v2\/product_brand?post=1094886"},{"taxonomy":"product_cat","embeddable":true,"href":"https:\/\/www.claret.cat\/es\/wp-json\/wp\/v2\/product_cat?post=1094886"},{"taxonomy":"product_tag","embeddable":true,"href":"https:\/\/www.claret.cat\/es\/wp-json\/wp\/v2\/product_tag?post=1094886"}],"curies":[{"name":"wp","href":"https:\/\/api.w.org\/{rel}","templated":true}]}}