{"id":1094892,"date":"2026-04-07T10:50:02","date_gmt":"2026-04-07T08:50:02","guid":{"rendered":"https:\/\/www.claret.cat\/llibre\/un-santo-para-cada-dia-9788427254817\/"},"modified":"2026-04-07T11:48:46","modified_gmt":"2026-04-07T09:48:46","slug":"un-santo-para-cada-dia-9788427254817","status":"publish","type":"product","link":"https:\/\/www.claret.cat\/es\/libro\/un-santo-para-cada-dia-9788427254817\/","title":{"rendered":"UN SANTO PARA CADA D\u00cdA"},"content":{"rendered":"<p>365 d\u00edas, 365 historias reales de fe y hero\u00edsmo. Descubre las vidas m\u00e1s conmovedoras de hombres y mujeres extraordinarios que cambiaron el mundo con su entrega y compasi\u00f3n. Este libro se convertir\u00e1 en el compa\u00f1ero ideal para fortalecer la conexi\u00f3n espiritual en familia, incentivar la oraci\u00f3n y empezar o terminar el d\u00eda con un mensaje positivo y reconfortante. \u00bfQu\u00e9 encontrar\u00e1s en este libro? * Historias adaptadas con un estilo sencillo para facilitar su comprensi\u00f3n.<br \/>* Un espacio en el que anotar reflexiones, fomentando el di\u00e1logo y aprendizaje en familia.<br \/>* Con preciosas ilustraciones y un dise\u00f1o cuidado, pensado tanto para ni\u00f1os como para adultos. El regalo perfecto para disfrutar de un momento de serenidad y gratitud en familia cada d\u00eda.<\/p>\n","protected":false},"excerpt":{"rendered":"<p>AA.VV.<\/p>\n","protected":false},"featured_media":1094962,"template":"","meta":{"_acf_changed":false,"om_disable_all_campaigns":false,"rs_blank_template":"","rs_page_bg_color":"","slide_template_v7":"","inline_featured_image":false,"_monsterinsights_skip_tracking":false,"_monsterinsights_sitenote_active":false,"_monsterinsights_sitenote_note":"","_monsterinsights_sitenote_category":0},"product_brand":[],"product_cat":[90,540],"product_tag":[],"class_list":{"0":"post-1094892","1":"product","2":"type-product","3":"status-publish","4":"has-post-thumbnail","6":"product_cat-altres","7":"product_cat-otros","9":"first","10":"instock","11":"taxable","12":"shipping-taxable","13":"purchasable","14":"product-type-simple"},"acf":{"autor":"AA.VV.","codart":"842725481","libros-coleccion":"","ediciones":"1","encuadernacion":"Carton\u00e9","fecha_de_publicacion":"01\/04\/2026","novedad":"1","paginas":"0","subtitulo":"HISTORIAS PARA CRECER EN FE, ESPERANZA Y AMOR","orden":"0","portada":"0","idioma":"spa","booktrailer":"","resenas":"","editorial":[{"ID":6346,"post_author":"3","post_date":"2022-07-28 17:50:13","post_date_gmt":"2022-07-28 15:50:13","post_content":"","post_title":"RBA Molino","post_excerpt":"","post_status":"publish","comment_status":"closed","ping_status":"closed","post_password":"","post_name":"rba-molino","to_ping":"","pinged":"","post_modified":"2022-07-28 17:50:13","post_modified_gmt":"2022-07-28 15:50:13","post_content_filtered":"","post_parent":0,"guid":"http:\/\/dev.claret.cat\/editorial\/rba-molino\/","menu_order":0,"post_type":"editorial","post_mime_type":"","comment_count":"0","filter":"raw"}]},"aioseo_notices":[],"_links":{"self":[{"href":"https:\/\/www.claret.cat\/es\/wp-json\/wp\/v2\/product\/1094892","targetHints":{"allow":["GET"]}}],"collection":[{"href":"https:\/\/www.claret.cat\/es\/wp-json\/wp\/v2\/product"}],"about":[{"href":"https:\/\/www.claret.cat\/es\/wp-json\/wp\/v2\/types\/product"}],"wp:featuredmedia":[{"embeddable":true,"href":"https:\/\/www.claret.cat\/es\/wp-json\/wp\/v2\/media\/1094962"}],"wp:attachment":[{"href":"https:\/\/www.claret.cat\/es\/wp-json\/wp\/v2\/media?parent=1094892"}],"wp:term":[{"taxonomy":"product_brand","embeddable":true,"href":"https:\/\/www.claret.cat\/es\/wp-json\/wp\/v2\/product_brand?post=1094892"},{"taxonomy":"product_cat","embeddable":true,"href":"https:\/\/www.claret.cat\/es\/wp-json\/wp\/v2\/product_cat?post=1094892"},{"taxonomy":"product_tag","embeddable":true,"href":"https:\/\/www.claret.cat\/es\/wp-json\/wp\/v2\/product_tag?post=1094892"}],"curies":[{"name":"wp","href":"https:\/\/api.w.org\/{rel}","templated":true}]}}