{"id":1095099,"date":"2026-04-07T16:11:14","date_gmt":"2026-04-07T14:11:14","guid":{"rendered":"https:\/\/www.claret.cat\/llibre\/la-horda-9791387592950\/"},"modified":"2026-04-17T11:51:20","modified_gmt":"2026-04-17T09:51:20","slug":"la-horda-9791387592950","status":"publish","type":"product","link":"https:\/\/www.claret.cat\/es\/libro\/la-horda-9791387592950\/","title":{"rendered":"LA HORDA"},"content":{"rendered":"<p><strong>Finalista del Premio Cundill de Historia<\/strong><\/p>\n<p><strong> Mejor Libro del A\u00f1o para el Financial Times<\/strong><\/p>\n<p><strong> Mejor Libro del A\u00f1o para el Spectator<\/strong><\/p>\n<p><strong> Mejor Libro del A\u00f1o para Five Books<\/strong><\/p>\n<p>C\u00f3mo los mongoles occidentales dieron forma a la primera globalizaci\u00f3n<\/p>\n<p> <strong>Los mongoles son famosos sobre todo por una cosa: la conquista<\/strong>. Pero, en realidad, sus logros fueron mucho m\u00e1s all\u00e1 de la guerra. A lo largo de tres siglos, la <strong>Horda de Oro<\/strong>, la porci\u00f3n occidental del Imperio mongol que surgi\u00f3 tras el fallecimiento de <strong>Gengis Kan<\/strong>, tuvo tanta influencia en el mundo como en otros tiempos la tuvo Roma, y dej\u00f3 tras de s\u00ed <strong>un profundo legado en Europa, Rusia, Asia Central y Oriente Pr\u00f3ximo,<\/strong> perceptible incluso actualmente.<\/p>\n<p> <strong>Marie Favereau<\/strong> nos sumerge en la \u00e9pica historia de la Horda, que vertebr\u00f3 el intercambio de gentes e ideas a trav\u00e9s de su extens\u00edsimo territorio. Su particular r\u00e9gimen pol\u00edtico, con <strong>el poder repartido entre el kan y la nobleza<\/strong>, recompensaba a los administradores y diplom\u00e1ticos h\u00e1biles y foment\u00f3 una pr\u00f3spera econom\u00eda, organizada e innovadora que <strong>impuls\u00f3 el auge comercial euroasi\u00e1tico de los siglos XIII y XIV<\/strong>. Desde su capital <strong>en Sar\u00e1i<\/strong>, en el curso inferior del Volga, la Horda proporcion\u00f3 <strong>un modelo de gobierno para Rusia<\/strong>, influy\u00f3 en las costumbres y la estructura estatal de todas las culturas isl\u00e1micas, difundi\u00f3 sofisticadas teor\u00edas cient\u00edficas y practic\u00f3 la tolerancia religiosa.<\/p>\n<p> <em>La Horda<\/em> es la primera historia completa de <strong>uno de los imperios m\u00e1s influyentes de la historia<\/strong>, que, para muchos, sigue siendo un gran desconocido. <\/p>\n<p>&nbsp;<\/p>\n","protected":false},"excerpt":{"rendered":"<p>MARIE FAVEREAU<\/p>\n","protected":false},"featured_media":1097389,"template":"","meta":{"_acf_changed":false,"om_disable_all_campaigns":false,"rs_blank_template":"","rs_page_bg_color":"","slide_template_v7":"","inline_featured_image":false,"_monsterinsights_skip_tracking":false,"_monsterinsights_sitenote_active":false,"_monsterinsights_sitenote_note":"","_monsterinsights_sitenote_category":0},"product_brand":[],"product_cat":[149,427],"product_tag":[],"class_list":{"0":"post-1095099","1":"product","2":"type-product","3":"status-publish","4":"has-post-thumbnail","6":"product_cat-medieval","7":"product_cat-medieval-historia-2_humanidades","9":"first","10":"instock","11":"taxable","12":"shipping-taxable","13":"purchasable","14":"product-type-simple"},"acf":{"autor":"MARIE FAVEREAU","codart":"138759295","libros-coleccion":"","ediciones":"1","encuadernacion":"R\u00fastica","fecha_de_publicacion":"01\/04\/2026","novedad":"1","paginas":"450","subtitulo":"C\u00d3MO LOS MONGOLES CAMBIARON EL MUNDO","orden":"0","portada":"1","idioma":"spa","booktrailer":"","resenas":"","editorial":[{"ID":6131,"post_author":"3","post_date":"2022-07-28 17:45:33","post_date_gmt":"2022-07-28 15:45:33","post_content":"","post_title":"ATICO DE LOS LIBROS","post_excerpt":"","post_status":"publish","comment_status":"closed","ping_status":"closed","post_password":"","post_name":"atico-de-los-libros","to_ping":"","pinged":"","post_modified":"2022-07-28 17:45:33","post_modified_gmt":"2022-07-28 15:45:33","post_content_filtered":"","post_parent":0,"guid":"http:\/\/dev.claret.cat\/editorial\/atico-de-los-libros\/","menu_order":0,"post_type":"editorial","post_mime_type":"","comment_count":"0","filter":"raw"}]},"aioseo_notices":[],"_links":{"self":[{"href":"https:\/\/www.claret.cat\/es\/wp-json\/wp\/v2\/product\/1095099","targetHints":{"allow":["GET"]}}],"collection":[{"href":"https:\/\/www.claret.cat\/es\/wp-json\/wp\/v2\/product"}],"about":[{"href":"https:\/\/www.claret.cat\/es\/wp-json\/wp\/v2\/types\/product"}],"wp:featuredmedia":[{"embeddable":true,"href":"https:\/\/www.claret.cat\/es\/wp-json\/wp\/v2\/media\/1097389"}],"wp:attachment":[{"href":"https:\/\/www.claret.cat\/es\/wp-json\/wp\/v2\/media?parent=1095099"}],"wp:term":[{"taxonomy":"product_brand","embeddable":true,"href":"https:\/\/www.claret.cat\/es\/wp-json\/wp\/v2\/product_brand?post=1095099"},{"taxonomy":"product_cat","embeddable":true,"href":"https:\/\/www.claret.cat\/es\/wp-json\/wp\/v2\/product_cat?post=1095099"},{"taxonomy":"product_tag","embeddable":true,"href":"https:\/\/www.claret.cat\/es\/wp-json\/wp\/v2\/product_tag?post=1095099"}],"curies":[{"name":"wp","href":"https:\/\/api.w.org\/{rel}","templated":true}]}}