{"id":1095102,"date":"2026-04-07T16:11:29","date_gmt":"2026-04-07T14:11:29","guid":{"rendered":"https:\/\/www.claret.cat\/llibre\/las-influencers-2-el-reto-de-likeme-9791039580502\/"},"modified":"2026-04-07T16:42:17","modified_gmt":"2026-04-07T14:42:17","slug":"las-influencers-2-el-reto-de-likeme-9791039580502","status":"publish","type":"product","link":"https:\/\/www.claret.cat\/es\/libro\/las-influencers-2-el-reto-de-likeme-9791039580502\/","title":{"rendered":"LAS INFLUENCERS 2. EL RETO DE LIKEME"},"content":{"rendered":"<p>\u00a1Las 4MIGAS son capaces de cualquier cosa, siempre y cuando permanezcan juntas!<br \/> \u00a1Un reto en las redes! Esto es lo que espera a las 4MIGAS: Louise, Suka, Sacha y Charlie. A medida que avanzan en los desaf\u00edos frente a Livia, su enemiga de siempre, se hacen amigas de Samia, una chica de su clase. Pero Samia guarda grandes secretos y necesita su ayuda\u2026 \u00bfLograr\u00e1n las influencers ayudarla mientras est\u00e1n atrapadas en la competici\u00f3n?<\/p>\n","protected":false},"excerpt":{"rendered":"<p>LORENA CALDERON<\/p>\n","protected":false},"featured_media":1095198,"template":"","meta":{"_acf_changed":false,"om_disable_all_campaigns":false,"rs_blank_template":"","rs_page_bg_color":"","slide_template_v7":"","inline_featured_image":false,"_monsterinsights_skip_tracking":false,"_monsterinsights_sitenote_active":false,"_monsterinsights_sitenote_note":"","_monsterinsights_sitenote_category":0},"product_brand":[],"product_cat":[132,362],"product_tag":[],"class_list":{"0":"post-1095102","1":"product","2":"type-product","3":"status-publish","4":"has-post-thumbnail","6":"product_cat-lectures-per-preadolescents-6-12-anys","7":"product_cat-libros-preadolescentes-6-12-anos","9":"first","10":"instock","11":"taxable","12":"shipping-taxable","13":"purchasable","14":"product-type-simple"},"acf":{"autor":"LORENA CALDERON","codart":"103958050","libros-coleccion":"","ediciones":"1","encuadernacion":"Carton\u00e9","fecha_de_publicacion":"01\/12\/2025","novedad":"1","paginas":"250","subtitulo":"","orden":"0","portada":"0","idioma":"spa","booktrailer":"","resenas":"","editorial":[{"ID":1056500,"post_author":"3","post_date":"2025-10-01 13:20:59","post_date_gmt":"2025-10-01 11:20:59","post_content":"","post_title":"Planeta-De Agostini","post_excerpt":"","post_status":"publish","comment_status":"closed","ping_status":"closed","post_password":"","post_name":"planeta-de-agostini","to_ping":"","pinged":"","post_modified":"2025-10-01 13:20:59","post_modified_gmt":"2025-10-01 11:20:59","post_content_filtered":"","post_parent":0,"guid":"https:\/\/www.claret.cat\/editorial\/planeta-de-agostini\/","menu_order":0,"post_type":"editorial","post_mime_type":"","comment_count":"0","filter":"raw"}]},"aioseo_notices":[],"_links":{"self":[{"href":"https:\/\/www.claret.cat\/es\/wp-json\/wp\/v2\/product\/1095102","targetHints":{"allow":["GET"]}}],"collection":[{"href":"https:\/\/www.claret.cat\/es\/wp-json\/wp\/v2\/product"}],"about":[{"href":"https:\/\/www.claret.cat\/es\/wp-json\/wp\/v2\/types\/product"}],"wp:featuredmedia":[{"embeddable":true,"href":"https:\/\/www.claret.cat\/es\/wp-json\/wp\/v2\/media\/1095198"}],"wp:attachment":[{"href":"https:\/\/www.claret.cat\/es\/wp-json\/wp\/v2\/media?parent=1095102"}],"wp:term":[{"taxonomy":"product_brand","embeddable":true,"href":"https:\/\/www.claret.cat\/es\/wp-json\/wp\/v2\/product_brand?post=1095102"},{"taxonomy":"product_cat","embeddable":true,"href":"https:\/\/www.claret.cat\/es\/wp-json\/wp\/v2\/product_cat?post=1095102"},{"taxonomy":"product_tag","embeddable":true,"href":"https:\/\/www.claret.cat\/es\/wp-json\/wp\/v2\/product_tag?post=1095102"}],"curies":[{"name":"wp","href":"https:\/\/api.w.org\/{rel}","templated":true}]}}