{"id":1095169,"date":"2026-04-07T16:30:58","date_gmt":"2026-04-07T14:30:58","guid":{"rendered":"https:\/\/www.claret.cat\/llibre\/atrapados-en-la-piramide-9781806070015\/"},"modified":"2026-04-07T16:35:38","modified_gmt":"2026-04-07T14:35:38","slug":"atrapados-en-la-piramide-9781806070015","status":"publish","type":"product","link":"https:\/\/www.claret.cat\/es\/libro\/atrapados-en-la-piramide-9781806070015\/","title":{"rendered":"ATRAPADOS EN LA PIR\u00c1MIDE"},"content":{"rendered":"<p>\u00bfPodr\u00e1s escapar de la pir\u00e1mide maldita del fara\u00f3n? La aventura te espera en las p\u00e1ginas llenas de pasatiempos de este escalofriante libro de actividades tipo escape room. Ayuda a los j\u00f3venes h\u00e9roes a recorrer habitaciones llenas de momias, pasadizos con trampas y misteriosas c\u00e1maras funerarias. Cada sala es un reto: descifra c\u00f3digos dif\u00edciles, encuentra objetos ocultos, resuelve acertijos de esfinges, abre trampillas, enfrenta desaf\u00edos de memoria \u00a1y mucho m\u00e1s!<\/p>\n","protected":false},"excerpt":{"rendered":"<p>SAM SMITH<\/p>\n","protected":false},"featured_media":1095170,"template":"","meta":{"_acf_changed":false,"om_disable_all_campaigns":false,"rs_blank_template":"","rs_page_bg_color":"","slide_template_v7":"","inline_featured_image":false,"_monsterinsights_skip_tracking":false,"_monsterinsights_sitenote_active":false,"_monsterinsights_sitenote_note":"","_monsterinsights_sitenote_category":0},"product_brand":[],"product_cat":[131,361],"product_tag":[],"class_list":{"0":"post-1095169","1":"product","2":"type-product","3":"status-publish","4":"has-post-thumbnail","6":"product_cat-contes-per-infants-0-6-anys","7":"product_cat-cuentos-para-ninos-0-6-anos","9":"first","10":"instock","11":"taxable","12":"shipping-taxable","13":"purchasable","14":"product-type-simple"},"acf":{"autor":"SAM SMITH","codart":"180607001","libros-coleccion":"","ediciones":"1","encuadernacion":"R\u00fastica","fecha_de_publicacion":"01\/04\/2026","novedad":"1","paginas":"48","subtitulo":"","orden":"0","portada":"0","idioma":"spa","booktrailer":"","resenas":"","editorial":[{"ID":148940,"post_author":"3","post_date":"2022-10-14 12:02:11","post_date_gmt":"2022-10-14 10:02:11","post_content":"","post_title":"Usborne Publishing","post_excerpt":"","post_status":"publish","comment_status":"closed","ping_status":"closed","post_password":"","post_name":"usborne-publishing","to_ping":"","pinged":"","post_modified":"2022-10-14 12:02:11","post_modified_gmt":"2022-10-14 10:02:11","post_content_filtered":"","post_parent":0,"guid":"http:\/\/dev.claret.cat\/editorial\/usborne-publishing\/","menu_order":0,"post_type":"editorial","post_mime_type":"","comment_count":"0","filter":"raw"}]},"aioseo_notices":[],"_links":{"self":[{"href":"https:\/\/www.claret.cat\/es\/wp-json\/wp\/v2\/product\/1095169","targetHints":{"allow":["GET"]}}],"collection":[{"href":"https:\/\/www.claret.cat\/es\/wp-json\/wp\/v2\/product"}],"about":[{"href":"https:\/\/www.claret.cat\/es\/wp-json\/wp\/v2\/types\/product"}],"wp:featuredmedia":[{"embeddable":true,"href":"https:\/\/www.claret.cat\/es\/wp-json\/wp\/v2\/media\/1095170"}],"wp:attachment":[{"href":"https:\/\/www.claret.cat\/es\/wp-json\/wp\/v2\/media?parent=1095169"}],"wp:term":[{"taxonomy":"product_brand","embeddable":true,"href":"https:\/\/www.claret.cat\/es\/wp-json\/wp\/v2\/product_brand?post=1095169"},{"taxonomy":"product_cat","embeddable":true,"href":"https:\/\/www.claret.cat\/es\/wp-json\/wp\/v2\/product_cat?post=1095169"},{"taxonomy":"product_tag","embeddable":true,"href":"https:\/\/www.claret.cat\/es\/wp-json\/wp\/v2\/product_tag?post=1095169"}],"curies":[{"name":"wp","href":"https:\/\/api.w.org\/{rel}","templated":true}]}}