{"id":1095178,"date":"2026-04-07T16:31:54","date_gmt":"2026-04-07T14:31:54","guid":{"rendered":"https:\/\/www.claret.cat\/llibre\/101-cosas-para-buscar-y-pegarlos-animales-del-mundo-9789403244709\/"},"modified":"2026-04-07T16:36:18","modified_gmt":"2026-04-07T14:36:18","slug":"101-cosas-para-buscar-y-pegarlos-animales-del-mundo-9789403244709","status":"publish","type":"product","link":"https:\/\/www.claret.cat\/es\/libro\/101-cosas-para-buscar-y-pegarlos-animales-del-mundo-9789403244709\/","title":{"rendered":"101 COSAS PARA BUSCAR Y PEGAR-LOS ANIMALES DEL MUNDO"},"content":{"rendered":"<p>En estos coloridos libros de pegatinas, los peques curiosos descubrir\u00e1n el mundo de los animales. En cada p\u00e1gina, tendr\u00e1n que buscar elementos en la ilustraci\u00f3n y contestar a algunas preguntas. Aprender\u00e1n todo tipo de palabras nuevas a medida que vayan colocando las pegatinas en su lugar. \u00a1Es hora de divertirse!<\/p>\n","protected":false},"excerpt":{"rendered":"<p>BALLON<\/p>\n","protected":false},"featured_media":1095179,"template":"","meta":{"_acf_changed":false,"om_disable_all_campaigns":false,"rs_blank_template":"","rs_page_bg_color":"","slide_template_v7":"","inline_featured_image":false,"_monsterinsights_skip_tracking":false,"_monsterinsights_sitenote_active":false,"_monsterinsights_sitenote_note":"","_monsterinsights_sitenote_category":0},"product_brand":[],"product_cat":[131,361],"product_tag":[],"class_list":{"0":"post-1095178","1":"product","2":"type-product","3":"status-publish","4":"has-post-thumbnail","6":"product_cat-contes-per-infants-0-6-anys","7":"product_cat-cuentos-para-ninos-0-6-anos","9":"first","10":"instock","11":"taxable","12":"shipping-taxable","13":"purchasable","14":"product-type-simple"},"acf":{"autor":"BALLON","codart":"940324470","libros-coleccion":"","ediciones":"1","encuadernacion":"R\u00fastica","fecha_de_publicacion":"01\/04\/2026","novedad":"1","paginas":"32","subtitulo":"","orden":"0","portada":"0","idioma":"spa","booktrailer":"","resenas":"","editorial":[{"ID":6169,"post_author":"3","post_date":"2022-07-28 17:46:22","post_date_gmt":"2022-07-28 15:46:22","post_content":"","post_title":"Contenido en Movimiento","post_excerpt":"","post_status":"publish","comment_status":"closed","ping_status":"closed","post_password":"","post_name":"contenido-en-movimiento","to_ping":"","pinged":"","post_modified":"2022-07-28 17:46:22","post_modified_gmt":"2022-07-28 15:46:22","post_content_filtered":"","post_parent":0,"guid":"http:\/\/dev.claret.cat\/editorial\/contenido-en-movimiento\/","menu_order":0,"post_type":"editorial","post_mime_type":"","comment_count":"0","filter":"raw"}]},"aioseo_notices":[],"_links":{"self":[{"href":"https:\/\/www.claret.cat\/es\/wp-json\/wp\/v2\/product\/1095178","targetHints":{"allow":["GET"]}}],"collection":[{"href":"https:\/\/www.claret.cat\/es\/wp-json\/wp\/v2\/product"}],"about":[{"href":"https:\/\/www.claret.cat\/es\/wp-json\/wp\/v2\/types\/product"}],"wp:featuredmedia":[{"embeddable":true,"href":"https:\/\/www.claret.cat\/es\/wp-json\/wp\/v2\/media\/1095179"}],"wp:attachment":[{"href":"https:\/\/www.claret.cat\/es\/wp-json\/wp\/v2\/media?parent=1095178"}],"wp:term":[{"taxonomy":"product_brand","embeddable":true,"href":"https:\/\/www.claret.cat\/es\/wp-json\/wp\/v2\/product_brand?post=1095178"},{"taxonomy":"product_cat","embeddable":true,"href":"https:\/\/www.claret.cat\/es\/wp-json\/wp\/v2\/product_cat?post=1095178"},{"taxonomy":"product_tag","embeddable":true,"href":"https:\/\/www.claret.cat\/es\/wp-json\/wp\/v2\/product_tag?post=1095178"}],"curies":[{"name":"wp","href":"https:\/\/api.w.org\/{rel}","templated":true}]}}