{"id":109519,"date":"2022-10-12T13:33:15","date_gmt":"2022-10-12T11:33:15","guid":{"rendered":"http:\/\/dev.claret.cat\/producte\/els-follets-sabaters\/"},"modified":"2023-01-28T14:48:26","modified_gmt":"2023-01-28T13:48:26","slug":"els-follets-sabaters-9788447935437","status":"publish","type":"product","link":"https:\/\/www.claret.cat\/es\/libro\/els-follets-sabaters-9788447935437\/","title":{"rendered":"ELS FOLLETS SABATERS"},"content":{"rendered":"<p>Es un conte popular que permet treballar la comprensi\u00f3 lectora i la lectura de la imatge. Fer part\u00edcips els adults de la lectura amb la resproducci\u00f3 al final del mateix conte amb m\u00e9s contingut narrat.<\/p>\n","protected":false},"excerpt":{"rendered":"<p>GRIMM, JACOB \/ GRIMM, WILHELM<\/p>\n","protected":false},"featured_media":109520,"template":"","meta":{"_acf_changed":false,"om_disable_all_campaigns":false,"rs_blank_template":"","rs_page_bg_color":"","slide_template_v7":"","inline_featured_image":false,"_monsterinsights_skip_tracking":false,"_monsterinsights_sitenote_active":false,"_monsterinsights_sitenote_note":"","_monsterinsights_sitenote_category":0},"product_brand":[],"product_cat":[16],"product_tag":[],"class_list":{"0":"post-109519","1":"product","2":"type-product","3":"status-publish","4":"has-post-thumbnail","6":"product_cat-sense-categoria","8":"first","9":"instock","10":"taxable","11":"shipping-taxable","12":"purchasable","13":"product-type-simple"},"acf":{"autor":"GRIMM, JACOB \/ GRIMM, WILHELM","codart":"844793543","libros-coleccion":"Petits contes","ediciones":"1","encuadernacion":"R\u00fastica","fecha_de_publicacion":"01\/10\/2017","novedad":"1","paginas":"16","subtitulo":"","orden":"0","portada":"0","idioma":"cat","editorial":[{"ID":147536,"post_author":"3","post_date":"2022-10-14 11:51:19","post_date_gmt":"2022-10-14 09:51:19","post_content":"","post_title":"BAULA-EDELVIVES-VALENCIANO\/CATALAN-TXT-","post_excerpt":"","post_status":"publish","comment_status":"closed","ping_status":"closed","post_password":"","post_name":"baula-edelvives-valenciano-catalan-txt","to_ping":"","pinged":"","post_modified":"2022-10-14 11:51:19","post_modified_gmt":"2022-10-14 09:51:19","post_content_filtered":"","post_parent":0,"guid":"http:\/\/dev.claret.cat\/editorial\/baula-edelvives-valenciano-catalan-txt\/","menu_order":0,"post_type":"editorial","post_mime_type":"","comment_count":"0","filter":"raw"}],"autores-libros":[{"ID":158298,"post_author":"3","post_date":"2022-10-14 15:35:44","post_date_gmt":"2022-10-14 13:35:44","post_content":"","post_title":"JACOB GRIMM","post_excerpt":"","post_status":"publish","comment_status":"closed","ping_status":"closed","post_password":"","post_name":"jacob-grimm","to_ping":"","pinged":"","post_modified":"2022-10-14 15:35:44","post_modified_gmt":"2022-10-14 13:35:44","post_content_filtered":"","post_parent":0,"guid":"http:\/\/dev.claret.cat\/autor\/jacob-grimm\/","menu_order":0,"post_type":"autor","post_mime_type":"","comment_count":"0","filter":"raw"},{"ID":171280,"post_author":"3","post_date":"2022-10-14 22:42:07","post_date_gmt":"2022-10-14 20:42:07","post_content":"","post_title":"WILHELM GRIMM","post_excerpt":"","post_status":"publish","comment_status":"closed","ping_status":"closed","post_password":"","post_name":"wilhelm-grimm","to_ping":"","pinged":"","post_modified":"2022-10-14 22:42:07","post_modified_gmt":"2022-10-14 20:42:07","post_content_filtered":"","post_parent":0,"guid":"http:\/\/dev.claret.cat\/autor\/wilhelm-grimm\/","menu_order":0,"post_type":"autor","post_mime_type":"","comment_count":"0","filter":"raw"}]},"aioseo_notices":[],"_links":{"self":[{"href":"https:\/\/www.claret.cat\/es\/wp-json\/wp\/v2\/product\/109519","targetHints":{"allow":["GET"]}}],"collection":[{"href":"https:\/\/www.claret.cat\/es\/wp-json\/wp\/v2\/product"}],"about":[{"href":"https:\/\/www.claret.cat\/es\/wp-json\/wp\/v2\/types\/product"}],"wp:featuredmedia":[{"embeddable":true,"href":"https:\/\/www.claret.cat\/es\/wp-json\/wp\/v2\/media\/109520"}],"wp:attachment":[{"href":"https:\/\/www.claret.cat\/es\/wp-json\/wp\/v2\/media?parent=109519"}],"wp:term":[{"taxonomy":"product_brand","embeddable":true,"href":"https:\/\/www.claret.cat\/es\/wp-json\/wp\/v2\/product_brand?post=109519"},{"taxonomy":"product_cat","embeddable":true,"href":"https:\/\/www.claret.cat\/es\/wp-json\/wp\/v2\/product_cat?post=109519"},{"taxonomy":"product_tag","embeddable":true,"href":"https:\/\/www.claret.cat\/es\/wp-json\/wp\/v2\/product_tag?post=109519"}],"curies":[{"name":"wp","href":"https:\/\/api.w.org\/{rel}","templated":true}]}}