{"id":1095257,"date":"2026-04-07T17:06:59","date_gmt":"2026-04-07T15:06:59","guid":{"rendered":"https:\/\/www.claret.cat\/llibre\/el-trofeu-9791387736408\/"},"modified":"2026-04-23T17:05:13","modified_gmt":"2026-04-23T15:05:13","slug":"el-trofeu-9791387736408","status":"publish","type":"product","link":"https:\/\/www.claret.cat\/es\/libro\/el-trofeu-9791387736408\/","title":{"rendered":"EL TROFEU"},"content":{"rendered":"<p>Per primer cop en catal\u00e0 una de les veus m\u00e9s atrevides de la literatura europea, celebrada per la cr\u00edtica per la seva for\u00e7a narrativa i mirada provocadora.<br \/> Un \u00e8xit internacional: novel\u00b7la en flamenc tradu\u00efda a vint lleng\u00fces \u00b7\u00a0 55.000 exemplars venuts a Alemanya \u00b7 Premi Sabam de literatura \u00b7 Menci\u00f3 especial del Premi de Literatura de la UE.<br \/> \u201cCom si Hemingway s\u2019hagu\u00e9s assegut amb Kafka&#8230;\u00a0Ens commou amb un domini absolut sobre les nostres expectatives.\u201d\u00a0\u2014\u00a0Denis Scheck, WDR3 Mosaik<br \/> Hunter White, un ric novaiorqu\u00e8s i inversor de Wall Street, ha comprat un perm\u00eds de ca\u00e7a per a un rinoceront negre, l\u2019\u00fanic trofeu que falta al seu palmar\u00e8s. De viatge cap a l\u2019\u00c0frica, el seu terreny de ca\u00e7a preferit, somia poder portar finalment a la seva dona el cap dissecat que tant desitja. Fill i net de ca\u00e7adors, est\u00e0 orgull\u00f3s de perpetuar les tradicions fair-play de la ca\u00e7a esportiva i conven\u00e7ut que participa en el bon funcionament d\u2019un ecosistema fr\u00e0gil en benefici dels africans.<br \/> Per\u00f2 quan uns ca\u00e7adors furtius maten el rinoceront que li estava reservat, la seva frustraci\u00f3 \u00e9s immensa. Com a compensaci\u00f3, el seu guia de confian\u00e7a, Van Heeren, li proposa una presa d\u2019un tipus molt particular&#8230; I quan en Hunter acaba acceptant, sap que ha traspassat un l\u00edmit intolerable: la ca\u00e7a \u00e9s oberta i ja no hi ha marxa enrere possible.<br \/> \u201cEl trofeu \u00e9s una novel\u00b7la colossal amb aires cl\u00e0ssics. Una \u2018mindfuck\u2019 \u00e8tica.\u201d<br \/> \u2014\u00a0Dimitri Verhulst<br \/> \u201cLa vaig llegir fa m\u00e9s d\u2019una setmana i encara la duc a sobre.\u00a0El trofeu\u00a0\u00e9s una proesa gla\u00e7ant.\u201d<br \/> \u2014\u00a0Maud Vanhauwaert<br \/> \u201cEl trofeu\u00a0\u00e9s una oda a la natura salvatge\u00a0que despulla les relacions colonials sota la forma d\u2019un\u00a0thriller\u00a0estremidor, en qu\u00e8 les posicions de ca\u00e7ador i presa, de v\u00edctima i explotador, es desfan lentament abans d\u2019invertir-se del tot. En la calor opressiva, els nostres prejudicis m\u00e9s persistents tremolen davant la m\u00e0gia de l\u2019estil i de la trama.\u201d\u2014\u00a0Le Suricate<br \/> \u201cPotser\u00a0l\u2019aposta est\u00e8ticament m\u00e9s agosarada \u00e9s la novel\u00b7la\u00a0El trofeu&#8230; un text narratiu aparentment realista per\u00f2 latentment grotesc&#8230; una mena de revenant literari d&#8221;El cor\u00a0de les tenebres\u00a0de Joseph Conrad.\u201d\u2014\u00a0Jan Wiele, F.A.Z.<br \/> \u201cHe llegit la novel\u00b7la de Gaea Schoeters de puntetes.\u00a0Mai no hauria imaginat que podria contenir la respiraci\u00f3 durant 253 p\u00e0gines.\u201d\u2014\u00a0Christian Dunker, geistesblueten.com<br \/> \u201cHe llegit\u00a0El trofeu de Gaea Schoeters d\u2019una tirada. De ritme perfecte, amb un argument excepcional i grans q\u00fcestions \u00e8tiques sobre el postcolonialisme. I impressionantment ben documentada. Escenes finals magistrals.\u201d<br \/> \u2014\u00a0Stefan Hertmans<br \/> \u201cUna novel\u00b7la amb moltes capes sobre la ca\u00e7a, la mirada occidental amb qu\u00e8 observem el m\u00f3n i la dif\u00edcil pregunta filos\u00f2fica sobre el valor d\u2019una vida humana.\u201d\u2014\u00a0Alicja Gescinska<br \/> \u201cNo m\u2019interessa la ca\u00e7a major. Per\u00f2 quan vaig llegir aquesta novel\u00b7la, que m\u2019havien recomanat diverses vegades, aviat em vaig sentir fascinat, despr\u00e9s aclaparat i finalment trasbalsat:\u00a0El trofeu\u00a0\u00e9s una gran par\u00e0bola sobre la naturalesa humana i la natura en rebel\u00b7li\u00f3 contra l\u2019\u00e9sser hum\u00e0. (&#8230;) Aquesta \u00e9s la novel\u00b7la m\u00e9s significativa dins la tradici\u00f3 existencialista, totalment contempor\u00e0nia, i alhora, si es vol llegir com una novel\u00b7la africana, un llampec al cor de les tenebres.\u201d\u2014\u00a0Robert Menasse<br \/> \u00a0\u201cUn llibre colpidor. No pots deixar de llegir per veure fins on s\u2019atrevir\u00e0 a arribar en Hunter. Per a mi, El trofeu\u00a0demostra una vegada m\u00e9s que fins i tot l\u2019horror m\u00e9s gran pot ser disfressat, convertit en acceptable.\u201d\u2014\u00a0Rachida Lamrabet<br \/> \u201cEscrit magistralment! Una novel\u00b7la incre\u00efblement bona, captivadora i ins\u00f2lita. Fins i tot si la ca\u00e7a no t\u2019interessa gens, \u00e9s impossible resistir-se al magnetisme d\u2019aquest llibre escrit amb mestria&#8230; El trofeu\u00a0\u00e9s \u2018un dels millors llibres\u2019 que el llibreter Helmut Zechner (HEYN \u2013 Aus Freude am Buch) \u2018ha llegit mai\u2019.\u201d<br \/> \u201cSchoeters ens fa viure la ca\u00e7a de molt a prop i aconsegueix crear una aut\u00e8ntica experi\u00e8ncia en primera persona.\u201d\u2014\u00a0Wolfgang Huber-Lang, APA<br \/> \u201cAsfixiant i alhora impressionantment sensual.\u201d\u2014\u00a0MDR Kultur, Katrin Schumacher<br \/> \u201cUna lectura que travessa l\u2019espinada i condueix al cor de les tenebres&#8230; Despr\u00e9s d\u2019aquesta novel\u00b7la et queda un vertigen. La literatura atrevida \u00e9s capa\u00e7 de provocar aix\u00f2.\u201d\u2014\u00a0Sebastian Fasthuber, Falter<br \/> \u201cHe llegit\u00a0El trofeu\u00a0com en un estat d\u2019embriaguesa i n\u2019estic absolutament entusiasmat. Ser\u00e0 el meu \u00e8xit de la primavera. Poques vegades he llegit una novel\u00b7la tan densa i intensa. Aquest llibre viu, respira, renega com el rinoceront que persegueix. Una novel\u00b7la com un animal salvatge, una aut\u00e8ntica revelaci\u00f3! El llenguatge i l\u2019estil s\u00f3n senzillament espectaculars, incre\u00efblement precisos i valents. La sobirania narrativa de l\u2019autora em desperta una enorme admiraci\u00f3.\u201d\u2014\u00a0Philipp Schneider, llibreria Kapitel Zwei, Recklinghausen<br \/> \u201cEl trofeu\u00a0\u00e9s una novel\u00b7la extrema que expressa veritats inc\u00f2modes per\u00f2 necess\u00e0ries i no t\u00e9 por de traspassar l\u00edmits \u2014no per pura provocaci\u00f3, sin\u00f3 com un comentari intel\u00b7ligent sobre la humanitat i el que realment significa quan es posa a prova.\u201d\u2014\u00a0Tobias Wrany, llibreter, Buchhandlung Jost GmbH<br \/> \u201cEl millor llibre que he llegit en molt de temps.\u201d\u2014\u00a0Niki Winkler, Hugendubel<br \/> \u201c\u00c9s un plaer tenir de nou una novetat amb un tema completament diferent. El llibre \u00e9s magn\u00edfic, m\u2019ha fascinat totalment, encara que la ca\u00e7a no sigui el meu tema; m\u2019atrapa a cada p\u00e0gina. La meva admiraci\u00f3: \u00e9s gran literatura.\u201d\u2014\u00a0Michaela Bokon, Thalia Wien 3<br \/> \u201cEl trofeu\u00a0\u00e9s una gran novel\u00b7la sobre la condici\u00f3 humana i la humilitat, una novel\u00b7la humanista que recorda a l\u2019\u00e9sser hum\u00e0 fins a quin punt el seu lloc no ha canviat: els lleons s\u00f3n al capdamunt de la cadena aliment\u00e0ria, les hienes just despr\u00e9s i l\u2019home al capdavall. Reduir\u00a0LEl trofeu\u00a0a una simple partida de ca\u00e7a seria un error monumental. Entre Hemingway i\u00a0Les Chasses du Comte Zaroff, Gaea Schoeters ens ofereix un text dens i potent, \u00e0rid i despietat sobre la bellesa d\u2019\u00c0frica, les seves riqueses mil\u00b7len\u00e0ries, els seus sabers ancestrals i la pretensi\u00f3 dels homes blancs de saber-ho tot.\u201d\u2014\u00a0La lettre du libraire<br \/> \u00a0\u201cEl trofeu\u00a0\u00e9s un mostrari ret\u00f2ric, una cascada de tensi\u00f3 i un xoc entre \u00e8tica, moral i superviv\u00e8ncia. Una novel\u00b7la aclaparadora (&#8230;) que es burla de la hipocresia dels occidentals. No sempre \u00e9s una lectura agradable, per\u00f2 \u00e9s absolutament captivadora.\u201d\u2014\u00a0Bogvaegten.dk<br \/> \u201cSchoeters, mentre teixeix el dest\u00ed dram\u00e0tic del seu personatge, embolcalla el lector en un relat cada cop m\u00e9s asfixiant, amb una llengua precisa i esmolada que l\u2019arrossega lentament dins el laberint de la trama i no permet retorn. Si podeu llegir en franc\u00e8s, no us perdeu aquest llibre!\u201d\u2014\u00a0Armando Pederzoli<\/p>\n","protected":false},"excerpt":{"rendered":"<p>GAEA SCHOETERS<\/p>\n","protected":false},"featured_media":1095621,"template":"","meta":{"_acf_changed":false,"om_disable_all_campaigns":false,"rs_blank_template":"","rs_page_bg_color":"","slide_template_v7":"","inline_featured_image":false,"_monsterinsights_skip_tracking":false,"_monsterinsights_sitenote_active":false,"_monsterinsights_sitenote_note":"","_monsterinsights_sitenote_category":0},"product_brand":[],"product_cat":[127,357],"product_tag":[],"class_list":{"0":"post-1095257","1":"product","2":"type-product","3":"status-publish","4":"has-post-thumbnail","6":"product_cat-novella-contemporania","7":"product_cat-novela-contemporanea","9":"first","10":"instock","11":"taxable","12":"shipping-taxable","13":"purchasable","14":"product-type-simple"},"acf":{"autor":"GAEA SCHOETERS","codart":"138773640","libros-coleccion":"","ediciones":"1","encuadernacion":"R\u00fastica","fecha_de_publicacion":"01\/04\/2026","novedad":"1","paginas":"270","subtitulo":"","orden":"0","portada":"0","idioma":"cat","booktrailer":"","resenas":"","editorial":[{"ID":6223,"post_author":"3","post_date":"2022-07-28 17:47:32","post_date_gmt":"2022-07-28 15:47:32","post_content":"","post_title":"EDITORIAL EMP\u00daRIES","post_excerpt":"","post_status":"publish","comment_status":"closed","ping_status":"closed","post_password":"","post_name":"editorial-empuries","to_ping":"","pinged":"","post_modified":"2022-07-28 17:47:32","post_modified_gmt":"2022-07-28 15:47:32","post_content_filtered":"","post_parent":0,"guid":"http:\/\/dev.claret.cat\/editorial\/editorial-empuries\/","menu_order":0,"post_type":"editorial","post_mime_type":"","comment_count":"0","filter":"raw"}]},"aioseo_notices":[],"_links":{"self":[{"href":"https:\/\/www.claret.cat\/es\/wp-json\/wp\/v2\/product\/1095257","targetHints":{"allow":["GET"]}}],"collection":[{"href":"https:\/\/www.claret.cat\/es\/wp-json\/wp\/v2\/product"}],"about":[{"href":"https:\/\/www.claret.cat\/es\/wp-json\/wp\/v2\/types\/product"}],"wp:featuredmedia":[{"embeddable":true,"href":"https:\/\/www.claret.cat\/es\/wp-json\/wp\/v2\/media\/1095621"}],"wp:attachment":[{"href":"https:\/\/www.claret.cat\/es\/wp-json\/wp\/v2\/media?parent=1095257"}],"wp:term":[{"taxonomy":"product_brand","embeddable":true,"href":"https:\/\/www.claret.cat\/es\/wp-json\/wp\/v2\/product_brand?post=1095257"},{"taxonomy":"product_cat","embeddable":true,"href":"https:\/\/www.claret.cat\/es\/wp-json\/wp\/v2\/product_cat?post=1095257"},{"taxonomy":"product_tag","embeddable":true,"href":"https:\/\/www.claret.cat\/es\/wp-json\/wp\/v2\/product_tag?post=1095257"}],"curies":[{"name":"wp","href":"https:\/\/api.w.org\/{rel}","templated":true}]}}