{"id":1095281,"date":"2026-04-07T17:21:21","date_gmt":"2026-04-07T15:21:21","guid":{"rendered":"https:\/\/www.claret.cat\/llibre\/la-tribu-del-respeto-9788408312512\/"},"modified":"2026-04-07T17:51:01","modified_gmt":"2026-04-07T15:51:01","slug":"la-tribu-del-respeto-9788408312512","status":"publish","type":"product","link":"https:\/\/www.claret.cat\/es\/libro\/la-tribu-del-respeto-9788408312512\/","title":{"rendered":"LA TRIBU DEL RESPETO"},"content":{"rendered":"<p>El nuevo cuento de Luc\u00eda, mi pediatra para prevenir el acoso escolar.Un cuento para luchar contra el acoso escolar desde la empat\u00eda, la inclusi\u00f3n y el respeto.<br \/> En el colegio de Lola y Toni todos los ni\u00f1os son \u00fanicos, pero no siempre es f\u00e1cil ser diferente. Un d\u00eda, una burla inesperada genera mucho malestar. Entonces, con la ayuda de su profe, fundan la Tribu del Respeto. Gracias a ella, empiezan a mirarse con otros ojos, descubren el valor de la empat\u00eda y todo empieza a cambiar.<br \/> Este cuento ayuda a prevenir el acoso escolar desde un enfoque emocional y colectivo, y propone herramientas para transformar el aula en un espacio m\u00e1s seguro y humano.<br \/> Temas que trabaja:<\/p>\n<p> Diversidad, empat\u00eda y respeto por las diferencias.<br \/> Prevenci\u00f3n del bullying y gesti\u00f3n de conflictos.<br \/> Participaci\u00f3n activa del grupo y corresponsabilidad.<br \/> Reconocimiento emocional y reparaci\u00f3n.<br \/> Din\u00e1micas inclusivas para casa o para el aula.<\/p>\n<p> \u00a0<br \/> Incluye tarjetas troqueladas con:<\/p>\n<p> Los personajes del cuento, sus fortalezas y mensajes clave.<br \/> Preguntas para reflexionar en familia o en grupo.<\/p>\n<p> \u00a0<br \/> Escrito por Luc\u00eda, mi pediatra, referente en bienestar f\u00edsico y emocional de la infancia.<\/p>\n","protected":false},"excerpt":{"rendered":"<p>LUC\u00cdA GAL\u00c1N BERTRAND<\/p>\n","protected":false},"featured_media":1095282,"template":"","meta":{"_acf_changed":false,"om_disable_all_campaigns":false,"rs_blank_template":"","rs_page_bg_color":"","slide_template_v7":"","inline_featured_image":false,"_monsterinsights_skip_tracking":false,"_monsterinsights_sitenote_active":false,"_monsterinsights_sitenote_note":"","_monsterinsights_sitenote_category":0},"product_brand":[],"product_cat":[131,361],"product_tag":[],"class_list":{"0":"post-1095281","1":"product","2":"type-product","3":"status-publish","4":"has-post-thumbnail","6":"product_cat-contes-per-infants-0-6-anys","7":"product_cat-cuentos-para-ninos-0-6-anos","9":"first","10":"instock","11":"taxable","12":"shipping-taxable","13":"purchasable","14":"product-type-simple"},"acf":{"autor":"LUC\u00cdA GAL\u00c1N BERTRAND","codart":"840831251","libros-coleccion":"","ediciones":"1","encuadernacion":"Carton\u00e9","fecha_de_publicacion":"01\/04\/2026","novedad":"1","paginas":"0","subtitulo":"UN CUENTO PARA LUCHAR CONTRA EL BULLYING","orden":"0","portada":"0","idioma":"spa","booktrailer":"","resenas":"","editorial":[{"ID":6233,"post_author":"3","post_date":"2022-07-28 17:47:48","post_date_gmt":"2022-07-28 15:47:48","post_content":"","post_title":"EDITORIAL PLANETA","post_excerpt":"","post_status":"publish","comment_status":"closed","ping_status":"closed","post_password":"","post_name":"editorial-planeta","to_ping":"","pinged":"","post_modified":"2022-07-28 17:47:48","post_modified_gmt":"2022-07-28 15:47:48","post_content_filtered":"","post_parent":0,"guid":"http:\/\/dev.claret.cat\/editorial\/editorial-planeta\/","menu_order":0,"post_type":"editorial","post_mime_type":"","comment_count":"0","filter":"raw"}]},"aioseo_notices":[],"_links":{"self":[{"href":"https:\/\/www.claret.cat\/es\/wp-json\/wp\/v2\/product\/1095281","targetHints":{"allow":["GET"]}}],"collection":[{"href":"https:\/\/www.claret.cat\/es\/wp-json\/wp\/v2\/product"}],"about":[{"href":"https:\/\/www.claret.cat\/es\/wp-json\/wp\/v2\/types\/product"}],"wp:featuredmedia":[{"embeddable":true,"href":"https:\/\/www.claret.cat\/es\/wp-json\/wp\/v2\/media\/1095282"}],"wp:attachment":[{"href":"https:\/\/www.claret.cat\/es\/wp-json\/wp\/v2\/media?parent=1095281"}],"wp:term":[{"taxonomy":"product_brand","embeddable":true,"href":"https:\/\/www.claret.cat\/es\/wp-json\/wp\/v2\/product_brand?post=1095281"},{"taxonomy":"product_cat","embeddable":true,"href":"https:\/\/www.claret.cat\/es\/wp-json\/wp\/v2\/product_cat?post=1095281"},{"taxonomy":"product_tag","embeddable":true,"href":"https:\/\/www.claret.cat\/es\/wp-json\/wp\/v2\/product_tag?post=1095281"}],"curies":[{"name":"wp","href":"https:\/\/api.w.org\/{rel}","templated":true}]}}