{"id":1095287,"date":"2026-04-07T17:25:17","date_gmt":"2026-04-07T15:25:17","guid":{"rendered":"https:\/\/www.claret.cat\/llibre\/tu-corazon-tiene-algo-que-decirte-9788408317241\/"},"modified":"2026-04-30T19:30:38","modified_gmt":"2026-04-30T17:30:38","slug":"tu-corazon-tiene-algo-que-decirte-9788408317241","status":"publish","type":"product","link":"https:\/\/www.claret.cat\/es\/libro\/tu-corazon-tiene-algo-que-decirte-9788408317241\/","title":{"rendered":"TU CORAZ\u00d3N TIENE ALGO QUE DECIRTE"},"content":{"rendered":"<p>TU CORAZ\u00d3N NO SOLO LATE: TAMBI\u00c9N ENV\u00cdA SE\u00d1ALES SOBRE TU SALUD QUE MUCHAS VECES PASAN DESAPERCIBIDAS.El insomnio que se repite, la fatiga que no desaparece, la irritabilidad sin motivo o la dificultad para concentrarte no son simples molestias\u2026 son se\u00f1ales. Se\u00f1ales de que tu cuerpo y tu coraz\u00f3n llevan tiempo pidi\u00e9ndote atenci\u00f3n antes de que aparezca la enfermedad.<br \/> El Dr. Aurelio Rojas, cardi\u00f3logo con experiencia cl\u00ednica y docente, ofrece en este libro una visi\u00f3n innovadora de la salud cardiovascular: el coraz\u00f3n no es solo una bomba que late, tambi\u00e9n refleja c\u00f3mo vives, c\u00f3mo gestionas el estr\u00e9s y c\u00f3mo cuidas tu energ\u00eda. Con un lenguaje claro y cercano, te invita a descubrir lo que ocurre en tu interior cuando el descanso no llega, el estr\u00e9s se cronifica o los h\u00e1bitos cotidianos rompen tu equilibrio natural.<br \/> Lejos de promesas r\u00e1pidas, este libro propone un camino realista y transformador: aprender a interpretar las se\u00f1ales de tu cuerpo y convertirlas en oportunidades de cambio. A trav\u00e9s de estrategias pr\u00e1cticas y h\u00e1bitos saludables, tendr\u00e1s en tus manos las herramientas clave para recuperar tu energ\u00eda, dormir mejor, regular el estr\u00e9s y proteger tu coraz\u00f3n de forma duradera.<br \/> En este libro encontrar\u00e1s:<br \/> &#8211; Las claves para entender c\u00f3mo el coraz\u00f3n est\u00e1 conectado con tu cerebro y c\u00f3mo podemos ganar en bienestar.<br \/> &#8211; Estrategias naturales para dormir mejor, mejorar tu metabolismo y reducir la inflamaci\u00f3n.<br \/> &#8211; T\u00e9cnicas de respiraci\u00f3n, neuroplasticidad emocional y activaci\u00f3n del nervio vago para calmar la mente y equilibrar el sistema nervioso.<br \/> &#8211; H\u00e1bitos sostenibles que fortalecen tu salud cardiovascular y prolongan tu bienestar a largo plazo.<\/p>\n","protected":false},"excerpt":{"rendered":"<p>DR. AURELIO ROJAS<\/p>\n","protected":false},"featured_media":1095411,"template":"","meta":{"_acf_changed":false,"om_disable_all_campaigns":false,"rs_blank_template":"","rs_page_bg_color":"","slide_template_v7":"","inline_featured_image":false,"_monsterinsights_skip_tracking":false,"_monsterinsights_sitenote_active":false,"_monsterinsights_sitenote_note":"","_monsterinsights_sitenote_category":0},"product_brand":[],"product_cat":[547,97],"product_tag":[],"class_list":{"0":"post-1095287","1":"product","2":"type-product","3":"status-publish","4":"has-post-thumbnail","6":"product_cat-salud","7":"product_cat-salut","9":"first","10":"instock","11":"taxable","12":"shipping-taxable","13":"purchasable","14":"product-type-simple"},"acf":{"autor":"DR. AURELIO ROJAS","codart":"840831724","libros-coleccion":"","ediciones":"1","encuadernacion":"R\u00fastica","fecha_de_publicacion":"01\/04\/2026","novedad":"1","paginas":"253","subtitulo":"C\u00d3MO ENTENDER LAS SE\u00d1ALES DE TU CUERPO PARA PREVENIR ENFERMEDADES, GANAR EN SALU","orden":"0","portada":"0","idioma":"spa","booktrailer":"","resenas":"","editorial":[{"ID":6233,"post_author":"3","post_date":"2022-07-28 17:47:48","post_date_gmt":"2022-07-28 15:47:48","post_content":"","post_title":"EDITORIAL PLANETA","post_excerpt":"","post_status":"publish","comment_status":"closed","ping_status":"closed","post_password":"","post_name":"editorial-planeta","to_ping":"","pinged":"","post_modified":"2022-07-28 17:47:48","post_modified_gmt":"2022-07-28 15:47:48","post_content_filtered":"","post_parent":0,"guid":"http:\/\/dev.claret.cat\/editorial\/editorial-planeta\/","menu_order":0,"post_type":"editorial","post_mime_type":"","comment_count":"0","filter":"raw"}]},"aioseo_notices":[],"_links":{"self":[{"href":"https:\/\/www.claret.cat\/es\/wp-json\/wp\/v2\/product\/1095287","targetHints":{"allow":["GET"]}}],"collection":[{"href":"https:\/\/www.claret.cat\/es\/wp-json\/wp\/v2\/product"}],"about":[{"href":"https:\/\/www.claret.cat\/es\/wp-json\/wp\/v2\/types\/product"}],"wp:featuredmedia":[{"embeddable":true,"href":"https:\/\/www.claret.cat\/es\/wp-json\/wp\/v2\/media\/1095411"}],"wp:attachment":[{"href":"https:\/\/www.claret.cat\/es\/wp-json\/wp\/v2\/media?parent=1095287"}],"wp:term":[{"taxonomy":"product_brand","embeddable":true,"href":"https:\/\/www.claret.cat\/es\/wp-json\/wp\/v2\/product_brand?post=1095287"},{"taxonomy":"product_cat","embeddable":true,"href":"https:\/\/www.claret.cat\/es\/wp-json\/wp\/v2\/product_cat?post=1095287"},{"taxonomy":"product_tag","embeddable":true,"href":"https:\/\/www.claret.cat\/es\/wp-json\/wp\/v2\/product_tag?post=1095287"}],"curies":[{"name":"wp","href":"https:\/\/api.w.org\/{rel}","templated":true}]}}