{"id":1095295,"date":"2026-04-07T17:26:02","date_gmt":"2026-04-07T15:26:02","guid":{"rendered":"https:\/\/www.claret.cat\/llibre\/el-club-del-olvido-9788408318200\/"},"modified":"2026-04-07T17:51:32","modified_gmt":"2026-04-07T15:51:32","slug":"el-club-del-olvido-9788408318200","status":"publish","type":"product","link":"https:\/\/www.claret.cat\/es\/libro\/el-club-del-olvido-9788408318200\/","title":{"rendered":"EL CLUB DEL OLVIDO"},"content":{"rendered":"<p>\u00abLo que pasa en El Club del Olvido se queda en el olvido\u00bb.\u00c9rase una vez una historia de amor y amistad.<br \/> Sobre cuatro chicos que estaban perdidos.<br \/> Y la chica que los encontr\u00f3.<br \/> Samuel, Abel, Max y Trist\u00e1n pasaron su infancia en el mismo barrio humilde de la ciudad. Y, ahora, juntos deciden abrir un local de copas: El Club del Olvido. La noche de la inauguraci\u00f3n no resulta ser como ninguno de ellos esperaba; al menos, hasta que Dalia cruza la puerta del club. La joven, que ha crecido entre algodones, aparece en sus vidas para no marcharse, y ninguno logra permanecer indiferente a su peculiar encanto. Entre noches gloriosas, brillos, c\u00f3cteles y m\u00fasica, las peque\u00f1as grietas abren viejas heridas y los silencios terminan por convertirse en secretos que podr\u00edan arrastrarlos al naufragio.<\/p>\n","protected":false},"excerpt":{"rendered":"<p>ALICE KELLEN<\/p>\n","protected":false},"featured_media":1095296,"template":"","meta":{"_acf_changed":false,"om_disable_all_campaigns":false,"rs_blank_template":"","rs_page_bg_color":"","slide_template_v7":"","inline_featured_image":false,"_monsterinsights_skip_tracking":false,"_monsterinsights_sitenote_active":false,"_monsterinsights_sitenote_note":"","_monsterinsights_sitenote_category":0},"product_brand":[],"product_cat":[127,357],"product_tag":[],"class_list":{"0":"post-1095295","1":"product","2":"type-product","3":"status-publish","4":"has-post-thumbnail","6":"product_cat-novella-contemporania","7":"product_cat-novela-contemporanea","9":"first","10":"instock","11":"taxable","12":"shipping-taxable","13":"purchasable","14":"product-type-simple"},"acf":{"autor":"ALICE KELLEN","codart":"840831820","libros-coleccion":"","ediciones":"1","encuadernacion":"R\u00fastica","fecha_de_publicacion":"01\/04\/2026","novedad":"1","paginas":"0","subtitulo":"","orden":"0","portada":"0","idioma":"spa","booktrailer":"","resenas":"","editorial":[{"ID":6233,"post_author":"3","post_date":"2022-07-28 17:47:48","post_date_gmt":"2022-07-28 15:47:48","post_content":"","post_title":"EDITORIAL PLANETA","post_excerpt":"","post_status":"publish","comment_status":"closed","ping_status":"closed","post_password":"","post_name":"editorial-planeta","to_ping":"","pinged":"","post_modified":"2022-07-28 17:47:48","post_modified_gmt":"2022-07-28 15:47:48","post_content_filtered":"","post_parent":0,"guid":"http:\/\/dev.claret.cat\/editorial\/editorial-planeta\/","menu_order":0,"post_type":"editorial","post_mime_type":"","comment_count":"0","filter":"raw"}]},"aioseo_notices":[],"_links":{"self":[{"href":"https:\/\/www.claret.cat\/es\/wp-json\/wp\/v2\/product\/1095295","targetHints":{"allow":["GET"]}}],"collection":[{"href":"https:\/\/www.claret.cat\/es\/wp-json\/wp\/v2\/product"}],"about":[{"href":"https:\/\/www.claret.cat\/es\/wp-json\/wp\/v2\/types\/product"}],"wp:featuredmedia":[{"embeddable":true,"href":"https:\/\/www.claret.cat\/es\/wp-json\/wp\/v2\/media\/1095296"}],"wp:attachment":[{"href":"https:\/\/www.claret.cat\/es\/wp-json\/wp\/v2\/media?parent=1095295"}],"wp:term":[{"taxonomy":"product_brand","embeddable":true,"href":"https:\/\/www.claret.cat\/es\/wp-json\/wp\/v2\/product_brand?post=1095295"},{"taxonomy":"product_cat","embeddable":true,"href":"https:\/\/www.claret.cat\/es\/wp-json\/wp\/v2\/product_cat?post=1095295"},{"taxonomy":"product_tag","embeddable":true,"href":"https:\/\/www.claret.cat\/es\/wp-json\/wp\/v2\/product_tag?post=1095295"}],"curies":[{"name":"wp","href":"https:\/\/api.w.org\/{rel}","templated":true}]}}