{"id":1095307,"date":"2026-04-07T17:27:13","date_gmt":"2026-04-07T15:27:13","guid":{"rendered":"https:\/\/www.claret.cat\/llibre\/los-crimenes-del-bosque-9788408318651\/"},"modified":"2026-04-23T18:00:20","modified_gmt":"2026-04-23T16:00:20","slug":"los-crimenes-del-bosque-9788408318651","status":"publish","type":"product","link":"https:\/\/www.claret.cat\/es\/libro\/los-crimenes-del-bosque-9788408318651\/","title":{"rendered":"LOS CR\u00cdMENES DEL BOSQUE"},"content":{"rendered":"<p><strong>Son los peores polic\u00edas<\/strong>, los marginados, los perdedores, los expulsados.<\/p>\n<p> <strong>Son la Unidad de Casos Perdidos<\/strong>.<\/p>\n<p> Y \u00fanicamente ellos son capaces de resolver los casos m\u00e1s complicados.<\/p>\n<p><strong>Descubre a la investigadora Leonore Asker<\/strong>.<\/p>\n<p>&nbsp;\u00ab<strong>Una novela negra que lo tiene todo<\/strong>\u00bb. Deckarlogg<\/p>\n<p>\u00ab\u00c9sta entrega supera incluso a la anterior: estamos ante <strong>una lectura adictiva<\/strong> que te mantendr\u00e1 atrapado hasta el final.\u00bb Verdens Gang<\/p>\n<p>&nbsp;\u00abUna serie bien hilvanada, muy \u00e1gil y sumamente original: lo tiene todo.\u00bb Deckarlogg<\/p>\n<p>&nbsp;\u00ab<strong>Anders de la Motte demuestra por qu\u00e9 es uno de los mejores escritores de novela negra<\/strong> de Suecia en este momento.\u00bb Verdens Gang<\/p>\n<p> Bienvenidos a la Unidad de Casos Perdidos<\/p>\n<p> <strong>La inspectora Leonore Asker<\/strong> ha comenzado a poner orden en la Unidad de Casos Perdidos y <strong>su ascenso parece inmediato<\/strong>. Decidido a impedirlo, <strong>el comisario Jonas Hellman la tienta con un antiguo caso sin resolver<\/strong>, convencido de que su dificultad la empujar\u00e1 a cruzar l\u00edmites y poner en riesgo su ascenso. El caso se remonta una d\u00e9cada atr\u00e1s: <strong>una mujer fue asesinada en una f\u00e1brica abandonada<\/strong> en medio del bosque, con un dedo amputado y <strong>una runa grabada<\/strong> en el suelo, <strong>la misma que acompa\u00f1aba el cuerpo de la Joven Gris<\/strong>, una legendaria momia asesinada y enterrada en ese bosque hace m\u00e1s de un milenio. Cuando una chica aparece de noche, desorientada y sosteniendo el dedo de la v\u00edctima, el caso se reabre. <strong>Con la ayuda de Martin Hill<\/strong>, Leo se adentrar\u00e1 en un enigma de ecos mitol\u00f3gicos que hunde sus ra\u00edces en la <strong>Edad de Hierro<\/strong> y en los secretos del <strong>inquietante Bosque de \u00d3xido<\/strong>. <\/p>\n<p><\/p>\n","protected":false},"excerpt":{"rendered":"<p>ANDERS DE LA MOTTE<\/p>\n","protected":false},"featured_media":1095639,"template":"","meta":{"_acf_changed":false,"om_disable_all_campaigns":false,"rs_blank_template":"","rs_page_bg_color":"","slide_template_v7":"","inline_featured_image":false,"_monsterinsights_skip_tracking":false,"_monsterinsights_sitenote_active":false,"_monsterinsights_sitenote_note":"","_monsterinsights_sitenote_category":0},"product_brand":[],"product_cat":[127,357],"product_tag":[],"class_list":{"0":"post-1095307","1":"product","2":"type-product","3":"status-publish","4":"has-post-thumbnail","6":"product_cat-novella-contemporania","7":"product_cat-novela-contemporanea","9":"first","10":"instock","11":"taxable","12":"shipping-taxable","13":"purchasable","14":"product-type-simple"},"acf":{"autor":"ANDERS DE LA MOTTE","codart":"840831865","libros-coleccion":"","ediciones":"1","encuadernacion":"R\u00fastica","fecha_de_publicacion":"01\/04\/2026","novedad":"1","paginas":"600","subtitulo":"","orden":"0","portada":"0","idioma":"spa","booktrailer":"","resenas":"","editorial":[{"ID":6233,"post_author":"3","post_date":"2022-07-28 17:47:48","post_date_gmt":"2022-07-28 15:47:48","post_content":"","post_title":"EDITORIAL PLANETA","post_excerpt":"","post_status":"publish","comment_status":"closed","ping_status":"closed","post_password":"","post_name":"editorial-planeta","to_ping":"","pinged":"","post_modified":"2022-07-28 17:47:48","post_modified_gmt":"2022-07-28 15:47:48","post_content_filtered":"","post_parent":0,"guid":"http:\/\/dev.claret.cat\/editorial\/editorial-planeta\/","menu_order":0,"post_type":"editorial","post_mime_type":"","comment_count":"0","filter":"raw"}]},"aioseo_notices":[],"_links":{"self":[{"href":"https:\/\/www.claret.cat\/es\/wp-json\/wp\/v2\/product\/1095307","targetHints":{"allow":["GET"]}}],"collection":[{"href":"https:\/\/www.claret.cat\/es\/wp-json\/wp\/v2\/product"}],"about":[{"href":"https:\/\/www.claret.cat\/es\/wp-json\/wp\/v2\/types\/product"}],"wp:featuredmedia":[{"embeddable":true,"href":"https:\/\/www.claret.cat\/es\/wp-json\/wp\/v2\/media\/1095639"}],"wp:attachment":[{"href":"https:\/\/www.claret.cat\/es\/wp-json\/wp\/v2\/media?parent=1095307"}],"wp:term":[{"taxonomy":"product_brand","embeddable":true,"href":"https:\/\/www.claret.cat\/es\/wp-json\/wp\/v2\/product_brand?post=1095307"},{"taxonomy":"product_cat","embeddable":true,"href":"https:\/\/www.claret.cat\/es\/wp-json\/wp\/v2\/product_cat?post=1095307"},{"taxonomy":"product_tag","embeddable":true,"href":"https:\/\/www.claret.cat\/es\/wp-json\/wp\/v2\/product_tag?post=1095307"}],"curies":[{"name":"wp","href":"https:\/\/api.w.org\/{rel}","templated":true}]}}