{"id":1095313,"date":"2026-04-07T17:27:41","date_gmt":"2026-04-07T15:27:41","guid":{"rendered":"https:\/\/www.claret.cat\/llibre\/sight-unseen-bajo-el-mismo-hechizo-9788408318729\/"},"modified":"2026-04-07T18:10:41","modified_gmt":"2026-04-07T16:10:41","slug":"sight-unseen-bajo-el-mismo-hechizo-9788408318729","status":"publish","type":"product","link":"https:\/\/www.claret.cat\/es\/libro\/sight-unseen-bajo-el-mismo-hechizo-9788408318729\/","title":{"rendered":"SIGHT UNSEEN. BAJO EL MISMO HECHIZO"},"content":{"rendered":"<p>Llega a Espa\u00f1a la novela m\u00e1s viral con millones de lectores.<br \/> Una maldici\u00f3n devastadora. Un rastro de lirios m\u00e1gicos. Un amor que podr\u00eda acabar con todo.<br \/> Veda Thorne ha dejado de luchar contra lo inevitable. Tras probado todas las curas posibles para la maldici\u00f3n mortal que lleva dentro, ha aceptado su destino. Pero aislarse del mundo deja de ser una opci\u00f3n cuando le encargan convertirse en la tutora de Antaris, un ni\u00f1o que carga con una pena que refleja la de ella.<br \/> Hiram Ellis dej\u00f3 atr\u00e1s hace a\u00f1os a su adinerada y prejuiciosa familia. Ahora, tras convertirse inesperadamente en padre soltero, regresa a su ciudad natal decidido a construir una vida lejos de los fr\u00edos privilegios que sofocaron su infancia. Lo \u00faltimo que espera es sentirse atra\u00eddo por la mujer con un fiero instinto protector y de lengua afilada que, adem\u00e1s, est\u00e1 ayudando a su hijo.<br \/> Ambos se ver\u00e1n obligados a dejar de lado sus diferencias cuando un rastro de lirios ara\u00f1a hechizados los ponga sobre la pista de un prol\u00edfico asesino en serie y, juntos, tendr\u00e1n que desenterrar secretos que han permanecido ocultos durante demasiado tiempo. Pero la verdad es tan letal y devastadora como la maldici\u00f3n de Veda, y a medida que aumentan las v\u00edctimas, se enfrentar\u00e1n al mayor desaf\u00edo: confiar en el otro y dejarse llevar por los sentimientos que han surgido entre ellos.<br \/> ? Slow burn<br \/> ? Un misterio por resolver<br \/> ? Un sistema de magia fascinante<br \/> \u00abHe devorado cada p\u00e1gina\u00bb. Julie Soto, autora de Rose in Chains<\/p>\n","protected":false},"excerpt":{"rendered":"<p>ALEXIS MARIE<\/p>\n","protected":false},"featured_media":1095431,"template":"","meta":{"_acf_changed":false,"om_disable_all_campaigns":false,"rs_blank_template":"","rs_page_bg_color":"","slide_template_v7":"","inline_featured_image":false,"_monsterinsights_skip_tracking":false,"_monsterinsights_sitenote_active":false,"_monsterinsights_sitenote_note":"","_monsterinsights_sitenote_category":0},"product_brand":[],"product_cat":[133,566,117,363],"product_tag":[],"class_list":{"0":"post-1095313","1":"product","2":"type-product","3":"status-publish","4":"has-post-thumbnail","6":"product_cat-lectures-per-adolescents-12-18-anys","7":"product_cat-juvenil-3_infantil-juvenil-spa-spa","8":"product_cat-juvenil","9":"product_cat-lecturas-por-adolescentes-12-18-anos","11":"first","12":"instock","13":"taxable","14":"shipping-taxable","15":"purchasable","16":"product-type-simple"},"acf":{"autor":"ALEXIS MARIE","codart":"840831872","libros-coleccion":"","ediciones":"1","encuadernacion":"Carton\u00e9","fecha_de_publicacion":"01\/04\/2026","novedad":"1","paginas":"0","subtitulo":"EDICI\u00d3N CON CANTOS TINTADOS","orden":"0","portada":"0","idioma":"spa","booktrailer":"","resenas":"","editorial":[{"ID":6233,"post_author":"3","post_date":"2022-07-28 17:47:48","post_date_gmt":"2022-07-28 15:47:48","post_content":"","post_title":"EDITORIAL PLANETA","post_excerpt":"","post_status":"publish","comment_status":"closed","ping_status":"closed","post_password":"","post_name":"editorial-planeta","to_ping":"","pinged":"","post_modified":"2022-07-28 17:47:48","post_modified_gmt":"2022-07-28 15:47:48","post_content_filtered":"","post_parent":0,"guid":"http:\/\/dev.claret.cat\/editorial\/editorial-planeta\/","menu_order":0,"post_type":"editorial","post_mime_type":"","comment_count":"0","filter":"raw"}]},"aioseo_notices":[],"_links":{"self":[{"href":"https:\/\/www.claret.cat\/es\/wp-json\/wp\/v2\/product\/1095313","targetHints":{"allow":["GET"]}}],"collection":[{"href":"https:\/\/www.claret.cat\/es\/wp-json\/wp\/v2\/product"}],"about":[{"href":"https:\/\/www.claret.cat\/es\/wp-json\/wp\/v2\/types\/product"}],"wp:featuredmedia":[{"embeddable":true,"href":"https:\/\/www.claret.cat\/es\/wp-json\/wp\/v2\/media\/1095431"}],"wp:attachment":[{"href":"https:\/\/www.claret.cat\/es\/wp-json\/wp\/v2\/media?parent=1095313"}],"wp:term":[{"taxonomy":"product_brand","embeddable":true,"href":"https:\/\/www.claret.cat\/es\/wp-json\/wp\/v2\/product_brand?post=1095313"},{"taxonomy":"product_cat","embeddable":true,"href":"https:\/\/www.claret.cat\/es\/wp-json\/wp\/v2\/product_cat?post=1095313"},{"taxonomy":"product_tag","embeddable":true,"href":"https:\/\/www.claret.cat\/es\/wp-json\/wp\/v2\/product_tag?post=1095313"}],"curies":[{"name":"wp","href":"https:\/\/api.w.org\/{rel}","templated":true}]}}