{"id":1095338,"date":"2026-04-07T17:32:23","date_gmt":"2026-04-07T15:32:23","guid":{"rendered":"https:\/\/www.claret.cat\/llibre\/la-intriga-del-funeral-inconveniente-9788432249747\/"},"modified":"2026-04-13T18:20:44","modified_gmt":"2026-04-13T16:20:44","slug":"la-intriga-del-funeral-inconveniente-9788432249747","status":"publish","type":"product","link":"https:\/\/www.claret.cat\/es\/libro\/la-intriga-del-funeral-inconveniente-9788432249747\/","title":{"rendered":"LA INTRIGA DEL FUNERAL INCONVENIENTE"},"content":{"rendered":"<p><strong>Regresa Eduardo Mendoza <\/strong>con un nuevo caso del <strong>detective sin nombre<\/strong>, el investigador m\u00e1s entretenido de la literatura espa\u00f1ola. La <strong>breve cr\u00f3nica de un funeral insignificante<\/strong> en un diario local ocasiona el despido del periodista novato que la escribe. Sin saberlo, <strong>Ramoncito Valenzuela<\/strong> ha provocado una reacci\u00f3n en cadena que desemboca en <strong>la investigaci\u00f3n de una trama financiera de alto nivel <\/strong>y en una conspiraci\u00f3n de consecuencias desproporcionadas.<\/p>\n<p>Despu\u00e9s de once a\u00f1os de altibajos y otras vicisitudes, el detective sin nombre de <em>El misterio de la cripta embrujada<\/em>, <em>El laberinto de las aceitunas<\/em>, <em>La aventura del tocador de se\u00f1oras, El enredo de la bolsa y la vida<\/em> y <em>El secreto de la modelo extraviada<\/em> se ve envuelto una vez m\u00e1s en un caso que empieza como un incidente menor y termina revelando <strong>una intrincada red de suplantaciones<\/strong>, enga\u00f1os y chapuzas criminales.<\/p>\n<p><strong>Eduardo Mendoza <\/strong>vuelve a desplegar en <em>La intriga del funeral inconveniente<\/em> <strong>su inconfundible mezcla de absurdo, s\u00e1tira y lucidez moral<\/strong> para ofrecer una disparatada trama detectivesca donde el misterio reside en comprender por qu\u00e9 <strong>nadie desea que la verdad salga a la luz<\/strong> y en la que la ciudad de <strong>Barcelona es de nuevo el escenario privilegiado de una comedia humana<\/strong> tan hilarante como implacable.<\/p>\n<p><\/p>\n<p><a href='https:\/\/www.claret.cat\/es\/catalogo\/?b=mendoza' rel='noopener noreferrer' target='_blank'><strong>Todos los libros de Eduardo Mendoza, con descuento aqu\u00ed<\/strong><\/a><\/p>\n","protected":false},"excerpt":{"rendered":"<p>EDUARDO MENDOZA<\/p>\n","protected":false},"featured_media":1096547,"template":"","meta":{"_acf_changed":false,"om_disable_all_campaigns":false,"rs_blank_template":"","rs_page_bg_color":"","slide_template_v7":"","inline_featured_image":false,"_monsterinsights_skip_tracking":false,"_monsterinsights_sitenote_active":false,"_monsterinsights_sitenote_note":"","_monsterinsights_sitenote_category":0},"product_brand":[],"product_cat":[127,357],"product_tag":[],"class_list":{"0":"post-1095338","1":"product","2":"type-product","3":"status-publish","4":"has-post-thumbnail","6":"product_cat-novella-contemporania","7":"product_cat-novela-contemporanea","9":"first","10":"instock","11":"taxable","12":"shipping-taxable","13":"purchasable","14":"product-type-simple"},"acf":{"autor":"EDUARDO MENDOZA","codart":"843224974","libros-coleccion":"","ediciones":"1","encuadernacion":"R\u00fastica","fecha_de_publicacion":"01\/04\/2026","novedad":"1","paginas":"252","subtitulo":"","orden":"0","portada":"1","idioma":"spa","booktrailer":"","resenas":"","editorial":[{"ID":6361,"post_author":"3","post_date":"2022-07-28 17:50:32","post_date_gmt":"2022-07-28 15:50:32","post_content":"","post_title":"SEIX BARRAL, EDICIONES","post_excerpt":"","post_status":"publish","comment_status":"closed","ping_status":"closed","post_password":"","post_name":"seix-barral-ediciones","to_ping":"","pinged":"","post_modified":"2022-07-28 17:50:32","post_modified_gmt":"2022-07-28 15:50:32","post_content_filtered":"","post_parent":0,"guid":"http:\/\/dev.claret.cat\/editorial\/seix-barral-ediciones\/","menu_order":0,"post_type":"editorial","post_mime_type":"","comment_count":"0","filter":"raw"}],"linkebook":"","ficha":"","muestra":"","precioebook":"0","presentacion":""},"aioseo_notices":[],"_links":{"self":[{"href":"https:\/\/www.claret.cat\/es\/wp-json\/wp\/v2\/product\/1095338","targetHints":{"allow":["GET"]}}],"collection":[{"href":"https:\/\/www.claret.cat\/es\/wp-json\/wp\/v2\/product"}],"about":[{"href":"https:\/\/www.claret.cat\/es\/wp-json\/wp\/v2\/types\/product"}],"wp:featuredmedia":[{"embeddable":true,"href":"https:\/\/www.claret.cat\/es\/wp-json\/wp\/v2\/media\/1096547"}],"wp:attachment":[{"href":"https:\/\/www.claret.cat\/es\/wp-json\/wp\/v2\/media?parent=1095338"}],"wp:term":[{"taxonomy":"product_brand","embeddable":true,"href":"https:\/\/www.claret.cat\/es\/wp-json\/wp\/v2\/product_brand?post=1095338"},{"taxonomy":"product_cat","embeddable":true,"href":"https:\/\/www.claret.cat\/es\/wp-json\/wp\/v2\/product_cat?post=1095338"},{"taxonomy":"product_tag","embeddable":true,"href":"https:\/\/www.claret.cat\/es\/wp-json\/wp\/v2\/product_tag?post=1095338"}],"curies":[{"name":"wp","href":"https:\/\/api.w.org\/{rel}","templated":true}]}}