{"id":1095360,"date":"2026-04-07T17:35:45","date_gmt":"2026-04-07T15:35:45","guid":{"rendered":"https:\/\/www.claret.cat\/llibre\/thomas-helder-9788432249631\/"},"modified":"2026-04-08T10:40:21","modified_gmt":"2026-04-08T08:40:21","slug":"thomas-helder-9788432249631","status":"publish","type":"product","link":"https:\/\/www.claret.cat\/es\/libro\/thomas-helder-9788432249631\/","title":{"rendered":"THOMAS HELDER"},"content":{"rendered":"<p><strong>\u00danicamente al dejar de huir podr\u00e1s curar las heridas del pasado<\/strong>. Margaux se presenta en el entierro de un amigo de la ni\u00f1ez, <strong>Thomas Helder, a\u00f1os despu\u00e9s de abandonar a los suyos<\/strong> sin dar una explicaci\u00f3n. En la casa familiar de Thomas, en plena campi\u00f1a occitana, resurgen con fuerza los recuerdos de su pasado en \u00c1msterdam y de <strong>ese rinc\u00f3n de Francia en el que crecieron, se amaron y, a veces, se mintieron<\/strong>. A medida que avanza la velada, Margaux se enfrenta a la evidencia de que <strong>para seguir debe cerrar las cuentas pendientes<\/strong>.<\/p>\n<p>&nbsp;A trav\u00e9s de un reducido grupo de personajes y durante una noche que lo cambiar\u00e1 todo, <strong>Muriel Barbery<\/strong> construye un retrato v\u00edvido, cargado de sensibilidad y sabidur\u00eda, de c\u00f3mo <strong>la amistad se convierte en un poderoso salvavidas<\/strong> cuando atravesamos momentos complicados.<\/p>\n<p> De <strong>una elegancia y un estilo narrativo \u00fanicos<\/strong> en el panorama literario europeo, Barbery despliega aqu\u00ed \u00abuna emocionante meditaci\u00f3n sobre lo que separa y une a los vivos y a los muertos, el amor y la amistad, la inocencia y la corrupci\u00f3n\u00bb&nbsp;(<strong>Madame Figaro<\/strong>)&nbsp;en \u00ab<strong>un libro lleno de sensaciones<\/strong>, reflexi\u00f3n y gran belleza\u00bb&nbsp;(RTL)&nbsp;que resulta \u00abcautivador de principio a fin\u00bb&nbsp;(<strong>Marie France<\/strong>).<\/p>\n","protected":false},"excerpt":{"rendered":"<p>MURIEL BARBERY<\/p>\n","protected":false},"featured_media":1095516,"template":"","meta":{"_acf_changed":false,"om_disable_all_campaigns":false,"rs_blank_template":"","rs_page_bg_color":"","slide_template_v7":"","inline_featured_image":false,"_monsterinsights_skip_tracking":false,"_monsterinsights_sitenote_active":false,"_monsterinsights_sitenote_note":"","_monsterinsights_sitenote_category":0},"product_brand":[],"product_cat":[127,357],"product_tag":[],"class_list":{"0":"post-1095360","1":"product","2":"type-product","3":"status-publish","4":"has-post-thumbnail","6":"product_cat-novella-contemporania","7":"product_cat-novela-contemporanea","9":"first","10":"instock","11":"taxable","12":"shipping-taxable","13":"purchasable","14":"product-type-simple"},"acf":{"autor":"MURIEL BARBERY","codart":"843224963","libros-coleccion":"","ediciones":"1","encuadernacion":"R\u00fastica","fecha_de_publicacion":"01\/04\/2026","novedad":"1","paginas":"224","subtitulo":"","orden":"0","portada":"0","idioma":"spa","booktrailer":"","resenas":"","editorial":[{"ID":6361,"post_author":"3","post_date":"2022-07-28 17:50:32","post_date_gmt":"2022-07-28 15:50:32","post_content":"","post_title":"SEIX BARRAL, EDICIONES","post_excerpt":"","post_status":"publish","comment_status":"closed","ping_status":"closed","post_password":"","post_name":"seix-barral-ediciones","to_ping":"","pinged":"","post_modified":"2022-07-28 17:50:32","post_modified_gmt":"2022-07-28 15:50:32","post_content_filtered":"","post_parent":0,"guid":"http:\/\/dev.claret.cat\/editorial\/seix-barral-ediciones\/","menu_order":0,"post_type":"editorial","post_mime_type":"","comment_count":"0","filter":"raw"}]},"aioseo_notices":[],"_links":{"self":[{"href":"https:\/\/www.claret.cat\/es\/wp-json\/wp\/v2\/product\/1095360","targetHints":{"allow":["GET"]}}],"collection":[{"href":"https:\/\/www.claret.cat\/es\/wp-json\/wp\/v2\/product"}],"about":[{"href":"https:\/\/www.claret.cat\/es\/wp-json\/wp\/v2\/types\/product"}],"wp:featuredmedia":[{"embeddable":true,"href":"https:\/\/www.claret.cat\/es\/wp-json\/wp\/v2\/media\/1095516"}],"wp:attachment":[{"href":"https:\/\/www.claret.cat\/es\/wp-json\/wp\/v2\/media?parent=1095360"}],"wp:term":[{"taxonomy":"product_brand","embeddable":true,"href":"https:\/\/www.claret.cat\/es\/wp-json\/wp\/v2\/product_brand?post=1095360"},{"taxonomy":"product_cat","embeddable":true,"href":"https:\/\/www.claret.cat\/es\/wp-json\/wp\/v2\/product_cat?post=1095360"},{"taxonomy":"product_tag","embeddable":true,"href":"https:\/\/www.claret.cat\/es\/wp-json\/wp\/v2\/product_tag?post=1095360"}],"curies":[{"name":"wp","href":"https:\/\/api.w.org\/{rel}","templated":true}]}}