{"id":1095375,"date":"2026-04-07T17:41:00","date_gmt":"2026-04-07T15:41:00","guid":{"rendered":"https:\/\/www.claret.cat\/llibre\/homo-imperfectus-9788467080940\/"},"modified":"2026-04-21T18:25:24","modified_gmt":"2026-04-21T16:25:24","slug":"homo-imperfectus-9788467080940","status":"publish","type":"product","link":"https:\/\/www.claret.cat\/es\/libro\/homo-imperfectus-9788467080940\/","title":{"rendered":"HOMO IMPERFECTUS"},"content":{"rendered":"<p>Detr\u00e1s de cada avance m\u00e9dico hay un hueso roto, una mutaci\u00f3n improbable o, simplemente, un ser humano intentando sobrevivir.\u00bfPor qu\u00e9 somos el \u00fanico primate que bebe leche en la edad adulta? \u00bfCu\u00e1l es la raz\u00f3n por la que hemos sobrevivido a pandemias que deber\u00edan habernos extinguido?\u00a0\u00bfSab\u00edas que las abuelas son cruciales para la supervivencia humana? \u00bfO que Romeo y Julieta fueron incapaces de renunciar a su amor por culpa del olfato?<br \/> Todo en nuestro cuerpo \u2014lo que funciona y lo que falla\u2014 tiene una explicaci\u00f3n brillante, absurda o dolorosamente l\u00f3gica. Homo imperfectus es el manual de instrucciones que la evoluci\u00f3n olvid\u00f3 dejarnos: un viaje por la biolog\u00eda, la medicina y las improvisaciones que nos hicieron humanos.<br \/> Con una mirada rigurosa, divertida e irreverente, In\u00e9s Moreno S\u00e1nchez (@latraumatologageek), retrata al animal m\u00e1s improbable del planeta y nos recuerda algo esencial: somos un milagro\u2026 pero uno lleno de chapuzas.<\/p>\n","protected":false},"excerpt":{"rendered":"<p>IN\u00c9S MORENO S\u00c1NCHEZ @LATRAUMATOLOGAGEEK<\/p>\n","protected":false},"featured_media":1095440,"template":"","meta":{"_acf_changed":false,"om_disable_all_campaigns":false,"rs_blank_template":"","rs_page_bg_color":"","slide_template_v7":"","inline_featured_image":false,"_monsterinsights_skip_tracking":false,"_monsterinsights_sitenote_active":false,"_monsterinsights_sitenote_note":"","_monsterinsights_sitenote_category":0},"product_brand":[],"product_cat":[373,166],"product_tag":[],"class_list":{"0":"post-1095375","1":"product","2":"type-product","3":"status-publish","4":"has-post-thumbnail","6":"product_cat-autores","7":"product_cat-autors-filosofia","9":"first","10":"instock","11":"taxable","12":"shipping-taxable","13":"purchasable","14":"product-type-simple"},"acf":{"autor":"IN\u00c9S MORENO S\u00c1NCHEZ @LATRAUMATOLOGAGEEK","codart":"846708094","libros-coleccion":"","ediciones":"1","encuadernacion":"R\u00fastica","fecha_de_publicacion":"01\/04\/2026","novedad":"1","paginas":"219","subtitulo":"C\u00d3MO HEMOS SABOTEADO MILLONES DE A\u00d1OS DE EVOLUCI\u00d3N","orden":"0","portada":"0","idioma":"spa","booktrailer":"","resenas":"","editorial":[{"ID":6247,"post_author":"3","post_date":"2022-07-28 17:48:06","post_date_gmt":"2022-07-28 15:48:06","post_content":"","post_title":"ESPASA, EDITORIAL","post_excerpt":"","post_status":"publish","comment_status":"closed","ping_status":"closed","post_password":"","post_name":"espasa-editorial","to_ping":"","pinged":"","post_modified":"2022-07-28 17:48:06","post_modified_gmt":"2022-07-28 15:48:06","post_content_filtered":"","post_parent":0,"guid":"http:\/\/dev.claret.cat\/editorial\/espasa-editorial\/","menu_order":0,"post_type":"editorial","post_mime_type":"","comment_count":"0","filter":"raw"}]},"aioseo_notices":[],"_links":{"self":[{"href":"https:\/\/www.claret.cat\/es\/wp-json\/wp\/v2\/product\/1095375","targetHints":{"allow":["GET"]}}],"collection":[{"href":"https:\/\/www.claret.cat\/es\/wp-json\/wp\/v2\/product"}],"about":[{"href":"https:\/\/www.claret.cat\/es\/wp-json\/wp\/v2\/types\/product"}],"wp:featuredmedia":[{"embeddable":true,"href":"https:\/\/www.claret.cat\/es\/wp-json\/wp\/v2\/media\/1095440"}],"wp:attachment":[{"href":"https:\/\/www.claret.cat\/es\/wp-json\/wp\/v2\/media?parent=1095375"}],"wp:term":[{"taxonomy":"product_brand","embeddable":true,"href":"https:\/\/www.claret.cat\/es\/wp-json\/wp\/v2\/product_brand?post=1095375"},{"taxonomy":"product_cat","embeddable":true,"href":"https:\/\/www.claret.cat\/es\/wp-json\/wp\/v2\/product_cat?post=1095375"},{"taxonomy":"product_tag","embeddable":true,"href":"https:\/\/www.claret.cat\/es\/wp-json\/wp\/v2\/product_tag?post=1095375"}],"curies":[{"name":"wp","href":"https:\/\/api.w.org\/{rel}","templated":true}]}}