{"id":1095381,"date":"2026-04-07T17:42:08","date_gmt":"2026-04-07T15:42:08","guid":{"rendered":"https:\/\/www.claret.cat\/llibre\/ovni-9791387667566\/"},"modified":"2026-04-07T18:00:34","modified_gmt":"2026-04-07T16:00:34","slug":"ovni-9791387667566","status":"publish","type":"product","link":"https:\/\/www.claret.cat\/es\/libro\/ovni-9791387667566\/","title":{"rendered":"OVNI"},"content":{"rendered":"<p>Este libro nace a partir del caso OVNI m\u00e1s extraordinario ocurrido en Espa\u00f1a. Encontrar\u00e1s testimonios de pilotos, controladores a\u00e9reos, radaristas, polic\u00edas, pol\u00edticos, astr\u00f3nomos, meteor\u00f3logos e incluso astronautas.En 1993, Carballal inici\u00f3 la investigaci\u00f3n de un caso OVNI protagonizado por un teniente general del Ej\u00e9rcito del Aire \u2014poseedor del r\u00e9cord de horas de vuelo en aviones de combate\u2014 y Director del Gabinete T\u00e9cnico del Ministerio de Defensa durante los mandatos de Federico Trillo, Jos\u00e9 Bono, Jos\u00e9 Antonio Alonso y Carme Chac\u00f3n. En 2024, tras d\u00e9cadas de silencio, ese militar decidi\u00f3 hablar, marcando el cierre de una investigaci\u00f3n que abarc\u00f3 m\u00e1s de treinta a\u00f1os. Durante ese tiempo, el autor recopil\u00f3 m\u00e1s de 1.500 casos OVNI protagonizados por pilotos, controladores a\u00e9reos y radaristas. En este libro se presentan los m\u00e1s desconcertantes.<br \/> Te sorprender\u00e1n los actores, escritores, cantantes, periodistas, intelectuales y presentadores \u2014todos muy conocidos\u2014 que tambi\u00e9n han sido testigos de fen\u00f3menos OVNI.<br \/> \u00bfSab\u00edas que al menos tres presidentes de Estados Unidos, y de otros pa\u00edses, tambi\u00e9n han presenciado OVNIs? \u00bfQue la Casa Real espa\u00f1ola ha estado implicada en la desclasificaci\u00f3n de los expedientes OVNI del Ej\u00e9rcito del Aire? \u00bfY que pol\u00edticos de partidos como el PSOE, PP, Izquierda Unida, UCD o PNV han llevado el tema al Congreso de los Diputados y al Senado?<br \/> En los \u00faltimos a\u00f1os, el Pent\u00e1gono, la NASA, el Senado de Brasil y el de Jap\u00f3n, la Academia de Ciencias de Francia y numerosas universidades han creado comisiones oficiales para investigar los fen\u00f3menos OVNI, hoy denominados UAPs. Sus conclusiones son coincidentes\u2026 y asombrosas.<br \/> Estas son las historias desconocidas de los testigos perfectos de un enigma que el Dr. James McDonall defini\u00f3 como \u00abel problema n\u00famero uno de la ciencia moderna\u00bb.<\/p>\n","protected":false},"excerpt":{"rendered":"<p>MANUEL CARBALLAL<\/p>\n","protected":false},"featured_media":1095401,"template":"","meta":{"_acf_changed":false,"om_disable_all_campaigns":false,"rs_blank_template":"","rs_page_bg_color":"","slide_template_v7":"","inline_featured_image":false,"_monsterinsights_skip_tracking":false,"_monsterinsights_sitenote_active":false,"_monsterinsights_sitenote_note":"","_monsterinsights_sitenote_category":0},"product_brand":[],"product_cat":[90,540],"product_tag":[],"class_list":{"0":"post-1095381","1":"product","2":"type-product","3":"status-publish","4":"has-post-thumbnail","6":"product_cat-altres","7":"product_cat-otros","9":"first","10":"instock","11":"taxable","12":"shipping-taxable","13":"purchasable","14":"product-type-simple"},"acf":{"autor":"MANUEL CARBALLAL","codart":"138766756","libros-coleccion":"","ediciones":"1","encuadernacion":"R\u00fastica","fecha_de_publicacion":"01\/04\/2026","novedad":"1","paginas":"454","subtitulo":"LOS TESTIGOS PERFECTOS","orden":"0","portada":"0","idioma":"spa","booktrailer":"","resenas":"","editorial":[{"ID":148473,"post_author":"3","post_date":"2022-10-14 11:58:31","post_date_gmt":"2022-10-14 09:58:31","post_content":"","post_title":"Luci\u00e9rnaga CAS","post_excerpt":"","post_status":"publish","comment_status":"closed","ping_status":"closed","post_password":"","post_name":"luciernaga-cas","to_ping":"","pinged":"","post_modified":"2022-10-14 11:58:31","post_modified_gmt":"2022-10-14 09:58:31","post_content_filtered":"","post_parent":0,"guid":"http:\/\/dev.claret.cat\/editorial\/luciernaga-cas\/","menu_order":0,"post_type":"editorial","post_mime_type":"","comment_count":"0","filter":"raw"}]},"aioseo_notices":[],"_links":{"self":[{"href":"https:\/\/www.claret.cat\/es\/wp-json\/wp\/v2\/product\/1095381","targetHints":{"allow":["GET"]}}],"collection":[{"href":"https:\/\/www.claret.cat\/es\/wp-json\/wp\/v2\/product"}],"about":[{"href":"https:\/\/www.claret.cat\/es\/wp-json\/wp\/v2\/types\/product"}],"wp:featuredmedia":[{"embeddable":true,"href":"https:\/\/www.claret.cat\/es\/wp-json\/wp\/v2\/media\/1095401"}],"wp:attachment":[{"href":"https:\/\/www.claret.cat\/es\/wp-json\/wp\/v2\/media?parent=1095381"}],"wp:term":[{"taxonomy":"product_brand","embeddable":true,"href":"https:\/\/www.claret.cat\/es\/wp-json\/wp\/v2\/product_brand?post=1095381"},{"taxonomy":"product_cat","embeddable":true,"href":"https:\/\/www.claret.cat\/es\/wp-json\/wp\/v2\/product_cat?post=1095381"},{"taxonomy":"product_tag","embeddable":true,"href":"https:\/\/www.claret.cat\/es\/wp-json\/wp\/v2\/product_tag?post=1095381"}],"curies":[{"name":"wp","href":"https:\/\/api.w.org\/{rel}","templated":true}]}}